{"id":8512,"date":"2024-02-13T12:13:16","date_gmt":"2024-02-13T12:13:16","guid":{"rendered":"https:\/\/ferrodex.com\/luisferrodexart\/?post_type=product&#038;p=8512"},"modified":"2024-02-13T12:29:02","modified_gmt":"2024-02-13T12:29:02","slug":"virgen-maria-i","status":"publish","type":"product","link":"https:\/\/ferrodex.com\/luisferrodexart\/producto\/virgen-maria-i\/","title":{"rendered":"VIRGEN MAR\u00cdA I"},"content":{"rendered":"<p>[:es]Obra de restauraci\u00f3n de imagen de la cara de la Virgen Mar\u00eda en escayola[:en]Obra de restauraci\u00f3n de percha antigua de madera.[:]<\/p>\n","protected":false},"excerpt":{"rendered":"<p>[:es]Acr\u00edlicos sobre escayola.<br \/>\n36 cms X 17 cms x 7 cms<br \/>\nA\u00f1o 2024.[:en]Acr\u00edlicos sobre madera y acabado en barniz.<br \/>\n18 CMS X 5O CMS.<br \/>\nA\u00f1o 2020.[:]<\/p>\n","protected":false},"featured_media":8505,"comment_status":"open","ping_status":"closed","template":"","meta":{"_et_pb_use_builder":"","_et_pb_old_content":"","_et_gb_content_width":"","ngg_post_thumbnail":0},"product_brand":[],"product_cat":[41],"product_tag":[],"class_list":{"0":"post-8512","1":"product","2":"type-product","3":"status-publish","4":"has-post-thumbnail","6":"product_cat-restauraciones","8":"first","9":"instock","10":"taxable","11":"shipping-taxable","12":"purchasable","13":"product-type-simple"},"_links":{"self":[{"href":"https:\/\/ferrodex.com\/luisferrodexart\/wp-json\/wp\/v2\/product\/8512","targetHints":{"allow":["GET"]}}],"collection":[{"href":"https:\/\/ferrodex.com\/luisferrodexart\/wp-json\/wp\/v2\/product"}],"about":[{"href":"https:\/\/ferrodex.com\/luisferrodexart\/wp-json\/wp\/v2\/types\/product"}],"replies":[{"embeddable":true,"href":"https:\/\/ferrodex.com\/luisferrodexart\/wp-json\/wp\/v2\/comments?post=8512"}],"wp:featuredmedia":[{"embeddable":true,"href":"https:\/\/ferrodex.com\/luisferrodexart\/wp-json\/wp\/v2\/media\/8505"}],"wp:attachment":[{"href":"https:\/\/ferrodex.com\/luisferrodexart\/wp-json\/wp\/v2\/media?parent=8512"}],"wp:term":[{"taxonomy":"product_brand","embeddable":true,"href":"https:\/\/ferrodex.com\/luisferrodexart\/wp-json\/wp\/v2\/product_brand?post=8512"},{"taxonomy":"product_cat","embeddable":true,"href":"https:\/\/ferrodex.com\/luisferrodexart\/wp-json\/wp\/v2\/product_cat?post=8512"},{"taxonomy":"product_tag","embeddable":true,"href":"https:\/\/ferrodex.com\/luisferrodexart\/wp-json\/wp\/v2\/product_tag?post=8512"}],"curies":[{"name":"wp","href":"https:\/\/api.w.org\/{rel}","templated":true}]}}