{"id":8463,"date":"2022-09-15T11:14:37","date_gmt":"2022-09-15T11:14:37","guid":{"rendered":"https:\/\/ferrodex.com\/luisferrodexart\/?post_type=product&#038;p=8463"},"modified":"2022-09-15T11:31:08","modified_gmt":"2022-09-15T11:31:08","slug":"no-disponible-un-pedazo-de-campo-de-margaritas","status":"publish","type":"product","link":"https:\/\/ferrodex.com\/luisferrodexart\/producto\/no-disponible-un-pedazo-de-campo-de-margaritas\/","title":{"rendered":"no disponible!!! UN PEDAZO DE CAMPO DE MARGARITAS"},"content":{"rendered":"<p>[:es]<\/p>\n<div class=\"m8h3af8h l7ghb35v kjdc1dyq kmwttqpk gh25dzvf n3t5jt4f\">\n<div dir=\"auto\">\n<div class=\"m8h3af8h l7ghb35v kjdc1dyq kmwttqpk gh25dzvf n3t5jt4f\">\n<div dir=\"auto\">Te regalo sue\u00f1os. D\u00edas sin noches. Campos de esperanza. Descanso. Paz. Deshojando margaritas. Me quiere. No me quiere. El oto\u00f1o viene suspirando mil aromas.<\/div>\n<\/div>\n<\/div>\n<\/div>\n<p>[:en][:e\n<\/p><\/div>\n<\/div>\n<p>[:]<\/p>\n","protected":false},"excerpt":{"rendered":"<p>[:es]<\/p>\n<div dir=\"auto\">\n<div dir=\"auto\">Acr\u00edlicos y materiales sobre lienzo.<\/div>\n<div dir=\"auto\">Tama\u00f1o 50&#215;60 cms.<\/div>\n<div dir=\"auto\">A\u00f1o 2022.<\/div>\n<\/div>\n<p>[:en]<\/p>\n<div dir=\"auto\">\n<p>Acr\u00edlicos sobre lienzo.<br \/>\nTama\u00f1o 67 CMS x 92 CMS.<br \/>\nA\u00f1o 2021<\/p>\n<\/div>\n<p>[:]<\/p>\n","protected":false},"featured_media":8477,"comment_status":"open","ping_status":"closed","template":"","meta":{"_et_pb_use_builder":"","_et_pb_old_content":"","_et_gb_content_width":"","ngg_post_thumbnail":0},"product_brand":[],"product_cat":[23,27],"product_tag":[],"class_list":{"0":"post-8463","1":"product","2":"type-product","3":"status-publish","4":"has-post-thumbnail","6":"product_cat-no-disponible","7":"product_cat-otros-productos","9":"first","10":"instock","11":"taxable","12":"shipping-taxable","13":"product-type-simple"},"_links":{"self":[{"href":"https:\/\/ferrodex.com\/luisferrodexart\/wp-json\/wp\/v2\/product\/8463","targetHints":{"allow":["GET"]}}],"collection":[{"href":"https:\/\/ferrodex.com\/luisferrodexart\/wp-json\/wp\/v2\/product"}],"about":[{"href":"https:\/\/ferrodex.com\/luisferrodexart\/wp-json\/wp\/v2\/types\/product"}],"replies":[{"embeddable":true,"href":"https:\/\/ferrodex.com\/luisferrodexart\/wp-json\/wp\/v2\/comments?post=8463"}],"wp:featuredmedia":[{"embeddable":true,"href":"https:\/\/ferrodex.com\/luisferrodexart\/wp-json\/wp\/v2\/media\/8477"}],"wp:attachment":[{"href":"https:\/\/ferrodex.com\/luisferrodexart\/wp-json\/wp\/v2\/media?parent=8463"}],"wp:term":[{"taxonomy":"product_brand","embeddable":true,"href":"https:\/\/ferrodex.com\/luisferrodexart\/wp-json\/wp\/v2\/product_brand?post=8463"},{"taxonomy":"product_cat","embeddable":true,"href":"https:\/\/ferrodex.com\/luisferrodexart\/wp-json\/wp\/v2\/product_cat?post=8463"},{"taxonomy":"product_tag","embeddable":true,"href":"https:\/\/ferrodex.com\/luisferrodexart\/wp-json\/wp\/v2\/product_tag?post=8463"}],"curies":[{"name":"wp","href":"https:\/\/api.w.org\/{rel}","templated":true}]}}