{"id":8460,"date":"2022-09-15T11:08:24","date_gmt":"2022-09-15T11:08:24","guid":{"rendered":"https:\/\/ferrodex.com\/luisferrodexart\/?post_type=product&#038;p=8460"},"modified":"2022-09-15T11:30:41","modified_gmt":"2022-09-15T11:30:41","slug":"el-trabajo-en-la-dehesa-brava","status":"publish","type":"product","link":"https:\/\/ferrodex.com\/luisferrodexart\/producto\/el-trabajo-en-la-dehesa-brava\/","title":{"rendered":"EL TRABAJO EN LA DEHESA BRAVA"},"content":{"rendered":"<p>[:es]<\/p>\n<div class=\"kvgmc6g5 cxmmr5t8 oygrvhab hcukyx3x c1et5uql ii04i59q\">\n<div dir=\"auto\">\n<div class=\"kvgmc6g5 cxmmr5t8 oygrvhab hcukyx3x c1et5uql ii04i59q\">\n<div dir=\"auto\">\n<div class=\"kvgmc6g5 cxmmr5t8 oygrvhab hcukyx3x c1et5uql ii04i59q\">\n<div dir=\"auto\">\n<div class=\"kvgmc6g5 cxmmr5t8 oygrvhab hcukyx3x c1et5uql ii04i59q\">\n<div dir=\"auto\">\n<div class=\"kvgmc6g5 cxmmr5t8 oygrvhab hcukyx3x c1et5uql ii04i59q\">\n<div dir=\"auto\">\n<div class=\"m8h3af8h l7ghb35v kjdc1dyq kmwttqpk gh25dzvf n3t5jt4f\">\n<div dir=\"auto\">Tareas cotidianas. Hombres y mujeres d\u00eda a d\u00eda. No hay fiesta en el campo. El trabajo dignifica la vida. Personas y animales en una simbiosis sin igual. Los d\u00edas pasan y la naturaleza persiste a pesar de todos.<\/div>\n<\/div>\n<div class=\"l7ghb35v kjdc1dyq kmwttqpk gh25dzvf jikcssrz n3t5jt4f\">&nbsp;<\/div>\n<\/div>\n<\/div>\n<\/div>\n<\/div>\n<div class=\"o9v6fnle cxmmr5t8 oygrvhab hcukyx3x c1et5uql ii04i59q\">&nbsp;<\/div>\n<\/div>\n<\/div>\n<div class=\"o9v6fnle cxmmr5t8 oygrvhab hcukyx3x c1et5uql ii04i59q\">\n<div dir=\"auto\">&nbsp;<\/div>\n<\/div>\n<\/div>\n<\/div>\n<\/div>\n<\/div>\n<p>[:en]<\/p>\n<div dir=\"auto\">\n<div dir=\"auto\">\n<div class=\"kvgmc6g5 cxmmr5t8 oygrvhab hcukyx3x c1et5uql ii04i59q\">\n<div dir=\"auto\">\n<div class=\"kvgmc6g5 cxmmr5t8 oygrvhab hcukyx3x c1et5uql ii04i59q\">\n<div dir=\"auto\">\n<div class=\"kvgmc6g5 cxmmr5t8 oygrvhab hcukyx3x c1et5uql ii04i59q\">\n<div dir=\"auto\">\n<div class=\"kvgmc6g5 cxmmr5t8 oygrvhab hcukyx3x c1et5uql ii04i59q\">\n<div dir=\"auto\">\n<div class=\"kvgmc6g5 cxmmr5t8 oygrvhab hcukyx3x c1et5uql ii04i59q\">\n<div dir=\"auto\">\n<div dir=\"auto\">\n<div class=\"kvgmc6g5 cxmmr5t8 oygrvhab hcukyx3x c1et5uql ii04i59q\">\n<div dir=\"auto\">\n<div class=\"kvgmc6g5 cxmmr5t8 oygrvhab hcukyx3x c1et5uql ii04i59q\">\n<div dir=\"auto\">\n<div class=\"kvgmc6g5 cxmmr5t8 oygrvhab hcukyx3x c1et5uql ii04i59q\">\n<div dir=\"auto\">Hogar dulce hogar. Naturaleza y color en estado puros. Estar y siempre ser uno mismo. M\u00e1s all\u00e1 de los sue\u00f1os no hay nada. Nada por lo que luchar. Ninguna meta. Azules que dan color a toda una vida. Azul de mar y poes\u00eda.<\/div>\n<\/div>\n<\/div>\n<\/div>\n<\/div>\n<\/div>\n<\/div>\n<\/div>\n<\/div>\n<\/div>\n<\/div>\n<div class=\"o9v6fnle cxmmr5t8 oygrvhab hcukyx3x c1et5uql ii04i59q\">&nbsp;<\/div>\n<\/div>\n<\/div>\n<div class=\"o9v6fnle cxmmr5t8 oygrvhab hcukyx3x c1et5uql ii04i59q\">\n<div dir=\"auto\">&nbsp;<\/div>\n<\/div>\n<\/div>\n<\/div>\n<\/div>\n<\/div>\n<\/div>\n<\/div>\n<div dir=\"auto\">\n<div dir=\"auto\">\n<div class=\"kvgmc6g5 cxmmr5t8 oygrvhab hcukyx3x c1et5uql ii04i59q\">\n<div dir=\"auto\">\n<div class=\"kvgmc6g5 cxmmr5t8 oygrvhab hcukyx3x c1et5uql ii04i59q\">\n<div dir=\"auto\">\n<div class=\"kvgmc6g5 cxmmr5t8 oygrvhab hcukyx3x c1et5uql ii04i59q\">\n<div dir=\"auto\">\n<div class=\"kvgmc6g5 cxmmr5t8 oygrvhab hcukyx3x c1et5uql ii04i59q\">\n<div dir=\"auto\">\n<div class=\"kvgmc6g5 cxmmr5t8 oygrvhab hcukyx3x c1et5uql ii04i59q\">\n<div dir=\"auto\">\n<div dir=\"auto\">\n<div class=\"kvgmc6g5 cxmmr5t8 oygrvhab hcukyx3x c1et5uql ii04i59q\">\n<div dir=\"auto\">\n<div class=\"kvgmc6g5 cxmmr5t8 oygrvhab hcukyx3x c1et5uql ii04i59q\">\n<div dir=\"auto\">\n<div class=\"kvgmc6g5 cxmmr5t8 oygrvhab hcukyx3x c1et5uql ii04i59q\">\n<div dir=\"auto\">Hogar dulce hogar. Naturaleza y color en estado puros. Estar y siempre ser uno mismo. M\u00e1s all\u00e1 de los sue\u00f1os no hay nada. Nada por lo que luchar. Ninguna meta. Azules que dan color a toda una vida. Azul de mar y poes\u00eda.<\/div>\n<\/div>\n<\/div>\n<\/div>\n<\/div>\n<\/div>\n<\/div>\n<\/div>\n<\/div>\n<\/div>\n<\/div>\n<div class=\"o9v6fnle cxmmr5t8 oygrvhab hcukyx3x c1et5uql ii04i59q\">&nbsp;<\/div>\n<\/div>\n<\/div>\n<div class=\"o9v6fnle cxmmr5t8 oygrvhab hcukyx3x c1et5uql ii04i59q\">\n<div dir=\"auto\">&nbsp;<\/div>\n<\/div>\n<\/div>\n<\/div>\n<\/div>\n<\/div>\n<\/div>\n<\/div>\n<div dir=\"auto\">\n<div dir=\"auto\">\n<div class=\"kvgmc6g5 cxmmr5t8 oygrvhab hcukyx3x c1et5uql ii04i59q\">\n<div dir=\"auto\">\n<div class=\"kvgmc6g5 cxmmr5t8 oygrvhab hcukyx3x c1et5uql ii04i59q\">\n<div dir=\"auto\">\n<div class=\"kvgmc6g5 cxmmr5t8 oygrvhab hcukyx3x c1et5uql ii04i59q\">\n<div dir=\"auto\">\n<div class=\"kvgmc6g5 cxmmr5t8 oygrvhab hcukyx3x c1et5uql ii04i59q\">\n<div dir=\"auto\">\n<div class=\"kvgmc6g5 cxmmr5t8 oygrvhab hcukyx3x c1et5uql ii04i59q\">\n<div dir=\"auto\">\n<div dir=\"auto\">\n<div class=\"kvgmc6g5 cxmmr5t8 oygrvhab hcukyx3x c1et5uql ii04i59q\">\n<div dir=\"auto\">\n<div class=\"kvgmc6g5 cxmmr5t8 oygrvhab hcukyx3x c1et5uql ii04i59q\">\n<div dir=\"auto\">\n<div class=\"kvgmc6g5 cxmmr5t8 oygrvhab hcukyx3x c1et5uql ii04i59q\">\n<div dir=\"auto\">Hogar dulce hogar. Naturaleza y color en estado puros. Estar y siempre ser uno mismo. M\u00e1s all\u00e1 de los sue\u00f1os no hay nada. Nada por lo que luchar. Ninguna meta. Azules que dan color a toda una vida. Azul de mar y poes\u00eda.<\/div>\n<\/div>\n<\/div>\n<\/div>\n<\/div>\n<\/div>\n<\/div>\n<\/div>\n<\/div>\n<\/div>\n<\/div>\n<div class=\"o9v6fnle cxmmr5t8 oygrvhab hcukyx3x c1et5uql ii04i59q\">&nbsp;<\/div>\n<\/div>\n<\/div>\n<div class=\"o9v6fnle cxmmr5t8 oygrvhab hcukyx3x c1et5uql ii04i59q\">\n<div dir=\"auto\">&nbsp;<\/div>\n<\/div>\n<\/div>\n<\/div>\n<\/div>\n<\/div>\n<\/div>\n<\/div>\n<div dir=\"auto\">\n<div dir=\"auto\">\n<div class=\"kvgmc6g5 cxmmr5t8 oygrvhab hcukyx3x c1et5uql ii04i59q\">\n<div dir=\"auto\">\n<div class=\"kvgmc6g5 cxmmr5t8 oygrvhab hcukyx3x c1et5uql ii04i59q\">\n<div dir=\"auto\">\n<div class=\"kvgmc6g5 cxmmr5t8 oygrvhab hcukyx3x c1et5uql ii04i59q\">\n<div dir=\"auto\">\n<div class=\"kvgmc6g5 cxmmr5t8 oygrvhab hcukyx3x c1et5uql ii04i59q\">\n<div dir=\"auto\">\n<div class=\"kvgmc6g5 cxmmr5t8 oygrvhab hcukyx3x c1et5uql ii04i59q\">\n<div dir=\"auto\">\n<div dir=\"auto\">\n<div class=\"kvgmc6g5 cxmmr5t8 oygrvhab hcukyx3x c1et5uql ii04i59q\">\n<div dir=\"auto\">\n<div class=\"kvgmc6g5 cxmmr5t8 oygrvhab hcukyx3x c1et5uql ii04i59q\">\n<div dir=\"auto\">\n<div class=\"kvgmc6g5 cxmmr5t8 oygrvhab hcukyx3x c1et5uql ii04i59q\">\n<div dir=\"auto\">Hogar dulce hogar. Naturaleza y color en estado puros. Estar y siempre ser uno mismo. M\u00e1s all\u00e1 de los sue\u00f1os no hay nada. Nada por lo que luchar. Ninguna meta. Azules que dan color a toda una vida. Azul de mar y poes\u00eda.<\/div>\n<\/div>\n<\/div>\n<\/div>\n<\/div>\n<\/div>\n<\/div>\n<\/div>\n<\/div>\n<\/div>\n<\/div>\n<div class=\"o9v6fnle cxmmr5t8 oygrvhab hcukyx3x c1et5uql ii04i59q\">&nbsp;<\/div>\n<\/div>\n<\/div>\n<div class=\"o9v6fnle cxmmr5t8 oygrvhab hcukyx3x c1et5uql ii04i59q\">\n<div dir=\"auto\">&nbsp;<\/div>\n<\/div>\n<\/div>\n<\/div>\n<\/div>\n<\/div>\n<\/div>\n<\/div>\n<p>[:]<\/p>\n","protected":false},"excerpt":{"rendered":"<p>[:es]<\/p>\n<div dir=\"auto\">\n<div class=\"kvgmc6g5 cxmmr5t8 oygrvhab hcukyx3x c1et5uql ii04i59q\">\n<div dir=\"auto\">\n<div class=\"o9v6fnle cxmmr5t8 oygrvhab hcukyx3x c1et5uql ii04i59q\">\n<div dir=\"auto\">\n<div class=\"kvgmc6g5 cxmmr5t8 oygrvhab hcukyx3x c1et5uql ii04i59q\">\n<div dir=\"auto\">\n<div class=\"kvgmc6g5 cxmmr5t8 oygrvhab hcukyx3x c1et5uql ii04i59q\">\n<div dir=\"auto\">\n<div class=\"l7ghb35v kjdc1dyq kmwttqpk gh25dzvf jikcssrz n3t5jt4f\">\n<div dir=\"auto\">Esmaltes acr\u00edlicos y sprays sobre muro. Gracias al Ayuntamiento de Valdeh\u00fancar y a su alcalde <a class=\"qi72231t nu7423ey n3hqoq4p r86q59rh b3qcqh3k fq87ekyn bdao358l fsf7x5fv rse6dlih s5oniofx m8h3af8h l7ghb35v kjdc1dyq kmwttqpk srn514ro oxkhqvkx rl78xhln nch0832m cr00lzj9 rn8ck1ys s3jn8y49 icdlwmnq cxfqmxzd d1w2l3lo tes86rjd\" tabindex=\"0\" role=\"link\" href=\"https:\/\/www.facebook.com\/david.gonzalezencinas.3?__cft__[0]=AZWCFwHDNCo8trq1TjrxSWMeMdUoUc0bC8KZoH79jKDQhf9vnDri3QJu3ogM-Rsgmhja4fVMV2inxghbdorFKp15d-POTENRJsKv4bNsm4W_9BtaTGhxx_wQ77TrnWkEokRvn4Ctrz9p6CXrXV1GyZCQ2WnloZ82-QyvJ6Y_xWKJBw&amp;__tn__=-]K-R\"><span class=\"rse6dlih\">David Gonzalez Encinas<\/span><\/a>. Ayuntamiento de Valdeh\u00fancar. Calle Ramiro Arroyo Samaniego, 10. 10393 Valdeh\u00fancar (C\u00e1ceres)<\/div>\n<div dir=\"auto\">Tama\u00f1o 3,5 y 7 m x 11 m<\/div>\n<div dir=\"auto\">A\u00f1o 2022<\/div>\n<\/div>\n<\/div>\n<\/div>\n<\/div>\n<\/div>\n<div class=\"o9v6fnle cxmmr5t8 oygrvhab hcukyx3x c1et5uql ii04i59q\">&nbsp;<\/div>\n<\/div>\n<\/div>\n<\/div>\n<\/div>\n<\/div>\n<p><span style=\"color: #0000ff;\"><strong>SE PINTAN TODO TIPO DE MURALES PARA PARTICULARES. PARA CUALQUIER TIPO DE ENCARGO PEDIR PRESUPUESTO SIN COMPROMISO EN MENSAJE O POR WHATSAPP AL 626555958.<\/strong><\/span>[:en]<\/p>\n<div dir=\"auto\">\n<div class=\"o9v6fnle cxmmr5t8 oygrvhab hcukyx3x c1et5uql ii04i59q\">\n<div dir=\"auto\"><span style=\"line-height: 1.7em;\">Mural sobre pared con esmaltes acr\u00cdlicos y sprays sobre muro. <strong>Calle Brezo, 6. Torrej\u00f3n el Rubio (C\u00e1ceres)<\/strong><\/span><\/div>\n<div dir=\"auto\">Tama\u00f1o 270 x 130 cms.<br \/>\n<span style=\"line-height: 1.7em;\">A\u00f1o 2021<\/span><\/div>\n<\/div>\n<\/div>\n<p><span style=\"color: #0000ff;\"><strong>SE PINTAN TODO TIPO DE MURALES PARA PARTICULARES. PARA CUALQUIER TIPO DE ENCARGO PEDIR PRESUPUESTO SIN COMPROMISO EN MENSAJE O POR WHATSAPP AL 626555958.<\/strong><\/span><\/p>\n<div class=\"o9v6fnle cxmmr5t8 oygrvhab hcukyx3x c1et5uql ii04i59q\">\n<div dir=\"auto\">&nbsp;<\/div>\n<\/div>\n<div dir=\"auto\">\n<div class=\"o9v6fnle cxmmr5t8 oygrvhab hcukyx3x c1et5uql ii04i59q\">\n<div dir=\"auto\"><span style=\"line-height: 1.7em;\">Mural sobre pared con esmaltes acr\u00cdlicos y sprays sobre muro. <strong>Calle Brezo, 6. Torrej\u00f3n el Rubio (C\u00e1ceres)<\/strong><\/span><\/div>\n<div dir=\"auto\">Tama\u00f1o 270 x 130 cms.<br \/>\n<span style=\"line-height: 1.7em;\">A\u00f1o 2021<\/span><\/div>\n<\/div>\n<\/div>\n<p><span style=\"color: #0000ff;\"><strong>SE PINTAN TODO TIPO DE MURALES PARA PARTICULARES. PARA CUALQUIER TIPO DE ENCARGO PEDIR PRESUPUESTO SIN COMPROMISO EN MENSAJE O POR WHATSAPP AL 626555958.<\/strong><\/span><\/p>\n<div class=\"o9v6fnle cxmmr5t8 oygrvhab hcukyx3x c1et5uql ii04i59q\">\n<div dir=\"auto\">&nbsp;<\/div>\n<\/div>\n<div dir=\"auto\">\n<div class=\"o9v6fnle cxmmr5t8 oygrvhab hcukyx3x c1et5uql ii04i59q\">\n<div dir=\"auto\"><span style=\"line-height: 1.7em;\">Mural sobre pared con esmaltes acr\u00cdlicos y sprays sobre muro. <strong>Calle Brezo, 6. Torrej\u00f3n el Rubio (C\u00e1ceres)<\/strong><\/span><\/div>\n<div dir=\"auto\">Tama\u00f1o 270 x 130 cms.<br \/>\n<span style=\"line-height: 1.7em;\">A\u00f1o 2021<\/span><\/div>\n<\/div>\n<\/div>\n<p><span style=\"color: #0000ff;\"><strong>SE PINTAN TODO TIPO DE MURALES PARA PARTICULARES. PARA CUALQUIER TIPO DE ENCARGO PEDIR PRESUPUESTO SIN COMPROMISO EN MENSAJE O POR WHATSAPP AL 626555958.<\/strong><\/span><\/p>\n<div class=\"o9v6fnle cxmmr5t8 oygrvhab hcukyx3x c1et5uql ii04i59q\">\n<div dir=\"auto\">&nbsp;<\/div>\n<\/div>\n<div dir=\"auto\">\n<div class=\"o9v6fnle cxmmr5t8 oygrvhab hcukyx3x c1et5uql ii04i59q\">\n<div dir=\"auto\"><span style=\"line-height: 1.7em;\">Mural sobre pared con esmaltes acr\u00cdlicos y sprays sobre muro. <strong>Calle Brezo, 6. Torrej\u00f3n el Rubio (C\u00e1ceres)<\/strong><\/span><\/div>\n<div dir=\"auto\">Tama\u00f1o 270 x 130 cms.<br \/>\n<span style=\"line-height: 1.7em;\">A\u00f1o 2021<\/span><\/div>\n<\/div>\n<\/div>\n<p><span style=\"color: #0000ff;\"><strong>SE PINTAN TODO TIPO DE MURALES PARA PARTICULARES. PARA CUALQUIER TIPO DE ENCARGO PEDIR PRESUPUESTO SIN COMPROMISO EN MENSAJE O POR WHATSAPP AL 626555958.<\/strong><\/span><\/p>\n<div class=\"o9v6fnle cxmmr5t8 oygrvhab hcukyx3x c1et5uql ii04i59q\">\n<div dir=\"auto\">&nbsp;<\/div>\n<\/div>\n<div dir=\"auto\">\n<div class=\"o9v6fnle cxmmr5t8 oygrvhab hcukyx3x c1et5uql ii04i59q\">\n<div dir=\"auto\"><span style=\"line-height: 1.7em;\">Mural sobre pared con esmaltes acr\u00cdlicos y sprays sobre muro. <strong>Calle Brezo, 6. Torrej\u00f3n el Rubio (C\u00e1ceres)<\/strong><\/span><\/div>\n<div dir=\"auto\">Tama\u00f1o 270 x 130 cms.<br \/>\n<span style=\"line-height: 1.7em;\">A\u00f1o 2021<\/span><\/div>\n<\/div>\n<\/div>\n<p><span style=\"color: #0000ff;\"><strong>SE PINTAN TODO TIPO DE MURALES PARA PARTICULARES. PARA CUALQUIER TIPO DE ENCARGO PEDIR PRESUPUESTO SIN COMPROMISO EN MENSAJE O POR WHATSAPP AL 626555958.<\/strong><\/span><\/p>\n<div class=\"o9v6fnle cxmmr5t8 oygrvhab hcukyx3x c1et5uql ii04i59q\">\n<div dir=\"auto\">&nbsp;<\/div>\n<\/div>\n<div dir=\"auto\">\n<div class=\"o9v6fnle cxmmr5t8 oygrvhab hcukyx3x c1et5uql ii04i59q\">\n<div dir=\"auto\"><span style=\"line-height: 1.7em;\">Mural sobre pared con esmaltes acr\u00cdlicos y sprays sobre muro. <strong>Calle Brezo, 6. Torrej\u00f3n el Rubio (C\u00e1ceres)<\/strong><\/span><\/div>\n<div dir=\"auto\">Tama\u00f1o 270 x 130 cms.<br \/>\n<span style=\"line-height: 1.7em;\">A\u00f1o 2021<\/span><\/div>\n<\/div>\n<\/div>\n<p><span style=\"color: #0000ff;\"><strong>SE PINTAN TODO TIPO DE MURALES PARA PARTICULARES. PARA CUALQUIER TIPO DE ENCARGO PEDIR PRESUPUESTO SIN COMPROMISO EN MENSAJE O POR WHATSAPP AL 626555958.<\/strong><\/span><\/p>\n<div class=\"o9v6fnle cxmmr5t8 oygrvhab hcukyx3x c1et5uql ii04i59q\">\n<div dir=\"auto\">&nbsp;<\/div>\n<\/div>\n<div dir=\"auto\">\n<div class=\"o9v6fnle cxmmr5t8 oygrvhab hcukyx3x c1et5uql ii04i59q\">\n<div dir=\"auto\"><span style=\"line-height: 1.7em;\">Mural sobre pared con esmaltes acr\u00cdlicos y sprays sobre muro. <strong>Calle Brezo, 6. Torrej\u00f3n el Rubio (C\u00e1ceres)<\/strong><\/span><\/div>\n<div dir=\"auto\">Tama\u00f1o 270 x 130 cms.<br \/>\n<span style=\"line-height: 1.7em;\">A\u00f1o 2021<\/span><\/div>\n<\/div>\n<\/div>\n<p><span style=\"color: #0000ff;\"><strong>SE PINTAN TODO TIPO DE MURALES PARA PARTICULARES. PARA CUALQUIER TIPO DE ENCARGO PEDIR PRESUPUESTO SIN COMPROMISO EN MENSAJE O POR WHATSAPP AL 626555958.<\/strong><\/span><\/p>\n<div class=\"o9v6fnle cxmmr5t8 oygrvhab hcukyx3x c1et5uql ii04i59q\">\n<div dir=\"auto\">&nbsp;<\/div>\n<\/div>\n<div dir=\"auto\">\n<div class=\"o9v6fnle cxmmr5t8 oygrvhab hcukyx3x c1et5uql ii04i59q\">\n<div dir=\"auto\"><span style=\"line-height: 1.7em;\">Mural sobre pared con esmaltes acr\u00cdlicos y sprays sobre muro. <strong>Calle Brezo, 6. Torrej\u00f3n el Rubio (C\u00e1ceres)<\/strong><\/span><\/div>\n<div dir=\"auto\">Tama\u00f1o 270 x 130 cms.<br \/>\n<span style=\"line-height: 1.7em;\">A\u00f1o 2021<\/span><\/div>\n<\/div>\n<\/div>\n<p><span style=\"color: #0000ff;\"><strong>SE PINTAN TODO TIPO DE MURALES PARA PARTICULARES. PARA CUALQUIER TIPO DE ENCARGO PEDIR PRESUPUESTO SIN COMPROMISO EN MENSAJE O POR WHATSAPP AL 626555958.<\/strong><\/span><\/p>\n<div class=\"o9v6fnle cxmmr5t8 oygrvhab hcukyx3x c1et5uql ii04i59q\">\n<div dir=\"auto\">&nbsp;<\/div>\n<\/div>\n<p>[:]<\/p>\n","protected":false},"featured_media":8480,"comment_status":"open","ping_status":"closed","template":"","meta":{"_et_pb_use_builder":"","_et_pb_old_content":"","_et_gb_content_width":"","ngg_post_thumbnail":0},"product_brand":[],"product_cat":[42],"product_tag":[],"class_list":{"0":"post-8460","1":"product","2":"type-product","3":"status-publish","4":"has-post-thumbnail","6":"product_cat-murales","8":"first","9":"instock","10":"taxable","11":"shipping-taxable","12":"product-type-simple"},"_links":{"self":[{"href":"https:\/\/ferrodex.com\/luisferrodexart\/wp-json\/wp\/v2\/product\/8460","targetHints":{"allow":["GET"]}}],"collection":[{"href":"https:\/\/ferrodex.com\/luisferrodexart\/wp-json\/wp\/v2\/product"}],"about":[{"href":"https:\/\/ferrodex.com\/luisferrodexart\/wp-json\/wp\/v2\/types\/product"}],"replies":[{"embeddable":true,"href":"https:\/\/ferrodex.com\/luisferrodexart\/wp-json\/wp\/v2\/comments?post=8460"}],"wp:featuredmedia":[{"embeddable":true,"href":"https:\/\/ferrodex.com\/luisferrodexart\/wp-json\/wp\/v2\/media\/8480"}],"wp:attachment":[{"href":"https:\/\/ferrodex.com\/luisferrodexart\/wp-json\/wp\/v2\/media?parent=8460"}],"wp:term":[{"taxonomy":"product_brand","embeddable":true,"href":"https:\/\/ferrodex.com\/luisferrodexart\/wp-json\/wp\/v2\/product_brand?post=8460"},{"taxonomy":"product_cat","embeddable":true,"href":"https:\/\/ferrodex.com\/luisferrodexart\/wp-json\/wp\/v2\/product_cat?post=8460"},{"taxonomy":"product_tag","embeddable":true,"href":"https:\/\/ferrodex.com\/luisferrodexart\/wp-json\/wp\/v2\/product_tag?post=8460"}],"curies":[{"name":"wp","href":"https:\/\/api.w.org\/{rel}","templated":true}]}}