{"id":8420,"date":"2022-07-02T08:24:34","date_gmt":"2022-07-02T08:24:34","guid":{"rendered":"https:\/\/ferrodex.com\/luisferrodexart\/?post_type=product&#038;p=8420"},"modified":"2022-07-07T09:44:17","modified_gmt":"2022-07-07T09:44:17","slug":"emigrantes","status":"publish","type":"product","link":"https:\/\/ferrodex.com\/luisferrodexart\/producto\/emigrantes\/","title":{"rendered":"EMIGRANTES"},"content":{"rendered":"<p>[:es]<\/p>\n<div class=\"kvgmc6g5 cxmmr5t8 oygrvhab hcukyx3x c1et5uql ii04i59q\">\n<div dir=\"auto\">\n<div class=\"kvgmc6g5 cxmmr5t8 oygrvhab hcukyx3x c1et5uql ii04i59q\">\n<div dir=\"auto\">\n<div class=\"kvgmc6g5 cxmmr5t8 oygrvhab hcukyx3x c1et5uql ii04i59q\">\n<div dir=\"auto\">\n<div class=\"kvgmc6g5 cxmmr5t8 oygrvhab hcukyx3x c1et5uql ii04i59q\">\n<div dir=\"auto\">\n<div class=\"kvgmc6g5 cxmmr5t8 oygrvhab hcukyx3x c1et5uql ii04i59q\">\n<div dir=\"auto\">Gentes que se fueron envueltos de colores e ilusiones. Con el coraz\u00f3n dolido. Dejar los or\u00edgenes y empezar de nuevo. Con la casa a cuesta. Deseando volver siempre.<\/div>\n<\/div>\n<\/div>\n<\/div>\n<div class=\"o9v6fnle cxmmr5t8 oygrvhab hcukyx3x c1et5uql ii04i59q\">&nbsp;<\/div>\n<\/div>\n<\/div>\n<div class=\"o9v6fnle cxmmr5t8 oygrvhab hcukyx3x c1et5uql ii04i59q\">\n<div dir=\"auto\">&nbsp;<\/div>\n<\/div>\n<\/div>\n<\/div>\n<\/div>\n<\/div>\n<p>[:en]<\/p>\n<div dir=\"auto\">\n<div dir=\"auto\">\n<div class=\"kvgmc6g5 cxmmr5t8 oygrvhab hcukyx3x c1et5uql ii04i59q\">\n<div dir=\"auto\">\n<div class=\"kvgmc6g5 cxmmr5t8 oygrvhab hcukyx3x c1et5uql ii04i59q\">\n<div dir=\"auto\">\n<div class=\"kvgmc6g5 cxmmr5t8 oygrvhab hcukyx3x c1et5uql ii04i59q\">\n<div dir=\"auto\">\n<div class=\"kvgmc6g5 cxmmr5t8 oygrvhab hcukyx3x c1et5uql ii04i59q\">\n<div dir=\"auto\">\n<div class=\"kvgmc6g5 cxmmr5t8 oygrvhab hcukyx3x c1et5uql ii04i59q\">\n<div dir=\"auto\">\n<div dir=\"auto\">\n<div class=\"kvgmc6g5 cxmmr5t8 oygrvhab hcukyx3x c1et5uql ii04i59q\">\n<div dir=\"auto\">\n<div class=\"kvgmc6g5 cxmmr5t8 oygrvhab hcukyx3x c1et5uql ii04i59q\">\n<div dir=\"auto\">\n<div class=\"kvgmc6g5 cxmmr5t8 oygrvhab hcukyx3x c1et5uql ii04i59q\">\n<div dir=\"auto\">Hogar dulce hogar. Naturaleza y color en estado puros. Estar y siempre ser uno mismo. M\u00e1s all\u00e1 de los sue\u00f1os no hay nada. Nada por lo que luchar. Ninguna meta. Azules que dan color a toda una vida. Azul de mar y poes\u00eda.<\/div>\n<\/div>\n<\/div>\n<\/div>\n<\/div>\n<\/div>\n<\/div>\n<\/div>\n<\/div>\n<\/div>\n<\/div>\n<div class=\"o9v6fnle cxmmr5t8 oygrvhab hcukyx3x c1et5uql ii04i59q\">&nbsp;<\/div>\n<\/div>\n<\/div>\n<div class=\"o9v6fnle cxmmr5t8 oygrvhab hcukyx3x c1et5uql ii04i59q\">\n<div dir=\"auto\">&nbsp;<\/div>\n<\/div>\n<\/div>\n<\/div>\n<\/div>\n<\/div>\n<\/div>\n<\/div>\n<div dir=\"auto\">\n<div dir=\"auto\">\n<div class=\"kvgmc6g5 cxmmr5t8 oygrvhab hcukyx3x c1et5uql ii04i59q\">\n<div dir=\"auto\">\n<div class=\"kvgmc6g5 cxmmr5t8 oygrvhab hcukyx3x c1et5uql ii04i59q\">\n<div dir=\"auto\">\n<div class=\"kvgmc6g5 cxmmr5t8 oygrvhab hcukyx3x c1et5uql ii04i59q\">\n<div dir=\"auto\">\n<div class=\"kvgmc6g5 cxmmr5t8 oygrvhab hcukyx3x c1et5uql ii04i59q\">\n<div dir=\"auto\">\n<div class=\"kvgmc6g5 cxmmr5t8 oygrvhab hcukyx3x c1et5uql ii04i59q\">\n<div dir=\"auto\">\n<div dir=\"auto\">\n<div class=\"kvgmc6g5 cxmmr5t8 oygrvhab hcukyx3x c1et5uql ii04i59q\">\n<div dir=\"auto\">\n<div class=\"kvgmc6g5 cxmmr5t8 oygrvhab hcukyx3x c1et5uql ii04i59q\">\n<div dir=\"auto\">\n<div class=\"kvgmc6g5 cxmmr5t8 oygrvhab hcukyx3x c1et5uql ii04i59q\">\n<div dir=\"auto\">Hogar dulce hogar. Naturaleza y color en estado puros. Estar y siempre ser uno mismo. M\u00e1s all\u00e1 de los sue\u00f1os no hay nada. Nada por lo que luchar. Ninguna meta. Azules que dan color a toda una vida. Azul de mar y poes\u00eda.<\/div>\n<\/div>\n<\/div>\n<\/div>\n<\/div>\n<\/div>\n<\/div>\n<\/div>\n<\/div>\n<\/div>\n<\/div>\n<div class=\"o9v6fnle cxmmr5t8 oygrvhab hcukyx3x c1et5uql ii04i59q\">&nbsp;<\/div>\n<\/div>\n<\/div>\n<div class=\"o9v6fnle cxmmr5t8 oygrvhab hcukyx3x c1et5uql ii04i59q\">\n<div dir=\"auto\">&nbsp;<\/div>\n<\/div>\n<\/div>\n<\/div>\n<\/div>\n<\/div>\n<\/div>\n<\/div>\n<div dir=\"auto\">\n<div dir=\"auto\">\n<div class=\"kvgmc6g5 cxmmr5t8 oygrvhab hcukyx3x c1et5uql ii04i59q\">\n<div dir=\"auto\">\n<div class=\"kvgmc6g5 cxmmr5t8 oygrvhab hcukyx3x c1et5uql ii04i59q\">\n<div dir=\"auto\">\n<div class=\"kvgmc6g5 cxmmr5t8 oygrvhab hcukyx3x c1et5uql ii04i59q\">\n<div dir=\"auto\">\n<div class=\"kvgmc6g5 cxmmr5t8 oygrvhab hcukyx3x c1et5uql ii04i59q\">\n<div dir=\"auto\">\n<div class=\"kvgmc6g5 cxmmr5t8 oygrvhab hcukyx3x c1et5uql ii04i59q\">\n<div dir=\"auto\">\n<div dir=\"auto\">\n<div class=\"kvgmc6g5 cxmmr5t8 oygrvhab hcukyx3x c1et5uql ii04i59q\">\n<div dir=\"auto\">\n<div class=\"kvgmc6g5 cxmmr5t8 oygrvhab hcukyx3x c1et5uql ii04i59q\">\n<div dir=\"auto\">\n<div class=\"kvgmc6g5 cxmmr5t8 oygrvhab hcukyx3x c1et5uql ii04i59q\">\n<div dir=\"auto\">Hogar dulce hogar. Naturaleza y color en estado puros. Estar y siempre ser uno mismo. M\u00e1s all\u00e1 de los sue\u00f1os no hay nada. Nada por lo que luchar. Ninguna meta. Azules que dan color a toda una vida. Azul de mar y poes\u00eda.<\/div>\n<\/div>\n<\/div>\n<\/div>\n<\/div>\n<\/div>\n<\/div>\n<\/div>\n<\/div>\n<\/div>\n<\/div>\n<div class=\"o9v6fnle cxmmr5t8 oygrvhab hcukyx3x c1et5uql ii04i59q\">&nbsp;<\/div>\n<\/div>\n<\/div>\n<div class=\"o9v6fnle cxmmr5t8 oygrvhab hcukyx3x c1et5uql ii04i59q\">\n<div dir=\"auto\">&nbsp;<\/div>\n<\/div>\n<\/div>\n<\/div>\n<\/div>\n<\/div>\n<\/div>\n<\/div>\n<div dir=\"auto\">\n<div dir=\"auto\">\n<div class=\"kvgmc6g5 cxmmr5t8 oygrvhab hcukyx3x c1et5uql ii04i59q\">\n<div dir=\"auto\">\n<div class=\"kvgmc6g5 cxmmr5t8 oygrvhab hcukyx3x c1et5uql ii04i59q\">\n<div dir=\"auto\">\n<div class=\"kvgmc6g5 cxmmr5t8 oygrvhab hcukyx3x c1et5uql ii04i59q\">\n<div dir=\"auto\">\n<div class=\"kvgmc6g5 cxmmr5t8 oygrvhab hcukyx3x c1et5uql ii04i59q\">\n<div dir=\"auto\">\n<div class=\"kvgmc6g5 cxmmr5t8 oygrvhab hcukyx3x c1et5uql ii04i59q\">\n<div dir=\"auto\">\n<div dir=\"auto\">\n<div class=\"kvgmc6g5 cxmmr5t8 oygrvhab hcukyx3x c1et5uql ii04i59q\">\n<div dir=\"auto\">\n<div class=\"kvgmc6g5 cxmmr5t8 oygrvhab hcukyx3x c1et5uql ii04i59q\">\n<div dir=\"auto\">\n<div class=\"kvgmc6g5 cxmmr5t8 oygrvhab hcukyx3x c1et5uql ii04i59q\">\n<div dir=\"auto\">Hogar dulce hogar. Naturaleza y color en estado puros. Estar y siempre ser uno mismo. M\u00e1s all\u00e1 de los sue\u00f1os no hay nada. Nada por lo que luchar. Ninguna meta. Azules que dan color a toda una vida. Azul de mar y poes\u00eda.<\/div>\n<\/div>\n<\/div>\n<\/div>\n<\/div>\n<\/div>\n<\/div>\n<\/div>\n<\/div>\n<\/div>\n<\/div>\n<div class=\"o9v6fnle cxmmr5t8 oygrvhab hcukyx3x c1et5uql ii04i59q\">&nbsp;<\/div>\n<\/div>\n<\/div>\n<div class=\"o9v6fnle cxmmr5t8 oygrvhab hcukyx3x c1et5uql ii04i59q\">\n<div dir=\"auto\">&nbsp;<\/div>\n<\/div>\n<\/div>\n<\/div>\n<\/div>\n<\/div>\n<\/div>\n<\/div>\n<p>[:]<\/p>\n","protected":false},"excerpt":{"rendered":"<p>[:es]<\/p>\n<div dir=\"auto\">\n<div class=\"kvgmc6g5 cxmmr5t8 oygrvhab hcukyx3x c1et5uql ii04i59q\">\n<div dir=\"auto\">\n<div class=\"o9v6fnle cxmmr5t8 oygrvhab hcukyx3x c1et5uql ii04i59q\">\n<div dir=\"auto\">Esmaltes y sprays sobre muro.<strong> Ayuntamiento de Torrej\u00f3n el Rubio. Emilio Barbero 11. 10694 Torrej\u00f3n el Rubio(C\u00e1ceres)<\/strong><\/div>\n<div dir=\"auto\">Tama\u00f1o 16&#215;2,5 metros.<\/div>\n<div dir=\"auto\">A\u00f1o 2022.<\/div>\n<\/div>\n<\/div>\n<\/div>\n<\/div>\n<p><span style=\"color: #0000ff;\"><strong>SE PINTAN TODO TIPO DE MURALES PARA PARTICULARES. PARA CUALQUIER TIPO DE ENCARGO PEDIR PRESUPUESTO SIN COMPROMISO EN MENSAJE O POR WHATSAPP AL 626555958.<\/strong><\/span>[:en]<\/p>\n<div dir=\"auto\">\n<div class=\"o9v6fnle cxmmr5t8 oygrvhab hcukyx3x c1et5uql ii04i59q\">\n<div dir=\"auto\"><span style=\"line-height: 1.7em;\">Mural sobre pared con esmaltes acr\u00cdlicos y sprays sobre muro. <strong>Calle Brezo, 6. Torrej\u00f3n el Rubio (C\u00e1ceres)<\/strong><\/span><\/div>\n<div dir=\"auto\">Tama\u00f1o 270 x 130 cms.<br \/>\n<span style=\"line-height: 1.7em;\">A\u00f1o 2021<\/span><\/div>\n<\/div>\n<\/div>\n<p><span style=\"color: #0000ff;\"><strong>SE PINTAN TODO TIPO DE MURALES PARA PARTICULARES. PARA CUALQUIER TIPO DE ENCARGO PEDIR PRESUPUESTO SIN COMPROMISO EN MENSAJE O POR WHATSAPP AL 626555958.<\/strong><\/span><\/p>\n<div class=\"o9v6fnle cxmmr5t8 oygrvhab hcukyx3x c1et5uql ii04i59q\">\n<div dir=\"auto\">&nbsp;<\/div>\n<\/div>\n<div dir=\"auto\">\n<div class=\"o9v6fnle cxmmr5t8 oygrvhab hcukyx3x c1et5uql ii04i59q\">\n<div dir=\"auto\"><span style=\"line-height: 1.7em;\">Mural sobre pared con esmaltes acr\u00cdlicos y sprays sobre muro. <strong>Calle Brezo, 6. Torrej\u00f3n el Rubio (C\u00e1ceres)<\/strong><\/span><\/div>\n<div dir=\"auto\">Tama\u00f1o 270 x 130 cms.<br \/>\n<span style=\"line-height: 1.7em;\">A\u00f1o 2021<\/span><\/div>\n<\/div>\n<\/div>\n<p><span style=\"color: #0000ff;\"><strong>SE PINTAN TODO TIPO DE MURALES PARA PARTICULARES. PARA CUALQUIER TIPO DE ENCARGO PEDIR PRESUPUESTO SIN COMPROMISO EN MENSAJE O POR WHATSAPP AL 626555958.<\/strong><\/span><\/p>\n<div class=\"o9v6fnle cxmmr5t8 oygrvhab hcukyx3x c1et5uql ii04i59q\">\n<div dir=\"auto\">&nbsp;<\/div>\n<\/div>\n<div dir=\"auto\">\n<div class=\"o9v6fnle cxmmr5t8 oygrvhab hcukyx3x c1et5uql ii04i59q\">\n<div dir=\"auto\"><span style=\"line-height: 1.7em;\">Mural sobre pared con esmaltes acr\u00cdlicos y sprays sobre muro. <strong>Calle Brezo, 6. Torrej\u00f3n el Rubio (C\u00e1ceres)<\/strong><\/span><\/div>\n<div dir=\"auto\">Tama\u00f1o 270 x 130 cms.<br \/>\n<span style=\"line-height: 1.7em;\">A\u00f1o 2021<\/span><\/div>\n<\/div>\n<\/div>\n<p><span style=\"color: #0000ff;\"><strong>SE PINTAN TODO TIPO DE MURALES PARA PARTICULARES. PARA CUALQUIER TIPO DE ENCARGO PEDIR PRESUPUESTO SIN COMPROMISO EN MENSAJE O POR WHATSAPP AL 626555958.<\/strong><\/span><\/p>\n<div class=\"o9v6fnle cxmmr5t8 oygrvhab hcukyx3x c1et5uql ii04i59q\">\n<div dir=\"auto\">&nbsp;<\/div>\n<\/div>\n<div dir=\"auto\">\n<div class=\"o9v6fnle cxmmr5t8 oygrvhab hcukyx3x c1et5uql ii04i59q\">\n<div dir=\"auto\"><span style=\"line-height: 1.7em;\">Mural sobre pared con esmaltes acr\u00cdlicos y sprays sobre muro. <strong>Calle Brezo, 6. Torrej\u00f3n el Rubio (C\u00e1ceres)<\/strong><\/span><\/div>\n<div dir=\"auto\">Tama\u00f1o 270 x 130 cms.<br \/>\n<span style=\"line-height: 1.7em;\">A\u00f1o 2021<\/span><\/div>\n<\/div>\n<\/div>\n<p><span style=\"color: #0000ff;\"><strong>SE PINTAN TODO TIPO DE MURALES PARA PARTICULARES. PARA CUALQUIER TIPO DE ENCARGO PEDIR PRESUPUESTO SIN COMPROMISO EN MENSAJE O POR WHATSAPP AL 626555958.<\/strong><\/span><\/p>\n<div class=\"o9v6fnle cxmmr5t8 oygrvhab hcukyx3x c1et5uql ii04i59q\">\n<div dir=\"auto\">&nbsp;<\/div>\n<\/div>\n<div dir=\"auto\">\n<div class=\"o9v6fnle cxmmr5t8 oygrvhab hcukyx3x c1et5uql ii04i59q\">\n<div dir=\"auto\"><span style=\"line-height: 1.7em;\">Mural sobre pared con esmaltes acr\u00cdlicos y sprays sobre muro. <strong>Calle Brezo, 6. Torrej\u00f3n el Rubio (C\u00e1ceres)<\/strong><\/span><\/div>\n<div dir=\"auto\">Tama\u00f1o 270 x 130 cms.<br \/>\n<span style=\"line-height: 1.7em;\">A\u00f1o 2021<\/span><\/div>\n<\/div>\n<\/div>\n<p><span style=\"color: #0000ff;\"><strong>SE PINTAN TODO TIPO DE MURALES PARA PARTICULARES. PARA CUALQUIER TIPO DE ENCARGO PEDIR PRESUPUESTO SIN COMPROMISO EN MENSAJE O POR WHATSAPP AL 626555958.<\/strong><\/span><\/p>\n<div class=\"o9v6fnle cxmmr5t8 oygrvhab hcukyx3x c1et5uql ii04i59q\">\n<div dir=\"auto\">&nbsp;<\/div>\n<\/div>\n<div dir=\"auto\">\n<div class=\"o9v6fnle cxmmr5t8 oygrvhab hcukyx3x c1et5uql ii04i59q\">\n<div dir=\"auto\"><span style=\"line-height: 1.7em;\">Mural sobre pared con esmaltes acr\u00cdlicos y sprays sobre muro. <strong>Calle Brezo, 6. Torrej\u00f3n el Rubio (C\u00e1ceres)<\/strong><\/span><\/div>\n<div dir=\"auto\">Tama\u00f1o 270 x 130 cms.<br \/>\n<span style=\"line-height: 1.7em;\">A\u00f1o 2021<\/span><\/div>\n<\/div>\n<\/div>\n<p><span style=\"color: #0000ff;\"><strong>SE PINTAN TODO TIPO DE MURALES PARA PARTICULARES. PARA CUALQUIER TIPO DE ENCARGO PEDIR PRESUPUESTO SIN COMPROMISO EN MENSAJE O POR WHATSAPP AL 626555958.<\/strong><\/span><\/p>\n<div class=\"o9v6fnle cxmmr5t8 oygrvhab hcukyx3x c1et5uql ii04i59q\">\n<div dir=\"auto\">&nbsp;<\/div>\n<\/div>\n<div dir=\"auto\">\n<div class=\"o9v6fnle cxmmr5t8 oygrvhab hcukyx3x c1et5uql ii04i59q\">\n<div dir=\"auto\"><span style=\"line-height: 1.7em;\">Mural sobre pared con esmaltes acr\u00cdlicos y sprays sobre muro. <strong>Calle Brezo, 6. Torrej\u00f3n el Rubio (C\u00e1ceres)<\/strong><\/span><\/div>\n<div dir=\"auto\">Tama\u00f1o 270 x 130 cms.<br \/>\n<span style=\"line-height: 1.7em;\">A\u00f1o 2021<\/span><\/div>\n<\/div>\n<\/div>\n<p><span style=\"color: #0000ff;\"><strong>SE PINTAN TODO TIPO DE MURALES PARA PARTICULARES. PARA CUALQUIER TIPO DE ENCARGO PEDIR PRESUPUESTO SIN COMPROMISO EN MENSAJE O POR WHATSAPP AL 626555958.<\/strong><\/span><\/p>\n<div class=\"o9v6fnle cxmmr5t8 oygrvhab hcukyx3x c1et5uql ii04i59q\">\n<div dir=\"auto\">&nbsp;<\/div>\n<\/div>\n<div dir=\"auto\">\n<div class=\"o9v6fnle cxmmr5t8 oygrvhab hcukyx3x c1et5uql ii04i59q\">\n<div dir=\"auto\"><span style=\"line-height: 1.7em;\">Mural sobre pared con esmaltes acr\u00cdlicos y sprays sobre muro. <strong>Calle Brezo, 6. Torrej\u00f3n el Rubio (C\u00e1ceres)<\/strong><\/span><\/div>\n<div dir=\"auto\">Tama\u00f1o 270 x 130 cms.<br \/>\n<span style=\"line-height: 1.7em;\">A\u00f1o 2021<\/span><\/div>\n<\/div>\n<\/div>\n<p><span style=\"color: #0000ff;\"><strong>SE PINTAN TODO TIPO DE MURALES PARA PARTICULARES. PARA CUALQUIER TIPO DE ENCARGO PEDIR PRESUPUESTO SIN COMPROMISO EN MENSAJE O POR WHATSAPP AL 626555958.<\/strong><\/span><\/p>\n<div class=\"o9v6fnle cxmmr5t8 oygrvhab hcukyx3x c1et5uql ii04i59q\">\n<div dir=\"auto\">&nbsp;<\/div>\n<\/div>\n<p>[:]<\/p>\n","protected":false},"featured_media":8430,"comment_status":"open","ping_status":"closed","template":"","meta":{"_et_pb_use_builder":"","_et_pb_old_content":"","_et_gb_content_width":"","ngg_post_thumbnail":0},"product_brand":[],"product_cat":[42],"product_tag":[],"class_list":{"0":"post-8420","1":"product","2":"type-product","3":"status-publish","4":"has-post-thumbnail","6":"product_cat-murales","8":"first","9":"instock","10":"taxable","11":"shipping-taxable","12":"product-type-simple"},"_links":{"self":[{"href":"https:\/\/ferrodex.com\/luisferrodexart\/wp-json\/wp\/v2\/product\/8420","targetHints":{"allow":["GET"]}}],"collection":[{"href":"https:\/\/ferrodex.com\/luisferrodexart\/wp-json\/wp\/v2\/product"}],"about":[{"href":"https:\/\/ferrodex.com\/luisferrodexart\/wp-json\/wp\/v2\/types\/product"}],"replies":[{"embeddable":true,"href":"https:\/\/ferrodex.com\/luisferrodexart\/wp-json\/wp\/v2\/comments?post=8420"}],"wp:featuredmedia":[{"embeddable":true,"href":"https:\/\/ferrodex.com\/luisferrodexart\/wp-json\/wp\/v2\/media\/8430"}],"wp:attachment":[{"href":"https:\/\/ferrodex.com\/luisferrodexart\/wp-json\/wp\/v2\/media?parent=8420"}],"wp:term":[{"taxonomy":"product_brand","embeddable":true,"href":"https:\/\/ferrodex.com\/luisferrodexart\/wp-json\/wp\/v2\/product_brand?post=8420"},{"taxonomy":"product_cat","embeddable":true,"href":"https:\/\/ferrodex.com\/luisferrodexart\/wp-json\/wp\/v2\/product_cat?post=8420"},{"taxonomy":"product_tag","embeddable":true,"href":"https:\/\/ferrodex.com\/luisferrodexart\/wp-json\/wp\/v2\/product_tag?post=8420"}],"curies":[{"name":"wp","href":"https:\/\/api.w.org\/{rel}","templated":true}]}}