{"id":8081,"date":"2021-04-14T06:58:03","date_gmt":"2021-04-14T06:58:03","guid":{"rendered":"https:\/\/ferrodex.com\/luisferrodexart\/?post_type=product&#038;p=8081"},"modified":"2024-08-31T08:38:49","modified_gmt":"2024-08-31T08:38:49","slug":"mascara-ix-sacerdote-azteca","status":"publish","type":"product","link":"https:\/\/ferrodex.com\/luisferrodexart\/producto\/mascara-ix-sacerdote-azteca\/","title":{"rendered":"M\u00c1SCARA IX. SACERDOTE AZTECA"},"content":{"rendered":"<p>[:es]<\/p>\n<div class=\"kvgmc6g5 cxmmr5t8 oygrvhab hcukyx3x c1et5uql ii04i59q\">\n<div dir=\"auto\">\n<div class=\"kvgmc6g5 cxmmr5t8 oygrvhab hcukyx3x c1et5uql ii04i59q\">\n<div dir=\"auto\">&nbsp;<\/div>\n<\/div>\n<div class=\"o9v6fnle cxmmr5t8 oygrvhab hcukyx3x c1et5uql ii04i59q\">\n<div dir=\"auto\">Ritual de sangre. Sangre multicolor. Los sacerdotes arrancaban el coraz\u00f3n del prisionero para que su sangre ba\u00f1ara el suelo, pues se supon\u00eda que aumentaba la fertilidad de la tierra y la probabilidad de lluvia. Mente obtusa de un Imperio imaginario.<\/div>\n<\/div>\n<\/div>\n<\/div>\n<div class=\"o9v6fnle cxmmr5t8 oygrvhab hcukyx3x c1et5uql ii04i59q\">\n<div dir=\"auto\">&nbsp;<\/div>\n<\/div>\n<p>[:en]<\/p>\n<div class=\"kvgmc6g5 cxmmr5t8 oygrvhab hcukyx3x c1et5uql ii04i59q\">\n<div dir=\"auto\">&nbsp;La vida es un compendio de bromas. Bromas alegres. De mal gusto. Habr\u00eda que vivir dos veces. Y sonre\u00edr siempre. Intentar ser feliz.<\/div>\n<\/div>\n<div class=\"o9v6fnle cxmmr5t8 oygrvhab hcukyx3x c1et5uql ii04i59q\">\n<div dir=\"auto\">&nbsp;<\/div>\n<\/div>\n<p>[:]<\/p>\n","protected":false},"excerpt":{"rendered":"<p>[:es]Acr\u00edlicos y tintas sobre madera. Cristales.<br \/>\nTama\u00f1o 80&#215;60 cms.<br \/>\nA\u00f1o&nbsp;2021[:en]Acr\u00edlicos y chapas de refrescos y cord\u00f3n sobre madera<br \/>\nTama\u00f1o 82 cms de ancho x 82 cms de alto y 10 cms de fondo.<br \/>\nA\u00f1o&nbsp;2020[:]<\/p>\n","protected":false},"featured_media":8080,"comment_status":"open","ping_status":"closed","template":"","meta":{"_et_pb_use_builder":"","_et_pb_old_content":"","_et_gb_content_width":"","ngg_post_thumbnail":0},"product_brand":[],"product_cat":[15],"product_tag":[],"class_list":{"0":"post-8081","1":"product","2":"type-product","3":"status-publish","4":"has-post-thumbnail","6":"product_cat-escultura","8":"first","9":"instock","10":"taxable","11":"shipping-taxable","12":"purchasable","13":"product-type-simple"},"_links":{"self":[{"href":"https:\/\/ferrodex.com\/luisferrodexart\/wp-json\/wp\/v2\/product\/8081","targetHints":{"allow":["GET"]}}],"collection":[{"href":"https:\/\/ferrodex.com\/luisferrodexart\/wp-json\/wp\/v2\/product"}],"about":[{"href":"https:\/\/ferrodex.com\/luisferrodexart\/wp-json\/wp\/v2\/types\/product"}],"replies":[{"embeddable":true,"href":"https:\/\/ferrodex.com\/luisferrodexart\/wp-json\/wp\/v2\/comments?post=8081"}],"wp:featuredmedia":[{"embeddable":true,"href":"https:\/\/ferrodex.com\/luisferrodexart\/wp-json\/wp\/v2\/media\/8080"}],"wp:attachment":[{"href":"https:\/\/ferrodex.com\/luisferrodexart\/wp-json\/wp\/v2\/media?parent=8081"}],"wp:term":[{"taxonomy":"product_brand","embeddable":true,"href":"https:\/\/ferrodex.com\/luisferrodexart\/wp-json\/wp\/v2\/product_brand?post=8081"},{"taxonomy":"product_cat","embeddable":true,"href":"https:\/\/ferrodex.com\/luisferrodexart\/wp-json\/wp\/v2\/product_cat?post=8081"},{"taxonomy":"product_tag","embeddable":true,"href":"https:\/\/ferrodex.com\/luisferrodexart\/wp-json\/wp\/v2\/product_tag?post=8081"}],"curies":[{"name":"wp","href":"https:\/\/api.w.org\/{rel}","templated":true}]}}