{"id":7965,"date":"2021-03-07T12:31:30","date_gmt":"2021-03-07T12:31:30","guid":{"rendered":"http:\/\/ferrodex.com\/luisferrodexart\/?post_type=product&#038;p=7965"},"modified":"2021-03-25T08:51:45","modified_gmt":"2021-03-25T08:51:45","slug":"campos-de-exterminio","status":"publish","type":"product","link":"https:\/\/ferrodex.com\/luisferrodexart\/producto\/campos-de-exterminio\/","title":{"rendered":"CAMPOS DE EXTERMINIO"},"content":{"rendered":"<p>[:es]<\/p>\n<div class=\"kvgmc6g5 cxmmr5t8 oygrvhab hcukyx3x c1et5uql ii04i59q\">\n<div dir=\"auto\">Encadenados o con alambres de espino. Cadenas enormes que impiden moverte. Espinos amigos que te abrazan y que impiden moverte de igual modo. Esperar a la muerte para vivir. Preso. Siempre preso.<\/div>\n<\/div>\n<div class=\"o9v6fnle cxmmr5t8 oygrvhab hcukyx3x c1et5uql ii04i59q\">\n<div dir=\"auto\">&nbsp;<\/div>\n<\/div>\n<p>[:en]<b><\/b>Odiseo O Ulises, h\u00e9roe legendario que aparece por primera vez en la Il\u00edada y es el personaje principal de la Odisea, historias atribuidas a Homero. Inventor del Caballo de Troya para tomar dicha ciudad. La juventud y la valent\u00eda al poder. Nunca temi\u00f3 la muerte. La muerte como su hermana mayor, aliada y siempre fiel. Respeto mutuo. H\u00e9roe de todos los tiempos.[:]<\/p>\n","protected":false},"excerpt":{"rendered":"<p>[:es]Escultura en m\u00e1rmol blanco con hierro y alambres de espino.<br \/>\nTama\u00f1o 22cms ancho*166cms de alto<br \/>\nA\u00f1o&nbsp;2021[:en]Escultura en barro pintado con acr\u00edlicos sobre m\u00e1rmol.<br \/>\nTama\u00f1o 22cms alto *16cms de grosor y 42cms de ancho<br \/>\nA\u00f1o&nbsp;2018[:]<\/p>\n","protected":false},"featured_media":7979,"comment_status":"open","ping_status":"closed","template":"","meta":{"_et_pb_use_builder":"","_et_pb_old_content":"","_et_gb_content_width":"","ngg_post_thumbnail":0},"product_brand":[],"product_cat":[15],"product_tag":[],"class_list":{"0":"post-7965","1":"product","2":"type-product","3":"status-publish","4":"has-post-thumbnail","6":"product_cat-escultura","8":"first","9":"instock","10":"taxable","11":"shipping-taxable","12":"purchasable","13":"product-type-simple"},"_links":{"self":[{"href":"https:\/\/ferrodex.com\/luisferrodexart\/wp-json\/wp\/v2\/product\/7965","targetHints":{"allow":["GET"]}}],"collection":[{"href":"https:\/\/ferrodex.com\/luisferrodexart\/wp-json\/wp\/v2\/product"}],"about":[{"href":"https:\/\/ferrodex.com\/luisferrodexart\/wp-json\/wp\/v2\/types\/product"}],"replies":[{"embeddable":true,"href":"https:\/\/ferrodex.com\/luisferrodexart\/wp-json\/wp\/v2\/comments?post=7965"}],"wp:featuredmedia":[{"embeddable":true,"href":"https:\/\/ferrodex.com\/luisferrodexart\/wp-json\/wp\/v2\/media\/7979"}],"wp:attachment":[{"href":"https:\/\/ferrodex.com\/luisferrodexart\/wp-json\/wp\/v2\/media?parent=7965"}],"wp:term":[{"taxonomy":"product_brand","embeddable":true,"href":"https:\/\/ferrodex.com\/luisferrodexart\/wp-json\/wp\/v2\/product_brand?post=7965"},{"taxonomy":"product_cat","embeddable":true,"href":"https:\/\/ferrodex.com\/luisferrodexart\/wp-json\/wp\/v2\/product_cat?post=7965"},{"taxonomy":"product_tag","embeddable":true,"href":"https:\/\/ferrodex.com\/luisferrodexart\/wp-json\/wp\/v2\/product_tag?post=7965"}],"curies":[{"name":"wp","href":"https:\/\/api.w.org\/{rel}","templated":true}]}}