{"id":7672,"date":"2020-05-20T07:16:51","date_gmt":"2020-05-20T07:16:51","guid":{"rendered":"http:\/\/ferrodex.com\/luisferrodexart\/?post_type=product&#038;p=7672"},"modified":"2020-09-27T11:51:12","modified_gmt":"2020-09-27T11:51:12","slug":"mascara-vi-the-mute-painter","status":"publish","type":"product","link":"https:\/\/ferrodex.com\/luisferrodexart\/producto\/mascara-vi-the-mute-painter\/","title":{"rendered":"MASCARA VII. THE MUTE PAINTER"},"content":{"rendered":"<p>A veces la sociedad actual coarta la expresi\u00f3n del arte. O nos lleva guiados cual camino entre los gustos. No me debo a reglas ni est\u00e1ndares. Soy yo y mis circunstancia. Para bien y para mal soy yo mismo. Me dejo ir&#8230; sin m\u00e1s.<\/p>\n","protected":false},"excerpt":{"rendered":"<p>Sprays sobre madera y tubos de \u00f3leos.<br \/>\nTama\u00f1o 58 cms de ancho x 50 cms de alto y 10 cms de fondo.<br \/>\nA\u00f1o&nbsp;2020<\/p>\n","protected":false},"featured_media":7674,"comment_status":"open","ping_status":"closed","template":"","meta":{"_et_pb_use_builder":"","_et_pb_old_content":"","_et_gb_content_width":"","ngg_post_thumbnail":0},"product_brand":[],"product_cat":[15],"product_tag":[],"class_list":{"0":"post-7672","1":"product","2":"type-product","3":"status-publish","4":"has-post-thumbnail","6":"product_cat-escultura","8":"first","9":"instock","10":"taxable","11":"shipping-taxable","12":"purchasable","13":"product-type-simple"},"_links":{"self":[{"href":"https:\/\/ferrodex.com\/luisferrodexart\/wp-json\/wp\/v2\/product\/7672","targetHints":{"allow":["GET"]}}],"collection":[{"href":"https:\/\/ferrodex.com\/luisferrodexart\/wp-json\/wp\/v2\/product"}],"about":[{"href":"https:\/\/ferrodex.com\/luisferrodexart\/wp-json\/wp\/v2\/types\/product"}],"replies":[{"embeddable":true,"href":"https:\/\/ferrodex.com\/luisferrodexart\/wp-json\/wp\/v2\/comments?post=7672"}],"wp:featuredmedia":[{"embeddable":true,"href":"https:\/\/ferrodex.com\/luisferrodexart\/wp-json\/wp\/v2\/media\/7674"}],"wp:attachment":[{"href":"https:\/\/ferrodex.com\/luisferrodexart\/wp-json\/wp\/v2\/media?parent=7672"}],"wp:term":[{"taxonomy":"product_brand","embeddable":true,"href":"https:\/\/ferrodex.com\/luisferrodexart\/wp-json\/wp\/v2\/product_brand?post=7672"},{"taxonomy":"product_cat","embeddable":true,"href":"https:\/\/ferrodex.com\/luisferrodexart\/wp-json\/wp\/v2\/product_cat?post=7672"},{"taxonomy":"product_tag","embeddable":true,"href":"https:\/\/ferrodex.com\/luisferrodexart\/wp-json\/wp\/v2\/product_tag?post=7672"}],"curies":[{"name":"wp","href":"https:\/\/api.w.org\/{rel}","templated":true}]}}