{"id":7666,"date":"2020-05-03T11:32:36","date_gmt":"2020-05-03T11:32:36","guid":{"rendered":"http:\/\/ferrodex.com\/luisferrodexart\/?post_type=product&#038;p=7666"},"modified":"2020-05-03T11:38:19","modified_gmt":"2020-05-03T11:38:19","slug":"angeles-diversos","status":"publish","type":"product","link":"https:\/\/ferrodex.com\/luisferrodexart\/producto\/angeles-diversos\/","title":{"rendered":"\u00c1NGELES DIVERSOS"},"content":{"rendered":"<p>El color del cielo. La diversidad de los que all\u00ed van. La vida despu\u00e9s de la muerte. Ver para creer. Caminar haciendo camino de nuevo.<\/p>\n","protected":false},"excerpt":{"rendered":"<p>Pareja de \u00e1ngeles de escayola y resina restaurados y pintados con acr\u00edlicos.<br \/>\n14 CMS X 19 CMS<br \/>\nA\u00f1o 2020.<\/p>\n","protected":false},"featured_media":7663,"comment_status":"open","ping_status":"closed","template":"","meta":{"_et_pb_use_builder":"","_et_pb_old_content":"","_et_gb_content_width":"","ngg_post_thumbnail":0},"product_brand":[],"product_cat":[41],"product_tag":[],"class_list":{"0":"post-7666","1":"product","2":"type-product","3":"status-publish","4":"has-post-thumbnail","6":"product_cat-restauraciones","8":"first","9":"instock","10":"taxable","11":"shipping-taxable","12":"purchasable","13":"product-type-simple"},"_links":{"self":[{"href":"https:\/\/ferrodex.com\/luisferrodexart\/wp-json\/wp\/v2\/product\/7666","targetHints":{"allow":["GET"]}}],"collection":[{"href":"https:\/\/ferrodex.com\/luisferrodexart\/wp-json\/wp\/v2\/product"}],"about":[{"href":"https:\/\/ferrodex.com\/luisferrodexart\/wp-json\/wp\/v2\/types\/product"}],"replies":[{"embeddable":true,"href":"https:\/\/ferrodex.com\/luisferrodexart\/wp-json\/wp\/v2\/comments?post=7666"}],"wp:featuredmedia":[{"embeddable":true,"href":"https:\/\/ferrodex.com\/luisferrodexart\/wp-json\/wp\/v2\/media\/7663"}],"wp:attachment":[{"href":"https:\/\/ferrodex.com\/luisferrodexart\/wp-json\/wp\/v2\/media?parent=7666"}],"wp:term":[{"taxonomy":"product_brand","embeddable":true,"href":"https:\/\/ferrodex.com\/luisferrodexart\/wp-json\/wp\/v2\/product_brand?post=7666"},{"taxonomy":"product_cat","embeddable":true,"href":"https:\/\/ferrodex.com\/luisferrodexart\/wp-json\/wp\/v2\/product_cat?post=7666"},{"taxonomy":"product_tag","embeddable":true,"href":"https:\/\/ferrodex.com\/luisferrodexart\/wp-json\/wp\/v2\/product_tag?post=7666"}],"curies":[{"name":"wp","href":"https:\/\/api.w.org\/{rel}","templated":true}]}}