{"id":7498,"date":"2019-07-04T09:04:37","date_gmt":"2019-07-04T09:04:37","guid":{"rendered":"http:\/\/ferrodex.com\/luisferrodexart\/?post_type=product&#038;p=7498"},"modified":"2020-08-05T16:55:11","modified_gmt":"2020-08-05T16:55:11","slug":"laberinto-de-deseos","status":"publish","type":"product","link":"https:\/\/ferrodex.com\/luisferrodexart\/producto\/laberinto-de-deseos\/","title":{"rendered":"LABERINTO DE DESEOS"},"content":{"rendered":"<p>Todo en la vida es un laberinto en torno a los deseos. Deseamos todo lo que no tenemos o so\u00f1amos. Carrera de obst\u00e1culos sin fin. El deseo envilece los sue\u00f1os y el amor. Nada queda tras deshacer lo m\u00e1s puro.<\/p>\n","protected":false},"excerpt":{"rendered":"<div dir=\"auto\">\n<p>Acr\u00edlico sobre lienzo.<br \/>\nTama\u00f1o 70&#215;52 cms.<br \/>\n2019<\/p>\n<\/div>\n","protected":false},"featured_media":7499,"comment_status":"open","ping_status":"closed","template":"","meta":{"_et_pb_use_builder":"","_et_pb_old_content":"","_et_gb_content_width":"","ngg_post_thumbnail":0},"product_brand":[],"product_cat":[27],"product_tag":[],"class_list":{"0":"post-7498","1":"product","2":"type-product","3":"status-publish","4":"has-post-thumbnail","6":"product_cat-otros-productos","8":"first","9":"instock","10":"taxable","11":"shipping-taxable","12":"purchasable","13":"product-type-simple"},"_links":{"self":[{"href":"https:\/\/ferrodex.com\/luisferrodexart\/wp-json\/wp\/v2\/product\/7498","targetHints":{"allow":["GET"]}}],"collection":[{"href":"https:\/\/ferrodex.com\/luisferrodexart\/wp-json\/wp\/v2\/product"}],"about":[{"href":"https:\/\/ferrodex.com\/luisferrodexart\/wp-json\/wp\/v2\/types\/product"}],"replies":[{"embeddable":true,"href":"https:\/\/ferrodex.com\/luisferrodexart\/wp-json\/wp\/v2\/comments?post=7498"}],"wp:featuredmedia":[{"embeddable":true,"href":"https:\/\/ferrodex.com\/luisferrodexart\/wp-json\/wp\/v2\/media\/7499"}],"wp:attachment":[{"href":"https:\/\/ferrodex.com\/luisferrodexart\/wp-json\/wp\/v2\/media?parent=7498"}],"wp:term":[{"taxonomy":"product_brand","embeddable":true,"href":"https:\/\/ferrodex.com\/luisferrodexart\/wp-json\/wp\/v2\/product_brand?post=7498"},{"taxonomy":"product_cat","embeddable":true,"href":"https:\/\/ferrodex.com\/luisferrodexart\/wp-json\/wp\/v2\/product_cat?post=7498"},{"taxonomy":"product_tag","embeddable":true,"href":"https:\/\/ferrodex.com\/luisferrodexart\/wp-json\/wp\/v2\/product_tag?post=7498"}],"curies":[{"name":"wp","href":"https:\/\/api.w.org\/{rel}","templated":true}]}}