{"id":7463,"date":"2019-06-05T17:11:01","date_gmt":"2019-06-05T17:11:01","guid":{"rendered":"http:\/\/ferrodex.com\/luisferrodexart\/?post_type=product&#038;p=7463"},"modified":"2020-08-05T16:55:43","modified_gmt":"2020-08-05T16:55:43","slug":"seres","status":"publish","type":"product","link":"https:\/\/ferrodex.com\/luisferrodexart\/producto\/seres\/","title":{"rendered":"SERES"},"content":{"rendered":"<div dir=\"auto\">\n<div dir=\"auto\">\n<p>Vida detr\u00e1s del m\u00e1s all\u00e1. L\u00edmites infinitos que no sabemos cifrar. Formas que imaginamos vivas. Colores?<\/p>\n<\/div>\n<\/div>\n","protected":false},"excerpt":{"rendered":"<div dir=\"auto\">\n<p>Sprays sobre madera.<br \/>\n<span style=\"line-height: 1.7em;\">Tama\u00f1o<\/span><span style=\"line-height: 1.7em;\"> 25&#215;21 cms..<br \/>\n<\/span><span style=\"line-height: 1.7em;\">A\u00f1o&nbsp;2019<\/span><\/p>\n<\/div>\n","protected":false},"featured_media":7456,"comment_status":"open","ping_status":"closed","template":"","meta":{"_et_pb_use_builder":"","_et_pb_old_content":"","_et_gb_content_width":"","ngg_post_thumbnail":0},"product_brand":[],"product_cat":[27],"product_tag":[],"class_list":{"0":"post-7463","1":"product","2":"type-product","3":"status-publish","4":"has-post-thumbnail","6":"product_cat-otros-productos","8":"first","9":"instock","10":"taxable","11":"shipping-taxable","12":"purchasable","13":"product-type-simple"},"_links":{"self":[{"href":"https:\/\/ferrodex.com\/luisferrodexart\/wp-json\/wp\/v2\/product\/7463","targetHints":{"allow":["GET"]}}],"collection":[{"href":"https:\/\/ferrodex.com\/luisferrodexart\/wp-json\/wp\/v2\/product"}],"about":[{"href":"https:\/\/ferrodex.com\/luisferrodexart\/wp-json\/wp\/v2\/types\/product"}],"replies":[{"embeddable":true,"href":"https:\/\/ferrodex.com\/luisferrodexart\/wp-json\/wp\/v2\/comments?post=7463"}],"wp:featuredmedia":[{"embeddable":true,"href":"https:\/\/ferrodex.com\/luisferrodexart\/wp-json\/wp\/v2\/media\/7456"}],"wp:attachment":[{"href":"https:\/\/ferrodex.com\/luisferrodexart\/wp-json\/wp\/v2\/media?parent=7463"}],"wp:term":[{"taxonomy":"product_brand","embeddable":true,"href":"https:\/\/ferrodex.com\/luisferrodexart\/wp-json\/wp\/v2\/product_brand?post=7463"},{"taxonomy":"product_cat","embeddable":true,"href":"https:\/\/ferrodex.com\/luisferrodexart\/wp-json\/wp\/v2\/product_cat?post=7463"},{"taxonomy":"product_tag","embeddable":true,"href":"https:\/\/ferrodex.com\/luisferrodexart\/wp-json\/wp\/v2\/product_tag?post=7463"}],"curies":[{"name":"wp","href":"https:\/\/api.w.org\/{rel}","templated":true}]}}