{"id":7411,"date":"2019-03-04T21:01:08","date_gmt":"2019-03-04T21:01:08","guid":{"rendered":"http:\/\/ferrodex.com\/luisferrodexart\/?post_type=product&#038;p=7411"},"modified":"2024-08-31T08:38:50","modified_gmt":"2024-08-31T08:38:50","slug":"el-tunel-de-al-final-de-la-mente","status":"publish","type":"product","link":"https:\/\/ferrodex.com\/luisferrodexart\/producto\/el-tunel-de-al-final-de-la-mente\/","title":{"rendered":"EL T\u00daNEL DE AL FINAL DE LA MENTE"},"content":{"rendered":"<div dir=\"auto\">\n<div dir=\"auto\">\n<p>Entre colores y vaivenes del pensamiento. Entre dimes y diretes. Entre luces y sombras. Obst\u00e1culos y cortas alegr\u00edas&#8230; Al final siempre hay un t\u00fanel tan oscuro como el propio fin. Descartes como vida en s\u00ed misma. Tan s\u00f3lo sabemos una cosa&#8230; lo que llega.<\/p>\n<\/div>\n<\/div>\n","protected":false},"excerpt":{"rendered":"<div dir=\"auto\">\n<p>Acr\u00edlico sobre lienzo fijado en madera.&nbsp;<br \/>\n<span style=\"line-height: 1.7em;\">Tama\u00f1o<\/span><span style=\"line-height: 1.7em;\"> 46 cms x 34cms.<br \/>\n<\/span><span style=\"line-height: 1.7em;\">A\u00f1o&nbsp;2019<\/span><\/p>\n<\/div>\n","protected":false},"featured_media":7406,"comment_status":"open","ping_status":"closed","template":"","meta":{"_et_pb_use_builder":"","_et_pb_old_content":"","_et_gb_content_width":"","ngg_post_thumbnail":0},"product_brand":[],"product_cat":[14],"product_tag":[],"class_list":{"0":"post-7411","1":"product","2":"type-product","3":"status-publish","4":"has-post-thumbnail","6":"product_cat-pinturas","8":"first","9":"instock","10":"taxable","11":"shipping-taxable","12":"purchasable","13":"product-type-simple"},"_links":{"self":[{"href":"https:\/\/ferrodex.com\/luisferrodexart\/wp-json\/wp\/v2\/product\/7411","targetHints":{"allow":["GET"]}}],"collection":[{"href":"https:\/\/ferrodex.com\/luisferrodexart\/wp-json\/wp\/v2\/product"}],"about":[{"href":"https:\/\/ferrodex.com\/luisferrodexart\/wp-json\/wp\/v2\/types\/product"}],"replies":[{"embeddable":true,"href":"https:\/\/ferrodex.com\/luisferrodexart\/wp-json\/wp\/v2\/comments?post=7411"}],"wp:featuredmedia":[{"embeddable":true,"href":"https:\/\/ferrodex.com\/luisferrodexart\/wp-json\/wp\/v2\/media\/7406"}],"wp:attachment":[{"href":"https:\/\/ferrodex.com\/luisferrodexart\/wp-json\/wp\/v2\/media?parent=7411"}],"wp:term":[{"taxonomy":"product_brand","embeddable":true,"href":"https:\/\/ferrodex.com\/luisferrodexart\/wp-json\/wp\/v2\/product_brand?post=7411"},{"taxonomy":"product_cat","embeddable":true,"href":"https:\/\/ferrodex.com\/luisferrodexart\/wp-json\/wp\/v2\/product_cat?post=7411"},{"taxonomy":"product_tag","embeddable":true,"href":"https:\/\/ferrodex.com\/luisferrodexart\/wp-json\/wp\/v2\/product_tag?post=7411"}],"curies":[{"name":"wp","href":"https:\/\/api.w.org\/{rel}","templated":true}]}}