{"id":7410,"date":"2019-03-04T20:58:21","date_gmt":"2019-03-04T20:58:21","guid":{"rendered":"http:\/\/ferrodex.com\/luisferrodexart\/?post_type=product&#038;p=7410"},"modified":"2020-08-05T17:00:21","modified_gmt":"2020-08-05T17:00:21","slug":"la-herida","status":"publish","type":"product","link":"https:\/\/ferrodex.com\/luisferrodexart\/producto\/la-herida\/","title":{"rendered":"LA HERIDA"},"content":{"rendered":"<div dir=\"auto\">\n<div dir=\"auto\">\n<p>Me hablaste y me desangraste un poco m\u00e1s. Muerte lenta. Falla que ahonda en el coraz\u00f3n. Los seis sentidos amarrados al m\u00e1stil de la vida. Momento para guardar.<\/p>\n<\/div>\n<\/div>\n","protected":false},"excerpt":{"rendered":"<div dir=\"auto\">\n<p>Acr\u00edlico sobre lienzo fijado en madera.&nbsp;<br \/>\n<span style=\"line-height: 1.7em;\">Tama\u00f1o<\/span><span style=\"line-height: 1.7em;\"> 31 cms x 41 cms.<br \/>\n<\/span><span style=\"line-height: 1.7em;\">A\u00f1o&nbsp;2019<\/span><\/p>\n<\/div>\n","protected":false},"featured_media":7405,"comment_status":"open","ping_status":"closed","template":"","meta":{"_et_pb_use_builder":"","_et_pb_old_content":"","_et_gb_content_width":"","ngg_post_thumbnail":0},"product_brand":[],"product_cat":[27],"product_tag":[],"class_list":{"0":"post-7410","1":"product","2":"type-product","3":"status-publish","4":"has-post-thumbnail","6":"product_cat-otros-productos","8":"first","9":"instock","10":"taxable","11":"shipping-taxable","12":"purchasable","13":"product-type-simple"},"_links":{"self":[{"href":"https:\/\/ferrodex.com\/luisferrodexart\/wp-json\/wp\/v2\/product\/7410","targetHints":{"allow":["GET"]}}],"collection":[{"href":"https:\/\/ferrodex.com\/luisferrodexart\/wp-json\/wp\/v2\/product"}],"about":[{"href":"https:\/\/ferrodex.com\/luisferrodexart\/wp-json\/wp\/v2\/types\/product"}],"replies":[{"embeddable":true,"href":"https:\/\/ferrodex.com\/luisferrodexart\/wp-json\/wp\/v2\/comments?post=7410"}],"wp:featuredmedia":[{"embeddable":true,"href":"https:\/\/ferrodex.com\/luisferrodexart\/wp-json\/wp\/v2\/media\/7405"}],"wp:attachment":[{"href":"https:\/\/ferrodex.com\/luisferrodexart\/wp-json\/wp\/v2\/media?parent=7410"}],"wp:term":[{"taxonomy":"product_brand","embeddable":true,"href":"https:\/\/ferrodex.com\/luisferrodexart\/wp-json\/wp\/v2\/product_brand?post=7410"},{"taxonomy":"product_cat","embeddable":true,"href":"https:\/\/ferrodex.com\/luisferrodexart\/wp-json\/wp\/v2\/product_cat?post=7410"},{"taxonomy":"product_tag","embeddable":true,"href":"https:\/\/ferrodex.com\/luisferrodexart\/wp-json\/wp\/v2\/product_tag?post=7410"}],"curies":[{"name":"wp","href":"https:\/\/api.w.org\/{rel}","templated":true}]}}