{"id":7404,"date":"2019-03-04T20:49:20","date_gmt":"2019-03-04T20:49:20","guid":{"rendered":"http:\/\/ferrodex.com\/luisferrodexart\/?post_type=product&#038;p=7404"},"modified":"2020-08-25T17:51:42","modified_gmt":"2020-08-25T17:51:42","slug":"mascara","status":"publish","type":"product","link":"https:\/\/ferrodex.com\/luisferrodexart\/producto\/mascara\/","title":{"rendered":"M\u00c1SCARA II"},"content":{"rendered":"<p style=\"margin: 0px 0px 6px; font-family: Helvetica, Arial, sans-serif; color: #1d2129; font-size: 14px; line-height: 19.32px; background-color: #ffffff;\">La mente como un sinf\u00edn de oportunidades y deseos. Sue\u00f1os cumplidos y anhelados. Las ideas se revuelven y nos inundan. Somo nosotros mismos y lo que est\u00e1 por venir.<\/p>\n","protected":false},"excerpt":{"rendered":"<p>Acr\u00edlico sobre madera y objetos. Masilla y pegamento.&nbsp;<br \/>\nTama\u00f1o 35 cms de ancho x 56 cms de alto y 6 cms de fondo.<br \/>\nA\u00f1o&nbsp;2019<\/p>\n","protected":false},"featured_media":7402,"comment_status":"open","ping_status":"closed","template":"","meta":{"_et_pb_use_builder":"","_et_pb_old_content":"","_et_gb_content_width":"","ngg_post_thumbnail":0},"product_brand":[],"product_cat":[15],"product_tag":[],"class_list":{"0":"post-7404","1":"product","2":"type-product","3":"status-publish","4":"has-post-thumbnail","6":"product_cat-escultura","8":"first","9":"instock","10":"taxable","11":"shipping-taxable","12":"purchasable","13":"product-type-simple"},"_links":{"self":[{"href":"https:\/\/ferrodex.com\/luisferrodexart\/wp-json\/wp\/v2\/product\/7404","targetHints":{"allow":["GET"]}}],"collection":[{"href":"https:\/\/ferrodex.com\/luisferrodexart\/wp-json\/wp\/v2\/product"}],"about":[{"href":"https:\/\/ferrodex.com\/luisferrodexart\/wp-json\/wp\/v2\/types\/product"}],"replies":[{"embeddable":true,"href":"https:\/\/ferrodex.com\/luisferrodexart\/wp-json\/wp\/v2\/comments?post=7404"}],"wp:featuredmedia":[{"embeddable":true,"href":"https:\/\/ferrodex.com\/luisferrodexart\/wp-json\/wp\/v2\/media\/7402"}],"wp:attachment":[{"href":"https:\/\/ferrodex.com\/luisferrodexart\/wp-json\/wp\/v2\/media?parent=7404"}],"wp:term":[{"taxonomy":"product_brand","embeddable":true,"href":"https:\/\/ferrodex.com\/luisferrodexart\/wp-json\/wp\/v2\/product_brand?post=7404"},{"taxonomy":"product_cat","embeddable":true,"href":"https:\/\/ferrodex.com\/luisferrodexart\/wp-json\/wp\/v2\/product_cat?post=7404"},{"taxonomy":"product_tag","embeddable":true,"href":"https:\/\/ferrodex.com\/luisferrodexart\/wp-json\/wp\/v2\/product_tag?post=7404"}],"curies":[{"name":"wp","href":"https:\/\/api.w.org\/{rel}","templated":true}]}}