{"id":7359,"date":"2019-02-09T10:11:32","date_gmt":"2019-02-09T10:11:32","guid":{"rendered":"http:\/\/ferrodex.com\/luisferrodexart\/?post_type=product&#038;p=7359"},"modified":"2020-08-05T17:01:23","modified_gmt":"2020-08-05T17:01:23","slug":"perdido-en-un-mar-de-signos","status":"publish","type":"product","link":"https:\/\/ferrodex.com\/luisferrodexart\/producto\/perdido-en-un-mar-de-signos\/","title":{"rendered":"PERDIDO EN UN MAR DE SIGNOS"},"content":{"rendered":"<div dir=\"auto\">\n<div dir=\"auto\">\n<p>Un pez ante la grandeza de la vida de pierde entre tantos s\u00edmbolos. Leyes que nos dirigen a un y otro lado. Por aqu\u00ed s\u00ed, por all\u00e1 no. Dudamos y esa dudas es nuestra propia libertad. Sue\u00f1os. No hay salida.<\/p>\n<\/div>\n<\/div>\n","protected":false},"excerpt":{"rendered":"<div dir=\"auto\">\n<p>T\u00e9cnica mixta al \u00f3leo y acr\u00edlicos sobre lienzo en madera.&nbsp;<br \/>\n<span style=\"line-height: 1.7em;\">Tama\u00f1o<\/span><span style=\"line-height: 1.7em;\"> 40cms x 50 cms.<br \/>\n<\/span><span style=\"line-height: 1.7em;\">A\u00f1o&nbsp;2019<\/span><\/p>\n<\/div>\n","protected":false},"featured_media":7356,"comment_status":"open","ping_status":"closed","template":"","meta":{"_et_pb_use_builder":"","_et_pb_old_content":"","_et_gb_content_width":"","ngg_post_thumbnail":0},"product_brand":[],"product_cat":[27],"product_tag":[],"class_list":{"0":"post-7359","1":"product","2":"type-product","3":"status-publish","4":"has-post-thumbnail","6":"product_cat-otros-productos","8":"first","9":"instock","10":"taxable","11":"shipping-taxable","12":"purchasable","13":"product-type-simple"},"_links":{"self":[{"href":"https:\/\/ferrodex.com\/luisferrodexart\/wp-json\/wp\/v2\/product\/7359","targetHints":{"allow":["GET"]}}],"collection":[{"href":"https:\/\/ferrodex.com\/luisferrodexart\/wp-json\/wp\/v2\/product"}],"about":[{"href":"https:\/\/ferrodex.com\/luisferrodexart\/wp-json\/wp\/v2\/types\/product"}],"replies":[{"embeddable":true,"href":"https:\/\/ferrodex.com\/luisferrodexart\/wp-json\/wp\/v2\/comments?post=7359"}],"wp:featuredmedia":[{"embeddable":true,"href":"https:\/\/ferrodex.com\/luisferrodexart\/wp-json\/wp\/v2\/media\/7356"}],"wp:attachment":[{"href":"https:\/\/ferrodex.com\/luisferrodexart\/wp-json\/wp\/v2\/media?parent=7359"}],"wp:term":[{"taxonomy":"product_brand","embeddable":true,"href":"https:\/\/ferrodex.com\/luisferrodexart\/wp-json\/wp\/v2\/product_brand?post=7359"},{"taxonomy":"product_cat","embeddable":true,"href":"https:\/\/ferrodex.com\/luisferrodexart\/wp-json\/wp\/v2\/product_cat?post=7359"},{"taxonomy":"product_tag","embeddable":true,"href":"https:\/\/ferrodex.com\/luisferrodexart\/wp-json\/wp\/v2\/product_tag?post=7359"}],"curies":[{"name":"wp","href":"https:\/\/api.w.org\/{rel}","templated":true}]}}