{"id":7326,"date":"2019-01-17T08:42:26","date_gmt":"2019-01-17T08:42:26","guid":{"rendered":"http:\/\/ferrodex.com\/luisferrodexart\/?post_type=product&#038;p=7326"},"modified":"2019-01-17T08:47:28","modified_gmt":"2019-01-17T08:47:28","slug":"arte","status":"publish","type":"product","link":"https:\/\/ferrodex.com\/luisferrodexart\/producto\/arte\/","title":{"rendered":"ARTE"},"content":{"rendered":"<div dir=\"auto\">\n<div dir=\"auto\">\n<div dir=\"auto\">\n<div dir=\"auto\">Todo es arte en esta vida. En cada mirada nuestra y parpadeo. En cada rinc\u00f3n de la naturaleza y en lo m\u00e1s hondo de un volc\u00e1n. En casa suspiro y \u00faltimo aliento. En cada conjunci\u00f3n de colores y grises. En cada noche y d\u00eda. En cada raza y ser vivo. En cada nota musical y en silencio. Sentimos. Y un cuadro nos emociona y nos dice ven. Y le cogemos del brazo y nos damos un paseo. Y nos sentimos m\u00e1s libres al ser identificados&#8230; y volvemos a ser nosotros mismos.<\/div>\n<\/div>\n<\/div>\n<\/div>\n","protected":false},"excerpt":{"rendered":"<p>T\u00e9cnica mixta al \u00f3leo y acr\u00edlico sobre madera.<br \/>\nTama\u00f1o 130cms * 60cms<br \/>\nA\u00f1o&nbsp;2019<\/p>\n","protected":false},"featured_media":7327,"comment_status":"open","ping_status":"closed","template":"","meta":{"_et_pb_use_builder":"","_et_pb_old_content":"","_et_gb_content_width":"","ngg_post_thumbnail":0},"product_brand":[],"product_cat":[14],"product_tag":[],"class_list":{"0":"post-7326","1":"product","2":"type-product","3":"status-publish","4":"has-post-thumbnail","6":"product_cat-pinturas","8":"first","9":"instock","10":"taxable","11":"shipping-taxable","12":"purchasable","13":"product-type-simple"},"_links":{"self":[{"href":"https:\/\/ferrodex.com\/luisferrodexart\/wp-json\/wp\/v2\/product\/7326","targetHints":{"allow":["GET"]}}],"collection":[{"href":"https:\/\/ferrodex.com\/luisferrodexart\/wp-json\/wp\/v2\/product"}],"about":[{"href":"https:\/\/ferrodex.com\/luisferrodexart\/wp-json\/wp\/v2\/types\/product"}],"replies":[{"embeddable":true,"href":"https:\/\/ferrodex.com\/luisferrodexart\/wp-json\/wp\/v2\/comments?post=7326"}],"wp:featuredmedia":[{"embeddable":true,"href":"https:\/\/ferrodex.com\/luisferrodexart\/wp-json\/wp\/v2\/media\/7327"}],"wp:attachment":[{"href":"https:\/\/ferrodex.com\/luisferrodexart\/wp-json\/wp\/v2\/media?parent=7326"}],"wp:term":[{"taxonomy":"product_brand","embeddable":true,"href":"https:\/\/ferrodex.com\/luisferrodexart\/wp-json\/wp\/v2\/product_brand?post=7326"},{"taxonomy":"product_cat","embeddable":true,"href":"https:\/\/ferrodex.com\/luisferrodexart\/wp-json\/wp\/v2\/product_cat?post=7326"},{"taxonomy":"product_tag","embeddable":true,"href":"https:\/\/ferrodex.com\/luisferrodexart\/wp-json\/wp\/v2\/product_tag?post=7326"}],"curies":[{"name":"wp","href":"https:\/\/api.w.org\/{rel}","templated":true}]}}