{"id":7219,"date":"2018-11-08T09:40:34","date_gmt":"2018-11-08T09:40:34","guid":{"rendered":"http:\/\/ferrodex.com\/luisferrodexart\/?post_type=product&#038;p=7219"},"modified":"2018-11-27T09:28:17","modified_gmt":"2018-11-27T09:28:17","slug":"cuando-me-miraste","status":"publish","type":"product","link":"https:\/\/ferrodex.com\/luisferrodexart\/producto\/cuando-me-miraste\/","title":{"rendered":"CUANDO ME MIRASTE"},"content":{"rendered":"<p>Te so\u00f1\u00e9 mil y una veces. Me miraste y todo pareci\u00f3 fluir. Ojos contra ojos y un mar de distancias superadas. El color lo inund\u00f3 todo y s\u00f3lo entonces parec\u00ed vivir.<\/p>\n","protected":false},"excerpt":{"rendered":"<p>T\u00e9cnica mixta al acr\u00edlico y \u00f3leos sobre lienzo.<br \/>\nTama\u00f1o 195cms *135cms<br \/>\nA\u00f1o 2018<\/p>\n","protected":false},"featured_media":7216,"comment_status":"open","ping_status":"closed","template":"","meta":{"_et_pb_use_builder":"","_et_pb_old_content":"","_et_gb_content_width":"","ngg_post_thumbnail":0},"product_brand":[],"product_cat":[14],"product_tag":[],"class_list":{"0":"post-7219","1":"product","2":"type-product","3":"status-publish","4":"has-post-thumbnail","6":"product_cat-pinturas","8":"first","9":"instock","10":"sale","11":"taxable","12":"shipping-taxable","13":"purchasable","14":"product-type-simple"},"_links":{"self":[{"href":"https:\/\/ferrodex.com\/luisferrodexart\/wp-json\/wp\/v2\/product\/7219","targetHints":{"allow":["GET"]}}],"collection":[{"href":"https:\/\/ferrodex.com\/luisferrodexart\/wp-json\/wp\/v2\/product"}],"about":[{"href":"https:\/\/ferrodex.com\/luisferrodexart\/wp-json\/wp\/v2\/types\/product"}],"replies":[{"embeddable":true,"href":"https:\/\/ferrodex.com\/luisferrodexart\/wp-json\/wp\/v2\/comments?post=7219"}],"wp:featuredmedia":[{"embeddable":true,"href":"https:\/\/ferrodex.com\/luisferrodexart\/wp-json\/wp\/v2\/media\/7216"}],"wp:attachment":[{"href":"https:\/\/ferrodex.com\/luisferrodexart\/wp-json\/wp\/v2\/media?parent=7219"}],"wp:term":[{"taxonomy":"product_brand","embeddable":true,"href":"https:\/\/ferrodex.com\/luisferrodexart\/wp-json\/wp\/v2\/product_brand?post=7219"},{"taxonomy":"product_cat","embeddable":true,"href":"https:\/\/ferrodex.com\/luisferrodexart\/wp-json\/wp\/v2\/product_cat?post=7219"},{"taxonomy":"product_tag","embeddable":true,"href":"https:\/\/ferrodex.com\/luisferrodexart\/wp-json\/wp\/v2\/product_tag?post=7219"}],"curies":[{"name":"wp","href":"https:\/\/api.w.org\/{rel}","templated":true}]}}