{"id":7213,"date":"2018-11-08T09:07:05","date_gmt":"2018-11-08T09:07:05","guid":{"rendered":"http:\/\/ferrodex.com\/luisferrodexart\/?post_type=product&#038;p=7213"},"modified":"2018-11-08T09:17:17","modified_gmt":"2018-11-08T09:17:17","slug":"otono-junto-al-rio","status":"publish","type":"product","link":"https:\/\/ferrodex.com\/luisferrodexart\/producto\/otono-junto-al-rio\/","title":{"rendered":"OTO\u00d1O JUNTO AL R\u00cdO"},"content":{"rendered":"<div dir=\"auto\">Oto\u00f1o en el cielo. En el sol. Verde que ti\u00f1e el campo y deshoje amarillos, ocres y rojizos que cubren hasta las ganas de vivir y morir de amor.<\/div>\n","protected":false},"excerpt":{"rendered":"<p>T\u00e9cnica mixta al &nbsp;\u00f3leo y acr\u00edlicos sobre cart\u00f3n.<br \/>\nTama\u00f1o 77cms *81cms<br \/>\nA\u00f1o 2018<\/p>\n","protected":false},"featured_media":7202,"comment_status":"open","ping_status":"closed","template":"","meta":{"_et_pb_use_builder":"","_et_pb_old_content":"","_et_gb_content_width":"","ngg_post_thumbnail":0},"product_brand":[],"product_cat":[14],"product_tag":[],"class_list":{"0":"post-7213","1":"product","2":"type-product","3":"status-publish","4":"has-post-thumbnail","6":"product_cat-pinturas","8":"first","9":"instock","10":"taxable","11":"shipping-taxable","12":"purchasable","13":"product-type-simple"},"_links":{"self":[{"href":"https:\/\/ferrodex.com\/luisferrodexart\/wp-json\/wp\/v2\/product\/7213","targetHints":{"allow":["GET"]}}],"collection":[{"href":"https:\/\/ferrodex.com\/luisferrodexart\/wp-json\/wp\/v2\/product"}],"about":[{"href":"https:\/\/ferrodex.com\/luisferrodexart\/wp-json\/wp\/v2\/types\/product"}],"replies":[{"embeddable":true,"href":"https:\/\/ferrodex.com\/luisferrodexart\/wp-json\/wp\/v2\/comments?post=7213"}],"wp:featuredmedia":[{"embeddable":true,"href":"https:\/\/ferrodex.com\/luisferrodexart\/wp-json\/wp\/v2\/media\/7202"}],"wp:attachment":[{"href":"https:\/\/ferrodex.com\/luisferrodexart\/wp-json\/wp\/v2\/media?parent=7213"}],"wp:term":[{"taxonomy":"product_brand","embeddable":true,"href":"https:\/\/ferrodex.com\/luisferrodexart\/wp-json\/wp\/v2\/product_brand?post=7213"},{"taxonomy":"product_cat","embeddable":true,"href":"https:\/\/ferrodex.com\/luisferrodexart\/wp-json\/wp\/v2\/product_cat?post=7213"},{"taxonomy":"product_tag","embeddable":true,"href":"https:\/\/ferrodex.com\/luisferrodexart\/wp-json\/wp\/v2\/product_tag?post=7213"}],"curies":[{"name":"wp","href":"https:\/\/api.w.org\/{rel}","templated":true}]}}