{"id":7206,"date":"2018-11-08T08:58:01","date_gmt":"2018-11-08T08:58:01","guid":{"rendered":"http:\/\/ferrodex.com\/luisferrodexart\/?post_type=product&#038;p=7206"},"modified":"2018-11-08T09:04:02","modified_gmt":"2018-11-08T09:04:02","slug":"hombre-resignado-a-morir","status":"publish","type":"product","link":"https:\/\/ferrodex.com\/luisferrodexart\/producto\/hombre-resignado-a-morir\/","title":{"rendered":"HOMBRE RESIGNADO A MORIR"},"content":{"rendered":"<p><b><\/b>Rendido, apenas sin fuerzas. La sangre camina por cada rinc\u00f3n. Resbala y te envuelve para llevarte al otro lado. Con o sin t\u00fanel. Otra vida so\u00f1ada. Otro sue\u00f1o en el que creer.<\/p>\n","protected":false},"excerpt":{"rendered":"<p>Escultura en hormig\u00f3n y masilla&nbsp;pintado con acr\u00edlicos.<br \/>\nTama\u00f1o 47cms alto *18cms de grosor y 18cms de ancho<br \/>\nA\u00f1o&nbsp;2018<\/p>\n","protected":false},"featured_media":7209,"comment_status":"open","ping_status":"closed","template":"","meta":{"_et_pb_use_builder":"","_et_pb_old_content":"","_et_gb_content_width":"","ngg_post_thumbnail":0},"product_brand":[],"product_cat":[15],"product_tag":[],"class_list":{"0":"post-7206","1":"product","2":"type-product","3":"status-publish","4":"has-post-thumbnail","6":"product_cat-escultura","8":"first","9":"instock","10":"taxable","11":"shipping-taxable","12":"purchasable","13":"product-type-simple"},"_links":{"self":[{"href":"https:\/\/ferrodex.com\/luisferrodexart\/wp-json\/wp\/v2\/product\/7206","targetHints":{"allow":["GET"]}}],"collection":[{"href":"https:\/\/ferrodex.com\/luisferrodexart\/wp-json\/wp\/v2\/product"}],"about":[{"href":"https:\/\/ferrodex.com\/luisferrodexart\/wp-json\/wp\/v2\/types\/product"}],"replies":[{"embeddable":true,"href":"https:\/\/ferrodex.com\/luisferrodexart\/wp-json\/wp\/v2\/comments?post=7206"}],"wp:featuredmedia":[{"embeddable":true,"href":"https:\/\/ferrodex.com\/luisferrodexart\/wp-json\/wp\/v2\/media\/7209"}],"wp:attachment":[{"href":"https:\/\/ferrodex.com\/luisferrodexart\/wp-json\/wp\/v2\/media?parent=7206"}],"wp:term":[{"taxonomy":"product_brand","embeddable":true,"href":"https:\/\/ferrodex.com\/luisferrodexart\/wp-json\/wp\/v2\/product_brand?post=7206"},{"taxonomy":"product_cat","embeddable":true,"href":"https:\/\/ferrodex.com\/luisferrodexart\/wp-json\/wp\/v2\/product_cat?post=7206"},{"taxonomy":"product_tag","embeddable":true,"href":"https:\/\/ferrodex.com\/luisferrodexart\/wp-json\/wp\/v2\/product_tag?post=7206"}],"curies":[{"name":"wp","href":"https:\/\/api.w.org\/{rel}","templated":true}]}}