{"id":7168,"date":"2018-06-12T12:09:08","date_gmt":"2018-06-12T12:09:08","guid":{"rendered":"http:\/\/ferrodex.com\/luisferrodexart\/?post_type=product&#038;p=7168"},"modified":"2020-08-05T17:07:53","modified_gmt":"2020-08-05T17:07:53","slug":"la-ventana-de-la-celda","status":"publish","type":"product","link":"https:\/\/ferrodex.com\/luisferrodexart\/producto\/la-ventana-de-la-celda\/","title":{"rendered":"LA VENTANA DE LA CELDA"},"content":{"rendered":"<p>Los barrotes dejan ver un hueco peque\u00f1o por donde camina el color. Adentro todo es gris y negro. La esperanza est\u00e1 ah\u00ed fuera. Aprendemos de los errores y miramos el presente contando los segundos.<\/p>\n","protected":false},"excerpt":{"rendered":"<p>Acr\u00edlico sobre cart\u00f3n.<br \/>\nTama\u00f1o 70cms *50cms<br \/>\nA\u00f1o 2018<\/p>\n","protected":false},"featured_media":7166,"comment_status":"open","ping_status":"closed","template":"","meta":{"_et_pb_use_builder":"","_et_pb_old_content":"","_et_gb_content_width":"","ngg_post_thumbnail":0},"product_brand":[],"product_cat":[27],"product_tag":[],"class_list":{"0":"post-7168","1":"product","2":"type-product","3":"status-publish","4":"has-post-thumbnail","6":"product_cat-otros-productos","8":"first","9":"instock","10":"taxable","11":"shipping-taxable","12":"purchasable","13":"product-type-simple"},"_links":{"self":[{"href":"https:\/\/ferrodex.com\/luisferrodexart\/wp-json\/wp\/v2\/product\/7168","targetHints":{"allow":["GET"]}}],"collection":[{"href":"https:\/\/ferrodex.com\/luisferrodexart\/wp-json\/wp\/v2\/product"}],"about":[{"href":"https:\/\/ferrodex.com\/luisferrodexart\/wp-json\/wp\/v2\/types\/product"}],"replies":[{"embeddable":true,"href":"https:\/\/ferrodex.com\/luisferrodexart\/wp-json\/wp\/v2\/comments?post=7168"}],"wp:featuredmedia":[{"embeddable":true,"href":"https:\/\/ferrodex.com\/luisferrodexart\/wp-json\/wp\/v2\/media\/7166"}],"wp:attachment":[{"href":"https:\/\/ferrodex.com\/luisferrodexart\/wp-json\/wp\/v2\/media?parent=7168"}],"wp:term":[{"taxonomy":"product_brand","embeddable":true,"href":"https:\/\/ferrodex.com\/luisferrodexart\/wp-json\/wp\/v2\/product_brand?post=7168"},{"taxonomy":"product_cat","embeddable":true,"href":"https:\/\/ferrodex.com\/luisferrodexart\/wp-json\/wp\/v2\/product_cat?post=7168"},{"taxonomy":"product_tag","embeddable":true,"href":"https:\/\/ferrodex.com\/luisferrodexart\/wp-json\/wp\/v2\/product_tag?post=7168"}],"curies":[{"name":"wp","href":"https:\/\/api.w.org\/{rel}","templated":true}]}}