{"id":7154,"date":"2018-05-09T16:18:42","date_gmt":"2018-05-09T16:18:42","guid":{"rendered":"http:\/\/ferrodex.com\/luisferrodexart\/?post_type=product&#038;p=7154"},"modified":"2020-08-05T17:08:24","modified_gmt":"2020-08-05T17:08:24","slug":"lord-shiva","status":"publish","type":"product","link":"https:\/\/ferrodex.com\/luisferrodexart\/producto\/lord-shiva\/","title":{"rendered":"LORD SHIVA"},"content":{"rendered":"<p>Shiva es el dios de la naturaleza. Es quien domina y controla los elementos y como ellos, puede ser ben\u00e9fico o mal\u00e9fico. Es quien establece una coordinaci\u00f3n realista entre los seres sutiles y los seres vivos. Se\u00f1or de todas las cosas.<\/p>\n","protected":false},"excerpt":{"rendered":"<p>T\u00e9cnica mixta al &nbsp;\u00f3leo yacr\u00edlicos sobre m\u00e1rmol y a su vez en madera .<br \/>\nTama\u00f1o 56cms *45cms<br \/>\nA\u00f1o 2018<\/p>\n","protected":false},"featured_media":7150,"comment_status":"open","ping_status":"closed","template":"","meta":{"_et_pb_use_builder":"","_et_pb_old_content":"","_et_gb_content_width":"","ngg_post_thumbnail":0},"product_brand":[],"product_cat":[15,27],"product_tag":[],"class_list":{"0":"post-7154","1":"product","2":"type-product","3":"status-publish","4":"has-post-thumbnail","6":"product_cat-escultura","7":"product_cat-otros-productos","9":"first","10":"instock","11":"taxable","12":"shipping-taxable","13":"purchasable","14":"product-type-simple"},"_links":{"self":[{"href":"https:\/\/ferrodex.com\/luisferrodexart\/wp-json\/wp\/v2\/product\/7154","targetHints":{"allow":["GET"]}}],"collection":[{"href":"https:\/\/ferrodex.com\/luisferrodexart\/wp-json\/wp\/v2\/product"}],"about":[{"href":"https:\/\/ferrodex.com\/luisferrodexart\/wp-json\/wp\/v2\/types\/product"}],"replies":[{"embeddable":true,"href":"https:\/\/ferrodex.com\/luisferrodexart\/wp-json\/wp\/v2\/comments?post=7154"}],"wp:featuredmedia":[{"embeddable":true,"href":"https:\/\/ferrodex.com\/luisferrodexart\/wp-json\/wp\/v2\/media\/7150"}],"wp:attachment":[{"href":"https:\/\/ferrodex.com\/luisferrodexart\/wp-json\/wp\/v2\/media?parent=7154"}],"wp:term":[{"taxonomy":"product_brand","embeddable":true,"href":"https:\/\/ferrodex.com\/luisferrodexart\/wp-json\/wp\/v2\/product_brand?post=7154"},{"taxonomy":"product_cat","embeddable":true,"href":"https:\/\/ferrodex.com\/luisferrodexart\/wp-json\/wp\/v2\/product_cat?post=7154"},{"taxonomy":"product_tag","embeddable":true,"href":"https:\/\/ferrodex.com\/luisferrodexart\/wp-json\/wp\/v2\/product_tag?post=7154"}],"curies":[{"name":"wp","href":"https:\/\/api.w.org\/{rel}","templated":true}]}}