{"id":7149,"date":"2018-05-09T16:12:30","date_gmt":"2018-05-09T16:12:30","guid":{"rendered":"http:\/\/ferrodex.com\/luisferrodexart\/?post_type=product&#038;p=7149"},"modified":"2020-08-05T17:08:31","modified_gmt":"2020-08-05T17:08:31","slug":"frida-kahlo","status":"publish","type":"product","link":"https:\/\/ferrodex.com\/luisferrodexart\/producto\/frida-kahlo\/","title":{"rendered":"FRIDA KAHLO"},"content":{"rendered":"<p>Con la maestr\u00eda de su fina pincelada, Frida dej\u00f3 plasmado en docenas de autorretratos sus unidas cejas negras y su escaso bigote. Mujer con aspecto de hombre. Un paso adelantado al ser y no ser. Una voz que ensalza la liberta suprema de ser uno mismo.<\/p>\n","protected":false},"excerpt":{"rendered":"<p>\u00d3leo y acr\u00edlico sobre cart\u00f3n.<br \/>\nTama\u00f1o 70cms *50cms<br \/>\nA\u00f1o 2018<\/p>\n","protected":false},"featured_media":7148,"comment_status":"open","ping_status":"closed","template":"","meta":{"_et_pb_use_builder":"","_et_pb_old_content":"","_et_gb_content_width":"","ngg_post_thumbnail":0},"product_brand":[],"product_cat":[27],"product_tag":[],"class_list":{"0":"post-7149","1":"product","2":"type-product","3":"status-publish","4":"has-post-thumbnail","6":"product_cat-otros-productos","8":"first","9":"instock","10":"taxable","11":"shipping-taxable","12":"purchasable","13":"product-type-simple"},"_links":{"self":[{"href":"https:\/\/ferrodex.com\/luisferrodexart\/wp-json\/wp\/v2\/product\/7149","targetHints":{"allow":["GET"]}}],"collection":[{"href":"https:\/\/ferrodex.com\/luisferrodexart\/wp-json\/wp\/v2\/product"}],"about":[{"href":"https:\/\/ferrodex.com\/luisferrodexart\/wp-json\/wp\/v2\/types\/product"}],"replies":[{"embeddable":true,"href":"https:\/\/ferrodex.com\/luisferrodexart\/wp-json\/wp\/v2\/comments?post=7149"}],"wp:featuredmedia":[{"embeddable":true,"href":"https:\/\/ferrodex.com\/luisferrodexart\/wp-json\/wp\/v2\/media\/7148"}],"wp:attachment":[{"href":"https:\/\/ferrodex.com\/luisferrodexart\/wp-json\/wp\/v2\/media?parent=7149"}],"wp:term":[{"taxonomy":"product_brand","embeddable":true,"href":"https:\/\/ferrodex.com\/luisferrodexart\/wp-json\/wp\/v2\/product_brand?post=7149"},{"taxonomy":"product_cat","embeddable":true,"href":"https:\/\/ferrodex.com\/luisferrodexart\/wp-json\/wp\/v2\/product_cat?post=7149"},{"taxonomy":"product_tag","embeddable":true,"href":"https:\/\/ferrodex.com\/luisferrodexart\/wp-json\/wp\/v2\/product_tag?post=7149"}],"curies":[{"name":"wp","href":"https:\/\/api.w.org\/{rel}","templated":true}]}}