{"id":7101,"date":"2018-03-17T10:28:03","date_gmt":"2018-03-17T10:28:03","guid":{"rendered":"http:\/\/ferrodex.com\/luisferrodexart\/?post_type=product&#038;p=7101"},"modified":"2018-03-17T11:33:19","modified_gmt":"2018-03-17T11:33:19","slug":"caballo-libre-en-prado-salvaje","status":"publish","type":"product","link":"https:\/\/ferrodex.com\/luisferrodexart\/producto\/caballo-libre-en-prado-salvaje\/","title":{"rendered":"CABALLO LIBRE EN PRADO SALVAJE"},"content":{"rendered":"<p>La libertad de de un cielo embravecido acompasa las crines y cola del caballo. Libertad sin precios. La hierba crece como la sociedad actual. Variedad de colores y razas. De mensajes publicitarios. De vida. La libertad por encima de todo.<\/p>\n","protected":false},"excerpt":{"rendered":"<p>T\u00e9cnica mixta al acr\u00edlico y \u00f3leos sobre lienzo. Con collage de recortes y hojas de peri\u00f3dicos.<br \/>\nTama\u00f1o 195cms *135cms<br \/>\nA\u00f1o 2018<\/p>\n","protected":false},"featured_media":7108,"comment_status":"open","ping_status":"closed","template":"","meta":{"_et_pb_use_builder":"","_et_pb_old_content":"","_et_gb_content_width":"","ngg_post_thumbnail":0},"product_brand":[],"product_cat":[14,25],"product_tag":[],"class_list":{"0":"post-7101","1":"product","2":"type-product","3":"status-publish","4":"has-post-thumbnail","6":"product_cat-pinturas","7":"product_cat-toros","9":"first","10":"instock","11":"sale","12":"taxable","13":"shipping-taxable","14":"purchasable","15":"product-type-simple"},"_links":{"self":[{"href":"https:\/\/ferrodex.com\/luisferrodexart\/wp-json\/wp\/v2\/product\/7101","targetHints":{"allow":["GET"]}}],"collection":[{"href":"https:\/\/ferrodex.com\/luisferrodexart\/wp-json\/wp\/v2\/product"}],"about":[{"href":"https:\/\/ferrodex.com\/luisferrodexart\/wp-json\/wp\/v2\/types\/product"}],"replies":[{"embeddable":true,"href":"https:\/\/ferrodex.com\/luisferrodexart\/wp-json\/wp\/v2\/comments?post=7101"}],"wp:featuredmedia":[{"embeddable":true,"href":"https:\/\/ferrodex.com\/luisferrodexart\/wp-json\/wp\/v2\/media\/7108"}],"wp:attachment":[{"href":"https:\/\/ferrodex.com\/luisferrodexart\/wp-json\/wp\/v2\/media?parent=7101"}],"wp:term":[{"taxonomy":"product_brand","embeddable":true,"href":"https:\/\/ferrodex.com\/luisferrodexart\/wp-json\/wp\/v2\/product_brand?post=7101"},{"taxonomy":"product_cat","embeddable":true,"href":"https:\/\/ferrodex.com\/luisferrodexart\/wp-json\/wp\/v2\/product_cat?post=7101"},{"taxonomy":"product_tag","embeddable":true,"href":"https:\/\/ferrodex.com\/luisferrodexart\/wp-json\/wp\/v2\/product_tag?post=7101"}],"curies":[{"name":"wp","href":"https:\/\/api.w.org\/{rel}","templated":true}]}}