{"id":7074,"date":"2018-03-14T10:36:54","date_gmt":"2018-03-14T10:36:54","guid":{"rendered":"http:\/\/ferrodex.com\/luisferrodexart\/?post_type=product&#038;p=7074"},"modified":"2018-03-14T10:42:25","modified_gmt":"2018-03-14T10:42:25","slug":"fucking-bastard-hitler","status":"publish","type":"product","link":"https:\/\/ferrodex.com\/luisferrodexart\/producto\/fucking-bastard-hitler\/","title":{"rendered":"FUCKING BASTARD HITLER!!!"},"content":{"rendered":"<p>Una cuerda prende su cuello. Una pistola que dispara su cara. Un punto de mira en su frente. Unas llamas emergen abajo para abrasarle en vida. Ojo por ojo. N\u00fameros de serie de personas en torno a \u00e9l. V\u00edctimas de un psic\u00f3pata. La palabra EVIL le viene corta. El mazo de la justicia que sobrevuela su cabeza sin llegar a tocarlo. No hubo justicia. Nunca la habr\u00e1. La muerte fue lo que se impuso a la sinraz\u00f3n y al odio. Ojal\u00e1 no hubieras existido nunca! Jodido bastardo.<\/p>\n","protected":false},"excerpt":{"rendered":"<p>T\u00e9cnica mixta al &nbsp;\u00f3leo, acr\u00edlicos y spray &nbsp;sobre madera.<br \/>\nTama\u00f1o 54cms *82,5cms<br \/>\nA\u00f1o 2018<\/p>\n","protected":false},"featured_media":7075,"comment_status":"open","ping_status":"closed","template":"","meta":{"_et_pb_use_builder":"","_et_pb_old_content":"","_et_gb_content_width":"","ngg_post_thumbnail":0},"product_brand":[],"product_cat":[14],"product_tag":[],"class_list":{"0":"post-7074","1":"product","2":"type-product","3":"status-publish","4":"has-post-thumbnail","6":"product_cat-pinturas","8":"first","9":"instock","10":"taxable","11":"shipping-taxable","12":"purchasable","13":"product-type-simple"},"_links":{"self":[{"href":"https:\/\/ferrodex.com\/luisferrodexart\/wp-json\/wp\/v2\/product\/7074","targetHints":{"allow":["GET"]}}],"collection":[{"href":"https:\/\/ferrodex.com\/luisferrodexart\/wp-json\/wp\/v2\/product"}],"about":[{"href":"https:\/\/ferrodex.com\/luisferrodexart\/wp-json\/wp\/v2\/types\/product"}],"replies":[{"embeddable":true,"href":"https:\/\/ferrodex.com\/luisferrodexart\/wp-json\/wp\/v2\/comments?post=7074"}],"wp:featuredmedia":[{"embeddable":true,"href":"https:\/\/ferrodex.com\/luisferrodexart\/wp-json\/wp\/v2\/media\/7075"}],"wp:attachment":[{"href":"https:\/\/ferrodex.com\/luisferrodexart\/wp-json\/wp\/v2\/media?parent=7074"}],"wp:term":[{"taxonomy":"product_brand","embeddable":true,"href":"https:\/\/ferrodex.com\/luisferrodexart\/wp-json\/wp\/v2\/product_brand?post=7074"},{"taxonomy":"product_cat","embeddable":true,"href":"https:\/\/ferrodex.com\/luisferrodexart\/wp-json\/wp\/v2\/product_cat?post=7074"},{"taxonomy":"product_tag","embeddable":true,"href":"https:\/\/ferrodex.com\/luisferrodexart\/wp-json\/wp\/v2\/product_tag?post=7074"}],"curies":[{"name":"wp","href":"https:\/\/api.w.org\/{rel}","templated":true}]}}