{"id":7052,"date":"2018-03-05T10:50:33","date_gmt":"2018-03-05T10:50:33","guid":{"rendered":"http:\/\/ferrodex.com\/luisferrodexart\/?post_type=product&#038;p=7052"},"modified":"2018-05-17T10:34:53","modified_gmt":"2018-05-17T10:34:53","slug":"geometria-imperfecta","status":"publish","type":"product","link":"https:\/\/ferrodex.com\/luisferrodexart\/producto\/geometria-imperfecta\/","title":{"rendered":"GEOMETR\u00cdA IMPERFECTA"},"content":{"rendered":"<p>Por muchas ecuaciones que alguien dise\u00f1e o cree, la vida es una geometr\u00eda imperfecta sin patrones ni esperanzas. Todo sucede, como un engranaje de vaivenes pero no conocemos nuestro destino.<\/p>\n","protected":false},"excerpt":{"rendered":"<p>Escultura en m\u00e1rmol pintado con acr\u00edlicos y l\u00e1piz.<br \/>\nTama\u00f1o 50cms alto *10cms de grosor y 15cms de ancho<br \/>\nA\u00f1o&nbsp;2018<\/p>\n","protected":false},"featured_media":7053,"comment_status":"open","ping_status":"closed","template":"","meta":{"_et_pb_use_builder":"","_et_pb_old_content":"","_et_gb_content_width":"","ngg_post_thumbnail":0},"product_brand":[],"product_cat":[15],"product_tag":[],"class_list":{"0":"post-7052","1":"product","2":"type-product","3":"status-publish","4":"has-post-thumbnail","6":"product_cat-escultura","8":"first","9":"instock","10":"taxable","11":"shipping-taxable","12":"purchasable","13":"product-type-simple"},"_links":{"self":[{"href":"https:\/\/ferrodex.com\/luisferrodexart\/wp-json\/wp\/v2\/product\/7052","targetHints":{"allow":["GET"]}}],"collection":[{"href":"https:\/\/ferrodex.com\/luisferrodexart\/wp-json\/wp\/v2\/product"}],"about":[{"href":"https:\/\/ferrodex.com\/luisferrodexart\/wp-json\/wp\/v2\/types\/product"}],"replies":[{"embeddable":true,"href":"https:\/\/ferrodex.com\/luisferrodexart\/wp-json\/wp\/v2\/comments?post=7052"}],"wp:featuredmedia":[{"embeddable":true,"href":"https:\/\/ferrodex.com\/luisferrodexart\/wp-json\/wp\/v2\/media\/7053"}],"wp:attachment":[{"href":"https:\/\/ferrodex.com\/luisferrodexart\/wp-json\/wp\/v2\/media?parent=7052"}],"wp:term":[{"taxonomy":"product_brand","embeddable":true,"href":"https:\/\/ferrodex.com\/luisferrodexart\/wp-json\/wp\/v2\/product_brand?post=7052"},{"taxonomy":"product_cat","embeddable":true,"href":"https:\/\/ferrodex.com\/luisferrodexart\/wp-json\/wp\/v2\/product_cat?post=7052"},{"taxonomy":"product_tag","embeddable":true,"href":"https:\/\/ferrodex.com\/luisferrodexart\/wp-json\/wp\/v2\/product_tag?post=7052"}],"curies":[{"name":"wp","href":"https:\/\/api.w.org\/{rel}","templated":true}]}}