{"id":7014,"date":"2018-02-04T10:33:51","date_gmt":"2018-02-04T10:33:51","guid":{"rendered":"http:\/\/ferrodex.com\/luisferrodexart\/?post_type=product&#038;p=7014"},"modified":"2018-02-04T10:37:36","modified_gmt":"2018-02-04T10:37:36","slug":"la-melancolia-de-la-edad","status":"publish","type":"product","link":"https:\/\/ferrodex.com\/luisferrodexart\/producto\/la-melancolia-de-la-edad\/","title":{"rendered":"LA MELANCOL\u00cdA DE LA EDAD"},"content":{"rendered":"<p>Los ojos tristes de la pobreza. Ojos que rebosan melancol\u00eda y sufrimiento. Ojos azules para una gitana bella en su interior. Ruman\u00eda. A veces, o siempre, la belleza est\u00e1 en el interior y rebosa a trav\u00e9s de unos ojos que dicen todo.<\/p>\n","protected":false},"excerpt":{"rendered":"<p>Mixta de \u00f3leo sobre lienzo.<br \/>\nTama\u00f1o 50cms *70cms<br \/>\nA\u00f1o 2018<\/p>\n","protected":false},"featured_media":7012,"comment_status":"open","ping_status":"closed","template":"","meta":{"_et_pb_use_builder":"","_et_pb_old_content":"","_et_gb_content_width":"","ngg_post_thumbnail":0},"product_brand":[],"product_cat":[14],"product_tag":[],"class_list":{"0":"post-7014","1":"product","2":"type-product","3":"status-publish","4":"has-post-thumbnail","6":"product_cat-pinturas","8":"first","9":"instock","10":"taxable","11":"shipping-taxable","12":"purchasable","13":"product-type-simple"},"_links":{"self":[{"href":"https:\/\/ferrodex.com\/luisferrodexart\/wp-json\/wp\/v2\/product\/7014","targetHints":{"allow":["GET"]}}],"collection":[{"href":"https:\/\/ferrodex.com\/luisferrodexart\/wp-json\/wp\/v2\/product"}],"about":[{"href":"https:\/\/ferrodex.com\/luisferrodexart\/wp-json\/wp\/v2\/types\/product"}],"replies":[{"embeddable":true,"href":"https:\/\/ferrodex.com\/luisferrodexart\/wp-json\/wp\/v2\/comments?post=7014"}],"wp:featuredmedia":[{"embeddable":true,"href":"https:\/\/ferrodex.com\/luisferrodexart\/wp-json\/wp\/v2\/media\/7012"}],"wp:attachment":[{"href":"https:\/\/ferrodex.com\/luisferrodexart\/wp-json\/wp\/v2\/media?parent=7014"}],"wp:term":[{"taxonomy":"product_brand","embeddable":true,"href":"https:\/\/ferrodex.com\/luisferrodexart\/wp-json\/wp\/v2\/product_brand?post=7014"},{"taxonomy":"product_cat","embeddable":true,"href":"https:\/\/ferrodex.com\/luisferrodexart\/wp-json\/wp\/v2\/product_cat?post=7014"},{"taxonomy":"product_tag","embeddable":true,"href":"https:\/\/ferrodex.com\/luisferrodexart\/wp-json\/wp\/v2\/product_tag?post=7014"}],"curies":[{"name":"wp","href":"https:\/\/api.w.org\/{rel}","templated":true}]}}