{"id":6871,"date":"2017-12-17T12:35:06","date_gmt":"2017-12-17T12:35:06","guid":{"rendered":"http:\/\/ferrodex.com\/luisferrodexart\/producto\/las-cruzadas\/"},"modified":"2018-01-14T11:46:42","modified_gmt":"2018-01-14T11:46:42","slug":"las-cruzadas","status":"publish","type":"product","link":"https:\/\/ferrodex.com\/luisferrodexart\/producto\/las-cruzadas\/","title":{"rendered":"LAS CRUZADAS"},"content":{"rendered":"<p>Las&nbsp;Cruzadas, orden de destrucci\u00f3n e imposici\u00f3n. R\u00edos de sangre vertidos sin causa l\u00f3gica aparente.<\/p>\n","protected":false},"excerpt":{"rendered":"<p>Mixta de \u00f3leo y acr\u00edlicos sobre lienzo.<br \/>\nTama\u00f1o 50cms *70cms<br \/>\nA\u00f1o 2017<\/p>\n","protected":false},"featured_media":6824,"comment_status":"open","ping_status":"closed","template":"","meta":{"_et_pb_use_builder":"","_et_pb_old_content":"","_et_gb_content_width":"","ngg_post_thumbnail":0},"product_brand":[],"product_cat":[14],"product_tag":[],"class_list":{"0":"post-6871","1":"product","2":"type-product","3":"status-publish","4":"has-post-thumbnail","6":"product_cat-pinturas","8":"first","9":"instock","10":"taxable","11":"shipping-taxable","12":"purchasable","13":"product-type-simple"},"_links":{"self":[{"href":"https:\/\/ferrodex.com\/luisferrodexart\/wp-json\/wp\/v2\/product\/6871","targetHints":{"allow":["GET"]}}],"collection":[{"href":"https:\/\/ferrodex.com\/luisferrodexart\/wp-json\/wp\/v2\/product"}],"about":[{"href":"https:\/\/ferrodex.com\/luisferrodexart\/wp-json\/wp\/v2\/types\/product"}],"replies":[{"embeddable":true,"href":"https:\/\/ferrodex.com\/luisferrodexart\/wp-json\/wp\/v2\/comments?post=6871"}],"wp:featuredmedia":[{"embeddable":true,"href":"https:\/\/ferrodex.com\/luisferrodexart\/wp-json\/wp\/v2\/media\/6824"}],"wp:attachment":[{"href":"https:\/\/ferrodex.com\/luisferrodexart\/wp-json\/wp\/v2\/media?parent=6871"}],"wp:term":[{"taxonomy":"product_brand","embeddable":true,"href":"https:\/\/ferrodex.com\/luisferrodexart\/wp-json\/wp\/v2\/product_brand?post=6871"},{"taxonomy":"product_cat","embeddable":true,"href":"https:\/\/ferrodex.com\/luisferrodexart\/wp-json\/wp\/v2\/product_cat?post=6871"},{"taxonomy":"product_tag","embeddable":true,"href":"https:\/\/ferrodex.com\/luisferrodexart\/wp-json\/wp\/v2\/product_tag?post=6871"}],"curies":[{"name":"wp","href":"https:\/\/api.w.org\/{rel}","templated":true}]}}