{"id":6779,"date":"2017-11-15T09:08:09","date_gmt":"2017-11-15T09:08:09","guid":{"rendered":"http:\/\/ferrodex.com\/luisferrodexart\/producto\/el-puente\/"},"modified":"2024-08-31T08:38:48","modified_gmt":"2024-08-31T08:38:48","slug":"el-puente","status":"publish","type":"product","link":"https:\/\/ferrodex.com\/luisferrodexart\/producto\/el-puente\/","title":{"rendered":"EL PUENTE"},"content":{"rendered":"<p>Nexo de uni\u00f3n entre dos pueblos, entre dos amigos, entre dos vidas. Todos los puentes representan la uni\u00f3n y el acercamiento y por s\u00ed mismo constituye la belleza.<\/p>\n","protected":false},"excerpt":{"rendered":"<p>T\u00e9cnica al &nbsp;\u00f3leo &nbsp;sobre madera.<br \/>\nTama\u00f1o 54cms *82,5cms<br \/>\nA\u00f1o 2017<\/p>\n","protected":false},"featured_media":6777,"comment_status":"open","ping_status":"closed","template":"","meta":{"_et_pb_use_builder":"","_et_pb_old_content":"","_et_gb_content_width":"","ngg_post_thumbnail":0},"product_brand":[],"product_cat":[14],"product_tag":[],"class_list":{"0":"post-6779","1":"product","2":"type-product","3":"status-publish","4":"has-post-thumbnail","6":"product_cat-pinturas","8":"first","9":"instock","10":"taxable","11":"shipping-taxable","12":"purchasable","13":"product-type-simple"},"_links":{"self":[{"href":"https:\/\/ferrodex.com\/luisferrodexart\/wp-json\/wp\/v2\/product\/6779","targetHints":{"allow":["GET"]}}],"collection":[{"href":"https:\/\/ferrodex.com\/luisferrodexart\/wp-json\/wp\/v2\/product"}],"about":[{"href":"https:\/\/ferrodex.com\/luisferrodexart\/wp-json\/wp\/v2\/types\/product"}],"replies":[{"embeddable":true,"href":"https:\/\/ferrodex.com\/luisferrodexart\/wp-json\/wp\/v2\/comments?post=6779"}],"wp:featuredmedia":[{"embeddable":true,"href":"https:\/\/ferrodex.com\/luisferrodexart\/wp-json\/wp\/v2\/media\/6777"}],"wp:attachment":[{"href":"https:\/\/ferrodex.com\/luisferrodexart\/wp-json\/wp\/v2\/media?parent=6779"}],"wp:term":[{"taxonomy":"product_brand","embeddable":true,"href":"https:\/\/ferrodex.com\/luisferrodexart\/wp-json\/wp\/v2\/product_brand?post=6779"},{"taxonomy":"product_cat","embeddable":true,"href":"https:\/\/ferrodex.com\/luisferrodexart\/wp-json\/wp\/v2\/product_cat?post=6779"},{"taxonomy":"product_tag","embeddable":true,"href":"https:\/\/ferrodex.com\/luisferrodexart\/wp-json\/wp\/v2\/product_tag?post=6779"}],"curies":[{"name":"wp","href":"https:\/\/api.w.org\/{rel}","templated":true}]}}