{"id":6753,"date":"2017-11-07T10:09:00","date_gmt":"2017-11-07T10:09:00","guid":{"rendered":"http:\/\/ferrodex.com\/luisferrodexart\/producto\/el-calvario-de-los-toros\/"},"modified":"2018-01-14T12:05:43","modified_gmt":"2018-01-14T12:05:43","slug":"el-calvario-de-los-toros","status":"publish","type":"product","link":"https:\/\/ferrodex.com\/luisferrodexart\/producto\/el-calvario-de-los-toros\/","title":{"rendered":"EL CALVARIO DE LOS TOROS"},"content":{"rendered":"<p>Demasiada controversia sobre el mundo de los toros en la sociedad actual. Todo ello avivado por unos medio de comunicaci\u00f3n que entran al trapo manseando. Todo es cuesti\u00f3n de libertad, derecho a elecci\u00f3n dentro de los cauces legales. Esperemos que el calvario que sufren los toros hoy en d\u00eda no termine con ellos.<\/p>\n","protected":false},"excerpt":{"rendered":"<p>T\u00e9mpera&nbsp;sobre papel.<br \/>\nTama\u00f1o 42cms *29,5cms<br \/>\nA\u00f1o 2017<\/p>\n","protected":false},"featured_media":6744,"comment_status":"open","ping_status":"closed","template":"","meta":{"_et_pb_use_builder":"","_et_pb_old_content":"","_et_gb_content_width":"","ngg_post_thumbnail":0},"product_brand":[],"product_cat":[14,25],"product_tag":[],"class_list":{"0":"post-6753","1":"product","2":"type-product","3":"status-publish","4":"has-post-thumbnail","6":"product_cat-pinturas","7":"product_cat-toros","9":"first","10":"instock","11":"taxable","12":"shipping-taxable","13":"purchasable","14":"product-type-simple"},"_links":{"self":[{"href":"https:\/\/ferrodex.com\/luisferrodexart\/wp-json\/wp\/v2\/product\/6753","targetHints":{"allow":["GET"]}}],"collection":[{"href":"https:\/\/ferrodex.com\/luisferrodexart\/wp-json\/wp\/v2\/product"}],"about":[{"href":"https:\/\/ferrodex.com\/luisferrodexart\/wp-json\/wp\/v2\/types\/product"}],"replies":[{"embeddable":true,"href":"https:\/\/ferrodex.com\/luisferrodexart\/wp-json\/wp\/v2\/comments?post=6753"}],"wp:featuredmedia":[{"embeddable":true,"href":"https:\/\/ferrodex.com\/luisferrodexart\/wp-json\/wp\/v2\/media\/6744"}],"wp:attachment":[{"href":"https:\/\/ferrodex.com\/luisferrodexart\/wp-json\/wp\/v2\/media?parent=6753"}],"wp:term":[{"taxonomy":"product_brand","embeddable":true,"href":"https:\/\/ferrodex.com\/luisferrodexart\/wp-json\/wp\/v2\/product_brand?post=6753"},{"taxonomy":"product_cat","embeddable":true,"href":"https:\/\/ferrodex.com\/luisferrodexart\/wp-json\/wp\/v2\/product_cat?post=6753"},{"taxonomy":"product_tag","embeddable":true,"href":"https:\/\/ferrodex.com\/luisferrodexart\/wp-json\/wp\/v2\/product_tag?post=6753"}],"curies":[{"name":"wp","href":"https:\/\/api.w.org\/{rel}","templated":true}]}}