{"id":6727,"date":"2017-07-13T19:41:23","date_gmt":"2017-07-13T19:41:23","guid":{"rendered":"http:\/\/ferrodex.com\/luisferrodexart\/producto\/arbol-de-frutos-rojos\/"},"modified":"2018-01-14T12:06:06","modified_gmt":"2018-01-14T12:06:06","slug":"arbol-de-frutos-rojos","status":"publish","type":"product","link":"https:\/\/ferrodex.com\/luisferrodexart\/producto\/arbol-de-frutos-rojos\/","title":{"rendered":"\u00c1RBOL DE FRUTOS ROJOS"},"content":{"rendered":"<p>\u00c1rbol que esconde sus frutos en uno de los lados y que enra\u00edza tierra adentro con poder.&nbsp;<\/p>\n","protected":false},"excerpt":{"rendered":"<p>T\u00e9cnica al &nbsp;\u00f3leo &nbsp;sobre madera.<br \/>\nTama\u00f1o 60cms *85cms<br \/>\nA\u00f1o 2017<\/p>\n","protected":false},"featured_media":6728,"comment_status":"open","ping_status":"closed","template":"","meta":{"_et_pb_use_builder":"","_et_pb_old_content":"","_et_gb_content_width":"","ngg_post_thumbnail":0},"product_brand":[],"product_cat":[14],"product_tag":[],"class_list":{"0":"post-6727","1":"product","2":"type-product","3":"status-publish","4":"has-post-thumbnail","6":"product_cat-pinturas","8":"first","9":"instock","10":"taxable","11":"shipping-taxable","12":"purchasable","13":"product-type-simple"},"_links":{"self":[{"href":"https:\/\/ferrodex.com\/luisferrodexart\/wp-json\/wp\/v2\/product\/6727","targetHints":{"allow":["GET"]}}],"collection":[{"href":"https:\/\/ferrodex.com\/luisferrodexart\/wp-json\/wp\/v2\/product"}],"about":[{"href":"https:\/\/ferrodex.com\/luisferrodexart\/wp-json\/wp\/v2\/types\/product"}],"replies":[{"embeddable":true,"href":"https:\/\/ferrodex.com\/luisferrodexart\/wp-json\/wp\/v2\/comments?post=6727"}],"wp:featuredmedia":[{"embeddable":true,"href":"https:\/\/ferrodex.com\/luisferrodexart\/wp-json\/wp\/v2\/media\/6728"}],"wp:attachment":[{"href":"https:\/\/ferrodex.com\/luisferrodexart\/wp-json\/wp\/v2\/media?parent=6727"}],"wp:term":[{"taxonomy":"product_brand","embeddable":true,"href":"https:\/\/ferrodex.com\/luisferrodexart\/wp-json\/wp\/v2\/product_brand?post=6727"},{"taxonomy":"product_cat","embeddable":true,"href":"https:\/\/ferrodex.com\/luisferrodexart\/wp-json\/wp\/v2\/product_cat?post=6727"},{"taxonomy":"product_tag","embeddable":true,"href":"https:\/\/ferrodex.com\/luisferrodexart\/wp-json\/wp\/v2\/product_tag?post=6727"}],"curies":[{"name":"wp","href":"https:\/\/api.w.org\/{rel}","templated":true}]}}