{"id":6658,"date":"2017-05-09T18:48:04","date_gmt":"2017-05-09T18:48:04","guid":{"rendered":"http:\/\/ferrodex.com\/luisferrodexart\/producto\/love-hate\/"},"modified":"2020-08-05T17:17:40","modified_gmt":"2020-08-05T17:17:40","slug":"love-hate","status":"publish","type":"product","link":"https:\/\/ferrodex.com\/luisferrodexart\/producto\/love-hate\/","title":{"rendered":"LOVE &#038; HATE"},"content":{"rendered":"<p>El amor y odio encasillados en la mente del artista, que mira con ojos abiertos el devenir del futuro y de los d\u00edas.<\/p>\n","protected":false},"excerpt":{"rendered":"<p>T\u00e9cnica al acr\u00edlico y \u00f3leo y cart\u00f3n sobre madera.<br \/>\nTama\u00f1o 54cms *80cms<br \/>\nA\u00f1o 2017<\/p>\n","protected":false},"featured_media":6651,"comment_status":"open","ping_status":"closed","template":"","meta":{"_et_pb_use_builder":"","_et_pb_old_content":"","_et_gb_content_width":"","ngg_post_thumbnail":0},"product_brand":[],"product_cat":[27],"product_tag":[],"class_list":{"0":"post-6658","1":"product","2":"type-product","3":"status-publish","4":"has-post-thumbnail","6":"product_cat-otros-productos","8":"first","9":"instock","10":"taxable","11":"shipping-taxable","12":"purchasable","13":"product-type-simple"},"_links":{"self":[{"href":"https:\/\/ferrodex.com\/luisferrodexart\/wp-json\/wp\/v2\/product\/6658","targetHints":{"allow":["GET"]}}],"collection":[{"href":"https:\/\/ferrodex.com\/luisferrodexart\/wp-json\/wp\/v2\/product"}],"about":[{"href":"https:\/\/ferrodex.com\/luisferrodexart\/wp-json\/wp\/v2\/types\/product"}],"replies":[{"embeddable":true,"href":"https:\/\/ferrodex.com\/luisferrodexart\/wp-json\/wp\/v2\/comments?post=6658"}],"wp:featuredmedia":[{"embeddable":true,"href":"https:\/\/ferrodex.com\/luisferrodexart\/wp-json\/wp\/v2\/media\/6651"}],"wp:attachment":[{"href":"https:\/\/ferrodex.com\/luisferrodexart\/wp-json\/wp\/v2\/media?parent=6658"}],"wp:term":[{"taxonomy":"product_brand","embeddable":true,"href":"https:\/\/ferrodex.com\/luisferrodexart\/wp-json\/wp\/v2\/product_brand?post=6658"},{"taxonomy":"product_cat","embeddable":true,"href":"https:\/\/ferrodex.com\/luisferrodexart\/wp-json\/wp\/v2\/product_cat?post=6658"},{"taxonomy":"product_tag","embeddable":true,"href":"https:\/\/ferrodex.com\/luisferrodexart\/wp-json\/wp\/v2\/product_tag?post=6658"}],"curies":[{"name":"wp","href":"https:\/\/api.w.org\/{rel}","templated":true}]}}