{"id":6511,"date":"2017-03-05T11:14:08","date_gmt":"2017-03-05T11:14:08","guid":{"rendered":"http:\/\/ferrodex.com\/luisferrodexart\/producto\/timidez\/"},"modified":"2018-01-14T12:15:35","modified_gmt":"2018-01-14T12:15:35","slug":"timidez","status":"publish","type":"product","link":"https:\/\/ferrodex.com\/luisferrodexart\/producto\/timidez\/","title":{"rendered":"TIMIDEZ"},"content":{"rendered":"<p>Una hind\u00fa parece secarse sus ojos tras su sari. T\u00edmida, enigm\u00e1ticas, serena. Sus ojos denotan la m\u00e1s profunda de las tristezas por otro lado.<\/p>\n","protected":false},"excerpt":{"rendered":"<p>Fotograf\u00eda a color. Tama\u00f1o a elegir. &nbsp;<br \/>\nDin A3 a 60 \u20ac<br \/>\nDin A4 a 100 \u20ac<br \/>\nPara mayores impresiones consultar precios.<\/p>\n","protected":false},"featured_media":6491,"comment_status":"open","ping_status":"closed","template":"","meta":{"_et_pb_use_builder":"","_et_pb_old_content":"","_et_gb_content_width":"","ngg_post_thumbnail":0},"product_brand":[],"product_cat":[16],"product_tag":[],"class_list":{"0":"post-6511","1":"product","2":"type-product","3":"status-publish","4":"has-post-thumbnail","6":"product_cat-fotografia","8":"first","9":"instock","10":"taxable","11":"shipping-taxable","12":"purchasable","13":"product-type-simple"},"_links":{"self":[{"href":"https:\/\/ferrodex.com\/luisferrodexart\/wp-json\/wp\/v2\/product\/6511","targetHints":{"allow":["GET"]}}],"collection":[{"href":"https:\/\/ferrodex.com\/luisferrodexart\/wp-json\/wp\/v2\/product"}],"about":[{"href":"https:\/\/ferrodex.com\/luisferrodexart\/wp-json\/wp\/v2\/types\/product"}],"replies":[{"embeddable":true,"href":"https:\/\/ferrodex.com\/luisferrodexart\/wp-json\/wp\/v2\/comments?post=6511"}],"wp:featuredmedia":[{"embeddable":true,"href":"https:\/\/ferrodex.com\/luisferrodexart\/wp-json\/wp\/v2\/media\/6491"}],"wp:attachment":[{"href":"https:\/\/ferrodex.com\/luisferrodexart\/wp-json\/wp\/v2\/media?parent=6511"}],"wp:term":[{"taxonomy":"product_brand","embeddable":true,"href":"https:\/\/ferrodex.com\/luisferrodexart\/wp-json\/wp\/v2\/product_brand?post=6511"},{"taxonomy":"product_cat","embeddable":true,"href":"https:\/\/ferrodex.com\/luisferrodexart\/wp-json\/wp\/v2\/product_cat?post=6511"},{"taxonomy":"product_tag","embeddable":true,"href":"https:\/\/ferrodex.com\/luisferrodexart\/wp-json\/wp\/v2\/product_tag?post=6511"}],"curies":[{"name":"wp","href":"https:\/\/api.w.org\/{rel}","templated":true}]}}