{"id":6484,"date":"2017-03-04T17:04:25","date_gmt":"2017-03-04T17:04:25","guid":{"rendered":"http:\/\/ferrodex.com\/luisferrodexart\/producto\/epicentro-con-formas-divergentes\/"},"modified":"2020-08-05T17:20:00","modified_gmt":"2020-08-05T17:20:00","slug":"epicentro-con-formas-divergentes","status":"publish","type":"product","link":"https:\/\/ferrodex.com\/luisferrodexart\/producto\/epicentro-con-formas-divergentes\/","title":{"rendered":"EPICENTRO CON FORMAS DIVERGENTES"},"content":{"rendered":"<p>Las formas convergentes afloran sobre un n\u00facleo de blancos y negros. La simetr\u00eda de los tri\u00e1ngulos contrapunta con la voracidad de las formas<\/p>\n","protected":false},"excerpt":{"rendered":"<p>T\u00e9cnica al acr\u00edlico sobre cart\u00f3n madera.<br \/>\nTama\u00f1o 48cms *54cms<br \/>\nA\u00f1o 2017<\/p>\n","protected":false},"featured_media":6483,"comment_status":"open","ping_status":"closed","template":"","meta":{"_et_pb_use_builder":"","_et_pb_old_content":"","_et_gb_content_width":"","ngg_post_thumbnail":0},"product_brand":[],"product_cat":[27],"product_tag":[],"class_list":{"0":"post-6484","1":"product","2":"type-product","3":"status-publish","4":"has-post-thumbnail","6":"product_cat-otros-productos","8":"first","9":"instock","10":"sale","11":"taxable","12":"shipping-taxable","13":"purchasable","14":"product-type-simple"},"_links":{"self":[{"href":"https:\/\/ferrodex.com\/luisferrodexart\/wp-json\/wp\/v2\/product\/6484","targetHints":{"allow":["GET"]}}],"collection":[{"href":"https:\/\/ferrodex.com\/luisferrodexart\/wp-json\/wp\/v2\/product"}],"about":[{"href":"https:\/\/ferrodex.com\/luisferrodexart\/wp-json\/wp\/v2\/types\/product"}],"replies":[{"embeddable":true,"href":"https:\/\/ferrodex.com\/luisferrodexart\/wp-json\/wp\/v2\/comments?post=6484"}],"wp:featuredmedia":[{"embeddable":true,"href":"https:\/\/ferrodex.com\/luisferrodexart\/wp-json\/wp\/v2\/media\/6483"}],"wp:attachment":[{"href":"https:\/\/ferrodex.com\/luisferrodexart\/wp-json\/wp\/v2\/media?parent=6484"}],"wp:term":[{"taxonomy":"product_brand","embeddable":true,"href":"https:\/\/ferrodex.com\/luisferrodexart\/wp-json\/wp\/v2\/product_brand?post=6484"},{"taxonomy":"product_cat","embeddable":true,"href":"https:\/\/ferrodex.com\/luisferrodexart\/wp-json\/wp\/v2\/product_cat?post=6484"},{"taxonomy":"product_tag","embeddable":true,"href":"https:\/\/ferrodex.com\/luisferrodexart\/wp-json\/wp\/v2\/product_tag?post=6484"}],"curies":[{"name":"wp","href":"https:\/\/api.w.org\/{rel}","templated":true}]}}