{"id":6451,"date":"2017-02-14T11:04:38","date_gmt":"2017-02-14T11:04:38","guid":{"rendered":"http:\/\/ferrodex.com\/luisferrodexart\/producto\/el-rostro-feliz-de-la-edad\/"},"modified":"2018-01-14T12:18:09","modified_gmt":"2018-01-14T12:18:09","slug":"el-rostro-feliz-de-la-edad","status":"publish","type":"product","link":"https:\/\/ferrodex.com\/luisferrodexart\/producto\/el-rostro-feliz-de-la-edad\/","title":{"rendered":"EL ROSTRO FELIZ DE LA EDAD"},"content":{"rendered":"<p>Las arrugas de esta mujer rumana hacen mella honda por el paso de los a\u00f1os. No puede haber m\u00e1s ternura y belleza. Los a\u00f1os como fuente de sabidur\u00eda y saber estar. Posa la mujer como el que ve perpetuado su legado. Feliz y sonriente, sin m\u00e1s preocupaci\u00f3n que la de sentirse querida.<\/p>\n","protected":false},"excerpt":{"rendered":"<p>T\u00e9cnica al&nbsp;\u00f3leo sobre lienzo.<br \/>\nTama\u00f1o 100cms *80cms<br \/>\nA\u00f1o 2017<\/p>\n","protected":false},"featured_media":6450,"comment_status":"open","ping_status":"closed","template":"","meta":{"_et_pb_use_builder":"","_et_pb_old_content":"","_et_gb_content_width":"","ngg_post_thumbnail":0},"product_brand":[],"product_cat":[14],"product_tag":[],"class_list":{"0":"post-6451","1":"product","2":"type-product","3":"status-publish","4":"has-post-thumbnail","6":"product_cat-pinturas","8":"first","9":"instock","10":"taxable","11":"shipping-taxable","12":"purchasable","13":"product-type-simple"},"_links":{"self":[{"href":"https:\/\/ferrodex.com\/luisferrodexart\/wp-json\/wp\/v2\/product\/6451","targetHints":{"allow":["GET"]}}],"collection":[{"href":"https:\/\/ferrodex.com\/luisferrodexart\/wp-json\/wp\/v2\/product"}],"about":[{"href":"https:\/\/ferrodex.com\/luisferrodexart\/wp-json\/wp\/v2\/types\/product"}],"replies":[{"embeddable":true,"href":"https:\/\/ferrodex.com\/luisferrodexart\/wp-json\/wp\/v2\/comments?post=6451"}],"wp:featuredmedia":[{"embeddable":true,"href":"https:\/\/ferrodex.com\/luisferrodexart\/wp-json\/wp\/v2\/media\/6450"}],"wp:attachment":[{"href":"https:\/\/ferrodex.com\/luisferrodexart\/wp-json\/wp\/v2\/media?parent=6451"}],"wp:term":[{"taxonomy":"product_brand","embeddable":true,"href":"https:\/\/ferrodex.com\/luisferrodexart\/wp-json\/wp\/v2\/product_brand?post=6451"},{"taxonomy":"product_cat","embeddable":true,"href":"https:\/\/ferrodex.com\/luisferrodexart\/wp-json\/wp\/v2\/product_cat?post=6451"},{"taxonomy":"product_tag","embeddable":true,"href":"https:\/\/ferrodex.com\/luisferrodexart\/wp-json\/wp\/v2\/product_tag?post=6451"}],"curies":[{"name":"wp","href":"https:\/\/api.w.org\/{rel}","templated":true}]}}