{"id":6313,"date":"2017-01-30T18:46:03","date_gmt":"2017-01-30T18:46:03","guid":{"rendered":"http:\/\/ferrodex.com\/luisferrodexart\/producto\/x-no-disponible-menina-mahillo\/"},"modified":"2021-10-03T09:02:55","modified_gmt":"2021-10-03T09:02:55","slug":"no-disponible-menina-mahillo","status":"publish","type":"product","link":"https:\/\/ferrodex.com\/luisferrodexart\/producto\/no-disponible-menina-mahillo\/","title":{"rendered":"no disponible!!! MENINA MAHILLO"},"content":{"rendered":"<p>Dise\u00f1o realizado para el Restaurante Mahillo de la localidad de&nbsp;Ahigal&nbsp;(C\u00e1ceres), con&nbsp;una menina d\u00f3nde las puntas de su cabello son tenedores, d\u00f3nde el vestido se adorna de cucharas y los cuchillos adornan la pared.<\/p>\n","protected":false},"excerpt":{"rendered":"<p>T\u00e9cnica mixta de acr\u00edlico, \u00f3leo y cubiertos pl\u00e1sticos&nbsp;sobre madera.<br \/>\nTama\u00f1o 67cms *100cms<br \/>\nA\u00f1o 2016<\/p>\n<p>SI EST\u00c1S INTERESADO EN ESTE CUADRO TE PUEDO PINTAR UNO SIMILAR.<\/p>\n","protected":false},"featured_media":6240,"comment_status":"open","ping_status":"closed","template":"","meta":{"_et_pb_use_builder":"","_et_pb_old_content":"","_et_gb_content_width":"","ngg_post_thumbnail":0},"product_brand":[],"product_cat":[23],"product_tag":[],"class_list":{"0":"post-6313","1":"product","2":"type-product","3":"status-publish","4":"has-post-thumbnail","6":"product_cat-no-disponible","8":"first","9":"instock","10":"taxable","11":"shipping-taxable","12":"product-type-simple"},"_links":{"self":[{"href":"https:\/\/ferrodex.com\/luisferrodexart\/wp-json\/wp\/v2\/product\/6313","targetHints":{"allow":["GET"]}}],"collection":[{"href":"https:\/\/ferrodex.com\/luisferrodexart\/wp-json\/wp\/v2\/product"}],"about":[{"href":"https:\/\/ferrodex.com\/luisferrodexart\/wp-json\/wp\/v2\/types\/product"}],"replies":[{"embeddable":true,"href":"https:\/\/ferrodex.com\/luisferrodexart\/wp-json\/wp\/v2\/comments?post=6313"}],"wp:featuredmedia":[{"embeddable":true,"href":"https:\/\/ferrodex.com\/luisferrodexart\/wp-json\/wp\/v2\/media\/6240"}],"wp:attachment":[{"href":"https:\/\/ferrodex.com\/luisferrodexart\/wp-json\/wp\/v2\/media?parent=6313"}],"wp:term":[{"taxonomy":"product_brand","embeddable":true,"href":"https:\/\/ferrodex.com\/luisferrodexart\/wp-json\/wp\/v2\/product_brand?post=6313"},{"taxonomy":"product_cat","embeddable":true,"href":"https:\/\/ferrodex.com\/luisferrodexart\/wp-json\/wp\/v2\/product_cat?post=6313"},{"taxonomy":"product_tag","embeddable":true,"href":"https:\/\/ferrodex.com\/luisferrodexart\/wp-json\/wp\/v2\/product_tag?post=6313"}],"curies":[{"name":"wp","href":"https:\/\/api.w.org\/{rel}","templated":true}]}}