{"id":6290,"date":"2017-01-28T13:38:49","date_gmt":"2017-01-28T13:38:49","guid":{"rendered":"http:\/\/ferrodex.com\/luisferrodexart\/producto\/mariposa-macaon\/"},"modified":"2020-08-05T17:29:30","modified_gmt":"2020-08-05T17:29:30","slug":"mariposa-macaon","status":"publish","type":"product","link":"https:\/\/ferrodex.com\/luisferrodexart\/producto\/mariposa-macaon\/","title":{"rendered":"MARIPOSA MACA\u00d3N"},"content":{"rendered":"<p>Mariposa Maca\u00f3n, sin terminar, como la vida misma. Siempre la vida es inconclusa, incluso dejando este mundo jam\u00e1s ponemos punto y final.<\/p>\n","protected":false},"excerpt":{"rendered":"<p>Pintura acuarela sobre papel.<br \/>\nTama\u00f1o 27cms * 32cms<br \/>\nA\u00f1o 1990<\/p>\n<p>SE VENDE ENMARCADA<\/p>\n","protected":false},"featured_media":6170,"comment_status":"open","ping_status":"closed","template":"","meta":{"_et_pb_use_builder":"","_et_pb_old_content":"","_et_gb_content_width":"","ngg_post_thumbnail":0},"product_brand":[],"product_cat":[27],"product_tag":[],"class_list":{"0":"post-6290","1":"product","2":"type-product","3":"status-publish","4":"has-post-thumbnail","6":"product_cat-otros-productos","8":"first","9":"instock","10":"taxable","11":"shipping-taxable","12":"purchasable","13":"product-type-simple"},"_links":{"self":[{"href":"https:\/\/ferrodex.com\/luisferrodexart\/wp-json\/wp\/v2\/product\/6290","targetHints":{"allow":["GET"]}}],"collection":[{"href":"https:\/\/ferrodex.com\/luisferrodexart\/wp-json\/wp\/v2\/product"}],"about":[{"href":"https:\/\/ferrodex.com\/luisferrodexart\/wp-json\/wp\/v2\/types\/product"}],"replies":[{"embeddable":true,"href":"https:\/\/ferrodex.com\/luisferrodexart\/wp-json\/wp\/v2\/comments?post=6290"}],"wp:featuredmedia":[{"embeddable":true,"href":"https:\/\/ferrodex.com\/luisferrodexart\/wp-json\/wp\/v2\/media\/6170"}],"wp:attachment":[{"href":"https:\/\/ferrodex.com\/luisferrodexart\/wp-json\/wp\/v2\/media?parent=6290"}],"wp:term":[{"taxonomy":"product_brand","embeddable":true,"href":"https:\/\/ferrodex.com\/luisferrodexart\/wp-json\/wp\/v2\/product_brand?post=6290"},{"taxonomy":"product_cat","embeddable":true,"href":"https:\/\/ferrodex.com\/luisferrodexart\/wp-json\/wp\/v2\/product_cat?post=6290"},{"taxonomy":"product_tag","embeddable":true,"href":"https:\/\/ferrodex.com\/luisferrodexart\/wp-json\/wp\/v2\/product_tag?post=6290"}],"curies":[{"name":"wp","href":"https:\/\/api.w.org\/{rel}","templated":true}]}}