{"id":6134,"date":"2017-01-25T18:56:40","date_gmt":"2017-01-25T18:56:40","guid":{"rendered":"http:\/\/ferrodex.com\/luisferrodexart\/producto\/pajaros-electricos\/"},"modified":"2018-01-14T12:45:53","modified_gmt":"2018-01-14T12:45:53","slug":"pajaros-electricos","status":"publish","type":"product","link":"https:\/\/ferrodex.com\/luisferrodexart\/producto\/pajaros-electricos\/","title":{"rendered":"P\u00c1JAROS EL\u00c9CTRICOS"},"content":{"rendered":"<p>Sin soluci\u00f3n de continuidad, las grajillas forman parte de la red el\u00e9ctrica. Inmortales.<\/p>\n","protected":false},"excerpt":{"rendered":"<p>Fotograf\u00eda a color. Tama\u00f1o a elegir. &nbsp;<br \/>\nDin A3 a 60 \u20ac<br \/>\nDin A4 a 100 \u20ac<br \/>\nPara mayores impresiones consultar precios.<\/p>\n","protected":false},"featured_media":6127,"comment_status":"open","ping_status":"closed","template":"","meta":{"_et_pb_use_builder":"","_et_pb_old_content":"","_et_gb_content_width":"","ngg_post_thumbnail":0},"product_brand":[],"product_cat":[16],"product_tag":[],"class_list":{"0":"post-6134","1":"product","2":"type-product","3":"status-publish","4":"has-post-thumbnail","6":"product_cat-fotografia","8":"first","9":"instock","10":"taxable","11":"shipping-taxable","12":"purchasable","13":"product-type-simple"},"_links":{"self":[{"href":"https:\/\/ferrodex.com\/luisferrodexart\/wp-json\/wp\/v2\/product\/6134","targetHints":{"allow":["GET"]}}],"collection":[{"href":"https:\/\/ferrodex.com\/luisferrodexart\/wp-json\/wp\/v2\/product"}],"about":[{"href":"https:\/\/ferrodex.com\/luisferrodexart\/wp-json\/wp\/v2\/types\/product"}],"replies":[{"embeddable":true,"href":"https:\/\/ferrodex.com\/luisferrodexart\/wp-json\/wp\/v2\/comments?post=6134"}],"wp:featuredmedia":[{"embeddable":true,"href":"https:\/\/ferrodex.com\/luisferrodexart\/wp-json\/wp\/v2\/media\/6127"}],"wp:attachment":[{"href":"https:\/\/ferrodex.com\/luisferrodexart\/wp-json\/wp\/v2\/media?parent=6134"}],"wp:term":[{"taxonomy":"product_brand","embeddable":true,"href":"https:\/\/ferrodex.com\/luisferrodexart\/wp-json\/wp\/v2\/product_brand?post=6134"},{"taxonomy":"product_cat","embeddable":true,"href":"https:\/\/ferrodex.com\/luisferrodexart\/wp-json\/wp\/v2\/product_cat?post=6134"},{"taxonomy":"product_tag","embeddable":true,"href":"https:\/\/ferrodex.com\/luisferrodexart\/wp-json\/wp\/v2\/product_tag?post=6134"}],"curies":[{"name":"wp","href":"https:\/\/api.w.org\/{rel}","templated":true}]}}