{"id":6106,"date":"2017-01-25T14:09:17","date_gmt":"2017-01-25T14:09:17","guid":{"rendered":"http:\/\/ferrodex.com\/luisferrodexart\/producto\/adan-y-eva-derrochando-amor\/"},"modified":"2020-08-05T17:52:45","modified_gmt":"2020-08-05T17:52:45","slug":"adan-y-eva-derrochando-amor","status":"publish","type":"product","link":"https:\/\/ferrodex.com\/luisferrodexart\/producto\/adan-y-eva-derrochando-amor\/","title":{"rendered":"AD\u00c1N Y EVA DERROCHANDO AMOR"},"content":{"rendered":"<p>En el para\u00edso, entre verdes, Ad\u00e1n encuentra a su Eva y derrochan amor entre ambos. La mujer, siempre lleva el amor a sus hombros. Siempre pone el coraz\u00f3n en todo lo que hace.&nbsp;<\/p>\n","protected":false},"excerpt":{"rendered":"<p>Pintura al \u00f3leo&nbsp;sobre madera.<br \/>\nTama\u00f1o de &nbsp;54cms * 82,5cms<br \/>\nA\u00f1o 2017<\/p>\n<p>&nbsp;<\/p>\n","protected":false},"featured_media":6108,"comment_status":"open","ping_status":"closed","template":"","meta":{"_et_pb_use_builder":"","_et_pb_old_content":"","_et_gb_content_width":"","ngg_post_thumbnail":0},"product_brand":[],"product_cat":[44,14],"product_tag":[],"class_list":{"0":"post-6106","1":"product","2":"type-product","3":"status-publish","4":"has-post-thumbnail","6":"product_cat-desnudos","7":"product_cat-pinturas","9":"first","10":"instock","11":"taxable","12":"shipping-taxable","13":"purchasable","14":"product-type-simple"},"_links":{"self":[{"href":"https:\/\/ferrodex.com\/luisferrodexart\/wp-json\/wp\/v2\/product\/6106","targetHints":{"allow":["GET"]}}],"collection":[{"href":"https:\/\/ferrodex.com\/luisferrodexart\/wp-json\/wp\/v2\/product"}],"about":[{"href":"https:\/\/ferrodex.com\/luisferrodexart\/wp-json\/wp\/v2\/types\/product"}],"replies":[{"embeddable":true,"href":"https:\/\/ferrodex.com\/luisferrodexart\/wp-json\/wp\/v2\/comments?post=6106"}],"wp:featuredmedia":[{"embeddable":true,"href":"https:\/\/ferrodex.com\/luisferrodexart\/wp-json\/wp\/v2\/media\/6108"}],"wp:attachment":[{"href":"https:\/\/ferrodex.com\/luisferrodexart\/wp-json\/wp\/v2\/media?parent=6106"}],"wp:term":[{"taxonomy":"product_brand","embeddable":true,"href":"https:\/\/ferrodex.com\/luisferrodexart\/wp-json\/wp\/v2\/product_brand?post=6106"},{"taxonomy":"product_cat","embeddable":true,"href":"https:\/\/ferrodex.com\/luisferrodexart\/wp-json\/wp\/v2\/product_cat?post=6106"},{"taxonomy":"product_tag","embeddable":true,"href":"https:\/\/ferrodex.com\/luisferrodexart\/wp-json\/wp\/v2\/product_tag?post=6106"}],"curies":[{"name":"wp","href":"https:\/\/api.w.org\/{rel}","templated":true}]}}