{"id":6098,"date":"2017-01-25T07:03:31","date_gmt":"2017-01-25T07:03:31","guid":{"rendered":"http:\/\/ferrodex.com\/luisferrodexart\/producto\/x-no-disponible-si-a-los-toros\/"},"modified":"2021-10-03T08:55:48","modified_gmt":"2021-10-03T08:55:48","slug":"no-disponible-si-a-los-toros","status":"publish","type":"product","link":"https:\/\/ferrodex.com\/luisferrodexart\/producto\/no-disponible-si-a-los-toros\/","title":{"rendered":"no disponible!!! S\u00cd A LOS TOROS"},"content":{"rendered":"<p>Libertad de expresi\u00f3n y elecci\u00f3n. No se puede prohibir algo por que s\u00f3lo a ti no te gusta.<\/p>\n","protected":false},"excerpt":{"rendered":"<p>Pintura mixta de acr\u00edlico y&nbsp;\u00f3leo sobre puerta de&nbsp;madera.<br \/>\nTama\u00f1o 40cms * 60cms<br \/>\nA\u00f1o 2016<\/p>\n<p>SI EST\u00c1S INTERESADO EN ESTE CUADRO TE PUEDO PINTAR UNO SIMILAR.<\/p>\n","protected":false},"featured_media":6099,"comment_status":"open","ping_status":"closed","template":"","meta":{"_et_pb_use_builder":"","_et_pb_old_content":"","_et_gb_content_width":"","ngg_post_thumbnail":0},"product_brand":[],"product_cat":[23],"product_tag":[],"class_list":{"0":"post-6098","1":"product","2":"type-product","3":"status-publish","4":"has-post-thumbnail","6":"product_cat-no-disponible","8":"first","9":"instock","10":"taxable","11":"shipping-taxable","12":"product-type-simple"},"_links":{"self":[{"href":"https:\/\/ferrodex.com\/luisferrodexart\/wp-json\/wp\/v2\/product\/6098","targetHints":{"allow":["GET"]}}],"collection":[{"href":"https:\/\/ferrodex.com\/luisferrodexart\/wp-json\/wp\/v2\/product"}],"about":[{"href":"https:\/\/ferrodex.com\/luisferrodexart\/wp-json\/wp\/v2\/types\/product"}],"replies":[{"embeddable":true,"href":"https:\/\/ferrodex.com\/luisferrodexart\/wp-json\/wp\/v2\/comments?post=6098"}],"wp:featuredmedia":[{"embeddable":true,"href":"https:\/\/ferrodex.com\/luisferrodexart\/wp-json\/wp\/v2\/media\/6099"}],"wp:attachment":[{"href":"https:\/\/ferrodex.com\/luisferrodexart\/wp-json\/wp\/v2\/media?parent=6098"}],"wp:term":[{"taxonomy":"product_brand","embeddable":true,"href":"https:\/\/ferrodex.com\/luisferrodexart\/wp-json\/wp\/v2\/product_brand?post=6098"},{"taxonomy":"product_cat","embeddable":true,"href":"https:\/\/ferrodex.com\/luisferrodexart\/wp-json\/wp\/v2\/product_cat?post=6098"},{"taxonomy":"product_tag","embeddable":true,"href":"https:\/\/ferrodex.com\/luisferrodexart\/wp-json\/wp\/v2\/product_tag?post=6098"}],"curies":[{"name":"wp","href":"https:\/\/api.w.org\/{rel}","templated":true}]}}