{"id":6066,"date":"2017-01-22T15:12:38","date_gmt":"2017-01-22T15:12:38","guid":{"rendered":"http:\/\/ferrodex.com\/luisferrodexart\/producto\/minotaurus\/"},"modified":"2020-08-05T17:31:29","modified_gmt":"2020-08-05T17:31:29","slug":"minotaurus","status":"publish","type":"product","link":"https:\/\/ferrodex.com\/luisferrodexart\/producto\/minotaurus\/","title":{"rendered":"MINOTAURUS"},"content":{"rendered":"<p>El minotauro era hijo de Pasifae, esposa del rey Minos de Creta y de un toro blanco enviado por Poseid\u00f3n, dios del mar. Minos hab\u00eda ofendido gravemente a Posid\u00f3n quien como venganza hizo que Pasifae se enamorase del animal. Fruto de dicha uni\u00f3n naci\u00f3 el Minotauro, un ser violento, mitad hombre, mitad toro, que se alimentaba de carne humana. Para esconder su verg\u00fcenza y proteger a su pueblo, el rey Minos rog\u00f3 al inventor D\u00e9dalo que le construyera un laberinto del que el monstruo nunca pudiera salir. Cada nueve a\u00f1os, a fin de apaciguarlo, Minos le ofrec\u00eda la bestia, siete mujeres y siete j\u00f3venes que impon\u00eda como tributo a la ciudad de Atenas.<\/p>\n<div id=\"div-gpt-ad-1402493317632-0\" class=\"adcontentresponsive adcontent2_dfp\" data-google-query-id=\"CKnNnp-F1tECFawi0wod_vYJhg\">&nbsp;<\/div>\n<div class=\"adcontentresponsive acontent3\">&nbsp;<\/div>\n<div class=\"itemImage\">&nbsp;<\/div>\n","protected":false},"excerpt":{"rendered":"<p>Acuarela sobre papel.<br \/>\nTama\u00f1o 30cms *21,5cms<br \/>\nA\u00f1o 2016<\/p>\n","protected":false},"featured_media":6064,"comment_status":"open","ping_status":"closed","template":"","meta":{"_et_pb_use_builder":"","_et_pb_old_content":"","_et_gb_content_width":"","ngg_post_thumbnail":0},"product_brand":[],"product_cat":[27,25],"product_tag":[],"class_list":{"0":"post-6066","1":"product","2":"type-product","3":"status-publish","4":"has-post-thumbnail","6":"product_cat-otros-productos","7":"product_cat-toros","9":"first","10":"instock","11":"taxable","12":"shipping-taxable","13":"purchasable","14":"product-type-simple"},"_links":{"self":[{"href":"https:\/\/ferrodex.com\/luisferrodexart\/wp-json\/wp\/v2\/product\/6066","targetHints":{"allow":["GET"]}}],"collection":[{"href":"https:\/\/ferrodex.com\/luisferrodexart\/wp-json\/wp\/v2\/product"}],"about":[{"href":"https:\/\/ferrodex.com\/luisferrodexart\/wp-json\/wp\/v2\/types\/product"}],"replies":[{"embeddable":true,"href":"https:\/\/ferrodex.com\/luisferrodexart\/wp-json\/wp\/v2\/comments?post=6066"}],"wp:featuredmedia":[{"embeddable":true,"href":"https:\/\/ferrodex.com\/luisferrodexart\/wp-json\/wp\/v2\/media\/6064"}],"wp:attachment":[{"href":"https:\/\/ferrodex.com\/luisferrodexart\/wp-json\/wp\/v2\/media?parent=6066"}],"wp:term":[{"taxonomy":"product_brand","embeddable":true,"href":"https:\/\/ferrodex.com\/luisferrodexart\/wp-json\/wp\/v2\/product_brand?post=6066"},{"taxonomy":"product_cat","embeddable":true,"href":"https:\/\/ferrodex.com\/luisferrodexart\/wp-json\/wp\/v2\/product_cat?post=6066"},{"taxonomy":"product_tag","embeddable":true,"href":"https:\/\/ferrodex.com\/luisferrodexart\/wp-json\/wp\/v2\/product_tag?post=6066"}],"curies":[{"name":"wp","href":"https:\/\/api.w.org\/{rel}","templated":true}]}}