{"id":5848,"date":"2017-01-19T18:17:56","date_gmt":"2017-01-19T18:17:56","guid":{"rendered":"http:\/\/ferrodex.com\/luisferrodexart\/producto\/abstract-budha\/"},"modified":"2020-08-05T17:35:46","modified_gmt":"2020-08-05T17:35:46","slug":"abstract-budha","status":"publish","type":"product","link":"https:\/\/ferrodex.com\/luisferrodexart\/producto\/abstract-budha\/","title":{"rendered":"ABSTRACT BUDDHA"},"content":{"rendered":"<p>Las diferentes ramas del budismo difieren acerca de la exacta naturaleza del camino a la liberaci\u00f3n, la importancia y valor can\u00f3nico de varias escrituras y ense\u00f1anzas y, especialmente, en las respectivas pr\u00e1cticas del budismo. Estas pr\u00e1cticas incluyen el Refugio Espiritual, la Samatha, Vipassana, Bodhicitta y las pr\u00e1cticas de la Vajray\u0101na del Estado de Generaci\u00f3n y el Estado de Terminaci\u00f3n.<\/p>\n","protected":false},"excerpt":{"rendered":"<p>T\u00e9cnica mixta de pintura acr\u00edlica y papel sobre lienzo.<br \/>\nTama\u00f1o 29cms * 40cms<br \/>\nA\u00f1o 2016<\/p>\n","protected":false},"featured_media":5824,"comment_status":"open","ping_status":"closed","template":"","meta":{"_et_pb_use_builder":"","_et_pb_old_content":"","_et_gb_content_width":"","ngg_post_thumbnail":0},"product_brand":[],"product_cat":[15,27],"product_tag":[],"class_list":{"0":"post-5848","1":"product","2":"type-product","3":"status-publish","4":"has-post-thumbnail","6":"product_cat-escultura","7":"product_cat-otros-productos","9":"first","10":"instock","11":"taxable","12":"shipping-taxable","13":"purchasable","14":"product-type-simple"},"_links":{"self":[{"href":"https:\/\/ferrodex.com\/luisferrodexart\/wp-json\/wp\/v2\/product\/5848","targetHints":{"allow":["GET"]}}],"collection":[{"href":"https:\/\/ferrodex.com\/luisferrodexart\/wp-json\/wp\/v2\/product"}],"about":[{"href":"https:\/\/ferrodex.com\/luisferrodexart\/wp-json\/wp\/v2\/types\/product"}],"replies":[{"embeddable":true,"href":"https:\/\/ferrodex.com\/luisferrodexart\/wp-json\/wp\/v2\/comments?post=5848"}],"wp:featuredmedia":[{"embeddable":true,"href":"https:\/\/ferrodex.com\/luisferrodexart\/wp-json\/wp\/v2\/media\/5824"}],"wp:attachment":[{"href":"https:\/\/ferrodex.com\/luisferrodexart\/wp-json\/wp\/v2\/media?parent=5848"}],"wp:term":[{"taxonomy":"product_brand","embeddable":true,"href":"https:\/\/ferrodex.com\/luisferrodexart\/wp-json\/wp\/v2\/product_brand?post=5848"},{"taxonomy":"product_cat","embeddable":true,"href":"https:\/\/ferrodex.com\/luisferrodexart\/wp-json\/wp\/v2\/product_cat?post=5848"},{"taxonomy":"product_tag","embeddable":true,"href":"https:\/\/ferrodex.com\/luisferrodexart\/wp-json\/wp\/v2\/product_tag?post=5848"}],"curies":[{"name":"wp","href":"https:\/\/api.w.org\/{rel}","templated":true}]}}