{"id":5772,"date":"2017-01-19T09:39:56","date_gmt":"2017-01-19T09:39:56","guid":{"rendered":"http:\/\/ferrodex.com\/luisferrodexart\/producto\/buda\/"},"modified":"2020-08-05T17:37:22","modified_gmt":"2020-08-05T17:37:22","slug":"buddha","status":"publish","type":"product","link":"https:\/\/ferrodex.com\/luisferrodexart\/producto\/buddha\/","title":{"rendered":"BUDDHA"},"content":{"rendered":"<p>Todo es relajaci\u00f3n y sumisi\u00f3n ante la figura ic\u00f3nica y m\u00edstica de un Buda. Recuerdos de mi viaje a la India, felicidad en torno a la pobreza, compartir para ser felices.<\/p>\n","protected":false},"excerpt":{"rendered":"<p>T\u00e9cnica mixta acr\u00edlico, \u00f3leo sobre&nbsp;madera<br \/>\nTama\u00f1o 67cms * 100cms<br \/>\nA\u00f1o 2016<\/p>\n","protected":false},"featured_media":5773,"comment_status":"open","ping_status":"closed","template":"","meta":{"_et_pb_use_builder":"","_et_pb_old_content":"","_et_gb_content_width":"","ngg_post_thumbnail":0},"product_brand":[],"product_cat":[27],"product_tag":[],"class_list":{"0":"post-5772","1":"product","2":"type-product","3":"status-publish","4":"has-post-thumbnail","6":"product_cat-otros-productos","8":"first","9":"instock","10":"taxable","11":"shipping-taxable","12":"purchasable","13":"product-type-simple"},"_links":{"self":[{"href":"https:\/\/ferrodex.com\/luisferrodexart\/wp-json\/wp\/v2\/product\/5772","targetHints":{"allow":["GET"]}}],"collection":[{"href":"https:\/\/ferrodex.com\/luisferrodexart\/wp-json\/wp\/v2\/product"}],"about":[{"href":"https:\/\/ferrodex.com\/luisferrodexart\/wp-json\/wp\/v2\/types\/product"}],"replies":[{"embeddable":true,"href":"https:\/\/ferrodex.com\/luisferrodexart\/wp-json\/wp\/v2\/comments?post=5772"}],"wp:featuredmedia":[{"embeddable":true,"href":"https:\/\/ferrodex.com\/luisferrodexart\/wp-json\/wp\/v2\/media\/5773"}],"wp:attachment":[{"href":"https:\/\/ferrodex.com\/luisferrodexart\/wp-json\/wp\/v2\/media?parent=5772"}],"wp:term":[{"taxonomy":"product_brand","embeddable":true,"href":"https:\/\/ferrodex.com\/luisferrodexart\/wp-json\/wp\/v2\/product_brand?post=5772"},{"taxonomy":"product_cat","embeddable":true,"href":"https:\/\/ferrodex.com\/luisferrodexart\/wp-json\/wp\/v2\/product_cat?post=5772"},{"taxonomy":"product_tag","embeddable":true,"href":"https:\/\/ferrodex.com\/luisferrodexart\/wp-json\/wp\/v2\/product_tag?post=5772"}],"curies":[{"name":"wp","href":"https:\/\/api.w.org\/{rel}","templated":true}]}}