{"id":5768,"date":"2017-01-19T09:35:31","date_gmt":"2017-01-19T09:35:31","guid":{"rendered":"http:\/\/ferrodex.com\/luisferrodexart\/producto\/bull\/"},"modified":"2020-08-05T17:51:24","modified_gmt":"2020-08-05T17:51:24","slug":"bull","status":"publish","type":"product","link":"https:\/\/ferrodex.com\/luisferrodexart\/producto\/bull\/","title":{"rendered":"BULL"},"content":{"rendered":"<p>[:es]Hermosa la cabeza expresiva de un Toro Bravo, con el fondo asemejando una plaza de toros y con dos banderillas y reales arpones tras \u00e9l.[:]<\/p>\n","protected":false},"excerpt":{"rendered":"<p>[:es]T\u00e9cnica mixta acr\u00edlico, \u00f3leo y rejones de banderillas sobre madera<br \/>\nTama\u00f1o 67cms * 100cms<br \/>\nA\u00f1o 2016[:]<\/p>\n","protected":false},"featured_media":5769,"comment_status":"open","ping_status":"closed","template":"","meta":{"_et_pb_use_builder":"","_et_pb_old_content":"","_et_gb_content_width":"","ngg_post_thumbnail":0},"product_brand":[],"product_cat":[14,25],"product_tag":[],"class_list":{"0":"post-5768","1":"product","2":"type-product","3":"status-publish","4":"has-post-thumbnail","6":"product_cat-pinturas","7":"product_cat-toros","9":"first","10":"instock","11":"taxable","12":"shipping-taxable","13":"purchasable","14":"product-type-simple"},"_links":{"self":[{"href":"https:\/\/ferrodex.com\/luisferrodexart\/wp-json\/wp\/v2\/product\/5768","targetHints":{"allow":["GET"]}}],"collection":[{"href":"https:\/\/ferrodex.com\/luisferrodexart\/wp-json\/wp\/v2\/product"}],"about":[{"href":"https:\/\/ferrodex.com\/luisferrodexart\/wp-json\/wp\/v2\/types\/product"}],"replies":[{"embeddable":true,"href":"https:\/\/ferrodex.com\/luisferrodexart\/wp-json\/wp\/v2\/comments?post=5768"}],"wp:featuredmedia":[{"embeddable":true,"href":"https:\/\/ferrodex.com\/luisferrodexart\/wp-json\/wp\/v2\/media\/5769"}],"wp:attachment":[{"href":"https:\/\/ferrodex.com\/luisferrodexart\/wp-json\/wp\/v2\/media?parent=5768"}],"wp:term":[{"taxonomy":"product_brand","embeddable":true,"href":"https:\/\/ferrodex.com\/luisferrodexart\/wp-json\/wp\/v2\/product_brand?post=5768"},{"taxonomy":"product_cat","embeddable":true,"href":"https:\/\/ferrodex.com\/luisferrodexart\/wp-json\/wp\/v2\/product_cat?post=5768"},{"taxonomy":"product_tag","embeddable":true,"href":"https:\/\/ferrodex.com\/luisferrodexart\/wp-json\/wp\/v2\/product_tag?post=5768"}],"curies":[{"name":"wp","href":"https:\/\/api.w.org\/{rel}","templated":true}]}}