{"id":5767,"date":"2017-01-19T09:32:39","date_gmt":"2017-01-19T09:32:39","guid":{"rendered":"http:\/\/ferrodex.com\/luisferrodexart\/producto\/estrella-fugaz\/"},"modified":"2018-01-14T13:00:29","modified_gmt":"2018-01-14T13:00:29","slug":"estrella-fugaz","status":"publish","type":"product","link":"https:\/\/ferrodex.com\/luisferrodexart\/producto\/estrella-fugaz\/","title":{"rendered":"ESTRELLA FUGAZ"},"content":{"rendered":"<p>Las estrellas fugaces son caballos desbocados en el prado del universo, juguetonas y variopintas sin posibilidad de de llegar a conocernos.<\/p>\n","protected":false},"excerpt":{"rendered":"<p>T\u00e9cnica mixta&nbsp;acr\u00edlico y \u00f3leo sobre lienzo<br \/>\nTama\u00f1o 30cms * 60cms<br \/>\nA\u00f1o 2016<\/p>\n","protected":false},"featured_media":5752,"comment_status":"open","ping_status":"closed","template":"","meta":{"_et_pb_use_builder":"","_et_pb_old_content":"","_et_gb_content_width":"","ngg_post_thumbnail":0},"product_brand":[],"product_cat":[14],"product_tag":[],"class_list":{"0":"post-5767","1":"product","2":"type-product","3":"status-publish","4":"has-post-thumbnail","6":"product_cat-pinturas","8":"first","9":"instock","10":"taxable","11":"shipping-taxable","12":"purchasable","13":"product-type-simple"},"_links":{"self":[{"href":"https:\/\/ferrodex.com\/luisferrodexart\/wp-json\/wp\/v2\/product\/5767","targetHints":{"allow":["GET"]}}],"collection":[{"href":"https:\/\/ferrodex.com\/luisferrodexart\/wp-json\/wp\/v2\/product"}],"about":[{"href":"https:\/\/ferrodex.com\/luisferrodexart\/wp-json\/wp\/v2\/types\/product"}],"replies":[{"embeddable":true,"href":"https:\/\/ferrodex.com\/luisferrodexart\/wp-json\/wp\/v2\/comments?post=5767"}],"wp:featuredmedia":[{"embeddable":true,"href":"https:\/\/ferrodex.com\/luisferrodexart\/wp-json\/wp\/v2\/media\/5752"}],"wp:attachment":[{"href":"https:\/\/ferrodex.com\/luisferrodexart\/wp-json\/wp\/v2\/media?parent=5767"}],"wp:term":[{"taxonomy":"product_brand","embeddable":true,"href":"https:\/\/ferrodex.com\/luisferrodexart\/wp-json\/wp\/v2\/product_brand?post=5767"},{"taxonomy":"product_cat","embeddable":true,"href":"https:\/\/ferrodex.com\/luisferrodexart\/wp-json\/wp\/v2\/product_cat?post=5767"},{"taxonomy":"product_tag","embeddable":true,"href":"https:\/\/ferrodex.com\/luisferrodexart\/wp-json\/wp\/v2\/product_tag?post=5767"}],"curies":[{"name":"wp","href":"https:\/\/api.w.org\/{rel}","templated":true}]}}