{"id":5507,"date":"2017-01-12T17:33:51","date_gmt":"2017-01-12T17:33:51","guid":{"rendered":"http:\/\/ferrodex.com\/luisferrodexart\/producto\/cuadro-1-titulo-copiar-copiar-copiar\/"},"modified":"2018-01-14T13:05:38","modified_gmt":"2018-01-14T13:05:38","slug":"cuadro-1-titulo-copiar-copiar-copiar","status":"publish","type":"product","link":"https:\/\/ferrodex.com\/luisferrodexart\/producto\/cuadro-1-titulo-copiar-copiar-copiar\/","title":{"rendered":"EL TRAP\u00cdO"},"content":{"rendered":"<p>[:es]EL TRAP\u00cdO&nbsp;representa todo lo hermoso que puede tener un toro bravo, desde su f\u00edsico, su pelaje, las hechuras, su forma de correr, su encornadura, su embestida,&#8230; Resalta todo lo sobresaliente de \u00e9l. Un toro con mucho trap\u00edo ser\u00eda aquel que es un compendio de buenas cualidades. Pod\u00eda ser uno de los toros de nuestra ganader\u00eda Santa Emilia.[:en]Acuarela sobre lienza[:]<\/p>\n","protected":false},"excerpt":{"rendered":"<p>T\u00e9cnica mixta. \u00d3leo sobre base de acr\u00edlico sobre&nbsp;Lienzo.<br \/>\nTama\u00f1o de 40cms x 60cms<br \/>\nA\u00f1o 2016<\/p>\n","protected":false},"featured_media":5528,"comment_status":"open","ping_status":"closed","template":"","meta":{"_et_pb_use_builder":"","_et_pb_old_content":"","_et_gb_content_width":"","ngg_post_thumbnail":0},"product_brand":[],"product_cat":[14,25],"product_tag":[],"class_list":{"0":"post-5507","1":"product","2":"type-product","3":"status-publish","4":"has-post-thumbnail","6":"product_cat-pinturas","7":"product_cat-toros","9":"first","10":"instock","11":"shipping-taxable","12":"purchasable","13":"product-type-simple"},"_links":{"self":[{"href":"https:\/\/ferrodex.com\/luisferrodexart\/wp-json\/wp\/v2\/product\/5507","targetHints":{"allow":["GET"]}}],"collection":[{"href":"https:\/\/ferrodex.com\/luisferrodexart\/wp-json\/wp\/v2\/product"}],"about":[{"href":"https:\/\/ferrodex.com\/luisferrodexart\/wp-json\/wp\/v2\/types\/product"}],"replies":[{"embeddable":true,"href":"https:\/\/ferrodex.com\/luisferrodexart\/wp-json\/wp\/v2\/comments?post=5507"}],"wp:featuredmedia":[{"embeddable":true,"href":"https:\/\/ferrodex.com\/luisferrodexart\/wp-json\/wp\/v2\/media\/5528"}],"wp:attachment":[{"href":"https:\/\/ferrodex.com\/luisferrodexart\/wp-json\/wp\/v2\/media?parent=5507"}],"wp:term":[{"taxonomy":"product_brand","embeddable":true,"href":"https:\/\/ferrodex.com\/luisferrodexart\/wp-json\/wp\/v2\/product_brand?post=5507"},{"taxonomy":"product_cat","embeddable":true,"href":"https:\/\/ferrodex.com\/luisferrodexart\/wp-json\/wp\/v2\/product_cat?post=5507"},{"taxonomy":"product_tag","embeddable":true,"href":"https:\/\/ferrodex.com\/luisferrodexart\/wp-json\/wp\/v2\/product_tag?post=5507"}],"curies":[{"name":"wp","href":"https:\/\/api.w.org\/{rel}","templated":true}]}}