{"id":5873,"date":"2017-01-20T06:33:34","date_gmt":"2017-01-20T06:33:34","guid":{"rendered":"http:\/\/ferrodex.com\/luisferrodexart\/?page_id=5873"},"modified":"2017-01-20T10:16:13","modified_gmt":"2017-01-20T10:16:13","slug":"politica-de-cookies","status":"publish","type":"page","link":"https:\/\/ferrodex.com\/luisferrodexart\/politica-de-cookies\/","title":{"rendered":"Pol\u00edtica de Cookies"},"content":{"rendered":"<p>[et_pb_section admin_label=\u00bbsection\u00bb][et_pb_row admin_label=\u00bbrow\u00bb][et_pb_column type=\u00bb4_4&#8243;][et_pb_text admin_label=\u00bbTexto\u00bb background_layout=\u00bblight\u00bb text_orientation=\u00bbleft\u00bb use_border_color=\u00bboff\u00bb border_color=\u00bb#ffffff\u00bb border_style=\u00bbsolid\u00bb]<\/p>\n<p><strong>Pol\u00edtica de cookies<\/strong><\/p>\n<p>Se le informa que esta Web utiliza Cookies que permiten ofrecer nuestros servicios, por lo que si sigue navegando, entendemos que da su consentimiento y acepta el uso que hacemos de las cookies.<\/p>\n<p>1.- Una cookie es un fichero que se descarga en el ordenador\/Smartphone\/Tablet del usuario al acceder a determinadas p\u00e1ginas web.&nbsp;Las cookies permiten a una p\u00e1gina web, entre otras cosas, almacenar y recuperar informaci\u00f3n sobre los h\u00e1bitos de navegaci\u00f3n de un usuario o de su equipo y, dependiendo de la informaci\u00f3n que contengan y de la forma en que utilice su equipo, pueden utilizarse para reconocer al usuario. Para conocer m\u00e1s informaci\u00f3n sobre las cookies, \u201cEXPLOTUR, S.L.\u201d le invita a acceder al siguiente enlace:&nbsp;<a href=\"http:\/\/es.wikipedia.org\/wiki\/Cookie_(inform%C3%A1tica)\">Cookies en Wikipedia<\/a>.<\/p>\n<p>\u201cEXPLOTUR, S.L.\u201d, utiliza en este sitio web las siguientes cookies que se detallan en el cuadro siguiente:<\/p>\n<p>cookies estrictamente necesarias&nbsp;para la prestaci\u00f3n de determinados servicios solicitados expresamente por el usuario: si se desactivan estas cookies, no podr\u00e1 recibir correctamente nuestros contenidos y servicios; y<\/p>\n<p>cookies anal\u00edticas&nbsp;(para el seguimiento y an\u00e1lisis estad\u00edstico del comportamiento del conjunto de los usuarios), publicitarias (para la gesti\u00f3n de los espacios publicitarios en base a criterios como la frecuencia en la que se muestran los anuncios) y comportamentales (para la gesti\u00f3n de los espacios publicitarios seg\u00fan el perfil espec\u00edfico del usuario): si se desactivan estas cookies, el sitio web podr\u00e1 seguir funcionando sin perjuicio de que la informaci\u00f3n captada por estas cookies sobre el uso de nuestra web y sobre el \u00e9xito de los anuncios mostrados en ella permite mejorar nuestros servicios y obtener ingresos que nos permiten ofrecerle de forma gratuita muchos contenidos. Estas cookies son de Google analytics y nos las facilita Google.<\/p>\n<p>utma: Se utiliza para hacer un recuento de cuantas veces visita el sitio un usuario. Caduca a los 2 a\u00f1os. Facilitada por Google<\/p>\n<p>utmz: Se utiliza para saber c\u00f3mo ha llegado un usuario a la web. Caduca a los 6 meses. Facilitada por Google<\/p>\n<p>utmb: Se utiliza para calcular el tiempo que ha estado el usuario en la web para fines estad\u00edsticos. Caduca a los 30 minutos desde el \u00faltimo registro de p\u00e1gina vista.&nbsp;Facilitada por Google<\/p>\n<p>utmc: Se usa para calcular el tiempo que ha estado el usuario en la web para fines estad\u00edsticos. Caduca al finalizar la sesi\u00f3n.&nbsp;Facilitada por Google<\/p>\n<p>BRAINSINS: Estas cookies permiten estudiar el comportamiento del usuario dentro de la p\u00e1gina para facilitar su futura experiencia de compra. Estas cookies nos la facilita Social Gaming Platform SRL.<\/p>\n<p>2.- DESACTIVACI\u00d3N DE COOKIES. El usuario podr\u00e1, en cualquier momento,&nbsp; elegir qu\u00e9 cookies quiere que funcionen en este sitio web mediante:<\/p>\n<p>la configuraci\u00f3n del&nbsp;navegador; por ejemplo:<\/p>\n<p>Chrome, desde&nbsp;<a href=\"http:\/\/support.google.com\/chrome\/bin\/answer.py?hl=es&amp;answer=95647\">http:\/\/support.google.com\/chrome\/bin\/answer.py?hl=es&amp;answer=95647<\/a><\/p>\n<p>Explorer, desde&nbsp;<a href=\"http:\/\/windows.microsoft.com\/es-es\/windows7\/how-to-manage-cookies-in-internet-explorer-9\">http:\/\/windows.microsoft.com\/es-es\/windows7\/how-to-manage-cookies-in-internet-explorer-9<\/a><\/p>\n<p>Firefox, desde&nbsp;<a href=\"http:\/\/support.mozilla.org\/es\/kb\/habilitar-y-deshabilitar-cookies-que-los-sitios-we\">http:\/\/support.mozilla.org\/es\/kb\/habilitar-y-deshabilitar-cookies-que-los-sitios-we<\/a><\/p>\n<p>Safari, desde&nbsp;<a href=\"http:\/\/support.apple.com\/kb\/ph5042\">http:\/\/support.apple.com\/kb\/ph5042<\/a><\/p>\n<p>Opera, desde&nbsp;<a href=\"http:\/\/help.opera.com\/Windows\/11.50\/es-ES\/cookies.html\">http:\/\/help.opera.com\/Windows\/11.50\/es-ES\/cookies.html<\/a><\/p>\n<p>los sistemas de opt-out espec\u00edficos, respecto de la cookie de que se trate (estos sistemas pueden conllevar que se instale en su equipo una cookie \u00abde rechazo\u00bb para que funcione su elecci\u00f3n de desactivaci\u00f3n)<\/p>\n<p>[\/et_pb_text][\/et_pb_column][\/et_pb_row][\/et_pb_section]<\/p>\n","protected":false},"excerpt":{"rendered":"<p>Pol\u00edtica de cookies Se le informa que esta Web utiliza Cookies que permiten ofrecer nuestros servicios, por lo que si sigue navegando, entendemos que da su consentimiento y acepta el uso que hacemos de las cookies. 1.- Una cookie es un fichero que se descarga en el ordenador\/Smartphone\/Tablet del usuario al acceder a determinadas p\u00e1ginas [&hellip;]<\/p>\n","protected":false},"author":1,"featured_media":0,"parent":0,"menu_order":0,"comment_status":"closed","ping_status":"closed","template":"","meta":{"_et_pb_use_builder":"on","_et_pb_old_content":"","_et_gb_content_width":"","ngg_post_thumbnail":0,"footnotes":""},"class_list":["post-5873","page","type-page","status-publish","hentry"],"_links":{"self":[{"href":"https:\/\/ferrodex.com\/luisferrodexart\/wp-json\/wp\/v2\/pages\/5873","targetHints":{"allow":["GET"]}}],"collection":[{"href":"https:\/\/ferrodex.com\/luisferrodexart\/wp-json\/wp\/v2\/pages"}],"about":[{"href":"https:\/\/ferrodex.com\/luisferrodexart\/wp-json\/wp\/v2\/types\/page"}],"author":[{"embeddable":true,"href":"https:\/\/ferrodex.com\/luisferrodexart\/wp-json\/wp\/v2\/users\/1"}],"replies":[{"embeddable":true,"href":"https:\/\/ferrodex.com\/luisferrodexart\/wp-json\/wp\/v2\/comments?post=5873"}],"version-history":[{"count":2,"href":"https:\/\/ferrodex.com\/luisferrodexart\/wp-json\/wp\/v2\/pages\/5873\/revisions"}],"predecessor-version":[{"id":5899,"href":"https:\/\/ferrodex.com\/luisferrodexart\/wp-json\/wp\/v2\/pages\/5873\/revisions\/5899"}],"wp:attachment":[{"href":"https:\/\/ferrodex.com\/luisferrodexart\/wp-json\/wp\/v2\/media?parent=5873"}],"curies":[{"name":"wp","href":"https:\/\/api.w.org\/{rel}","templated":true}]}}