{"id":5366,"date":"2017-01-12T07:03:29","date_gmt":"2017-01-12T07:03:29","guid":{"rendered":"http:\/\/ferrodex.com\/luisferrodexart\/?page_id=5366"},"modified":"2021-05-11T16:30:13","modified_gmt":"2021-05-11T16:30:13","slug":"escultura","status":"publish","type":"page","link":"https:\/\/ferrodex.com\/luisferrodexart\/escultura\/","title":{"rendered":"Escultura"},"content":{"rendered":"<p>[et_pb_section fb_built=\u00bb1&#8243; custom_padding_last_edited=\u00bbon|desktop\u00bb admin_label=\u00bbSection\u00bb _builder_version=\u00bb3.22&#8243; background_color=\u00bb#f9f9f9&#8243; custom_padding_tablet=\u00bb50px|0|50px|0&#8243; custom_padding_phone=\u00bb\u00bb transparent_background=\u00bboff\u00bb padding_mobile=\u00bboff\u00bb make_fullwidth=\u00bboff\u00bb use_custom_width=\u00bboff\u00bb width_unit=\u00bbon\u00bb][et_pb_row padding_mobile=\u00bbon\u00bb column_padding_mobile=\u00bbon\u00bb admin_label=\u00bbRow\u00bb _builder_version=\u00bb3.25&#8243; background_size=\u00bbinitial\u00bb background_position=\u00bbtop_left\u00bb background_repeat=\u00bbrepeat\u00bb custom_padding=\u00bb68px|||\u00bb make_fullwidth=\u00bboff\u00bb use_custom_width=\u00bboff\u00bb width_unit=\u00bbon\u00bb][et_pb_column type=\u00bb4_4&#8243; _builder_version=\u00bb3.25&#8243; custom_padding=\u00bb|||\u00bb custom_padding__hover=\u00bb|||\u00bb][et_pb_text admin_label=\u00bbText\u00bb _builder_version=\u00bb3.27.4&#8243; text_font=\u00bbMontserrat|on|||\u00bb text_text_color=\u00bb#454545&#8243; text_font_size=\u00bb48&#8243; text_line_height=\u00bb1.2em\u00bb background_size=\u00bbinitial\u00bb background_position=\u00bbtop_left\u00bb background_repeat=\u00bbrepeat\u00bb text_orientation=\u00bbcenter\u00bb module_alignment=\u00bbcenter\u00bb custom_margin=\u00bb||0px|\u00bb text_font_size_tablet=\u00bb36&#8243; text_font_size_phone=\u00bb\u00bb text_font_size_last_edited=\u00bbon|tablet\u00bb use_border_color=\u00bboff\u00bb border_color=\u00bb#ffffff\u00bb border_style=\u00bbsolid\u00bb]mis esculturas<br \/>\n[\/et_pb_text][et_pb_text admin_label=\u00bbText\u00bb _builder_version=\u00bb3.27.4&#8243; text_font=\u00bbPT Serif||||\u00bb text_text_color=\u00bb#888888&#8243; text_font_size=\u00bb24&#8243; text_line_height=\u00bb1.4em\u00bb background_size=\u00bbinitial\u00bb background_position=\u00bbtop_left\u00bb background_repeat=\u00bbrepeat\u00bb text_orientation=\u00bbcenter\u00bb max_width=\u00bb620px\u00bb module_alignment=\u00bbcenter\u00bb custom_margin=\u00bb10px|||\u00bb use_border_color=\u00bboff\u00bb border_color=\u00bb#ffffff\u00bb border_style=\u00bbsolid\u00bb]<\/p>\n<h4 style=\"text-align: center;\"><span style=\"color: #808080;\">Si est\u00e1s interesado en cualquiera de las obras aqu\u00ed expuestas,<br \/>\npor favor pulsa sobre la misma <\/span><br \/>\n<span style=\"color: #808080;\"> y ver\u00e1s sus detalles&nbsp;t\u00e9cnicos, su precio y m\u00e1s im\u00e1genes&nbsp;de la obra. <\/span><br \/>\n<span style=\"color: #808080;\"> O bien ponte en contacto conmigo si tienes alg\u00fan tipo de consulta.<\/span><\/h4>\n<p>[\/et_pb_text][et_pb_shop type=\u00bbproduct_category\u00bb posts_number=\u00bb100&#8243; include_categories=\u00bb15&#8243; _builder_version=\u00bb4.8.2&#8243; _module_preset=\u00bbdefault\u00bb hover_enabled=\u00bb0&#8243; locked=\u00bboff\u00bb orderby=\u00bbmenu_order\u00bb sticky_enabled=\u00bb0&#8243;][\/et_pb_shop][\/et_pb_column][\/et_pb_row][\/et_pb_section]<\/p>\n","protected":false},"excerpt":{"rendered":"<p>mis esculturas Si est\u00e1s interesado en cualquiera de las obras aqu\u00ed expuestas, por favor pulsa sobre la misma y ver\u00e1s sus detalles&nbsp;t\u00e9cnicos, su precio y m\u00e1s im\u00e1genes&nbsp;de la obra. O bien ponte en contacto conmigo si tienes alg\u00fan tipo de consulta.<\/p>\n","protected":false},"author":1,"featured_media":0,"parent":0,"menu_order":5,"comment_status":"closed","ping_status":"closed","template":"","meta":{"_et_pb_use_builder":"on","_et_pb_old_content":"","_et_gb_content_width":"","ngg_post_thumbnail":0,"footnotes":""},"class_list":["post-5366","page","type-page","status-publish","hentry"],"_links":{"self":[{"href":"https:\/\/ferrodex.com\/luisferrodexart\/wp-json\/wp\/v2\/pages\/5366","targetHints":{"allow":["GET"]}}],"collection":[{"href":"https:\/\/ferrodex.com\/luisferrodexart\/wp-json\/wp\/v2\/pages"}],"about":[{"href":"https:\/\/ferrodex.com\/luisferrodexart\/wp-json\/wp\/v2\/types\/page"}],"author":[{"embeddable":true,"href":"https:\/\/ferrodex.com\/luisferrodexart\/wp-json\/wp\/v2\/users\/1"}],"replies":[{"embeddable":true,"href":"https:\/\/ferrodex.com\/luisferrodexart\/wp-json\/wp\/v2\/comments?post=5366"}],"version-history":[{"count":21,"href":"https:\/\/ferrodex.com\/luisferrodexart\/wp-json\/wp\/v2\/pages\/5366\/revisions"}],"predecessor-version":[{"id":8147,"href":"https:\/\/ferrodex.com\/luisferrodexart\/wp-json\/wp\/v2\/pages\/5366\/revisions\/8147"}],"wp:attachment":[{"href":"https:\/\/ferrodex.com\/luisferrodexart\/wp-json\/wp\/v2\/media?parent=5366"}],"curies":[{"name":"wp","href":"https:\/\/api.w.org\/{rel}","templated":true}]}}